{"id":9989,"date":"2025-11-10T17:57:46","date_gmt":"2025-11-10T20:57:46","guid":{"rendered":"https:\/\/revistaferreteros.com.ar\/?post_type=product&#038;p=9989"},"modified":"2025-11-10T18:00:47","modified_gmt":"2025-11-10T21:00:47","slug":"foxtter-mascaras-fotosensibles-nova-616g-por909","status":"publish","type":"product","link":"https:\/\/revistaferreteros.com.ar\/en\/shop\/categorias\/herramientas\/foxtter-mascaras-fotosensibles-nova-616g-por909\/","title":{"rendered":"Foxtter -M\u00c1SCARAS FOTOSENSIBLES NOVA 616G POR909"},"content":{"rendered":"<p>Foxtter es sin\u00f3nimo de potencia, precisi\u00f3n y durabilidad. Nos especializamos en el desarrollo y comercializaci\u00f3n de herramientas dise\u00f1adas para satisfacer las necesidades de los profesionales m\u00e1s exigentes del rubro industrial, metal\u00fargico y de la construcci\u00f3n. Nuestro cat\u00e1logo incluye lustrapulidoras de alto rendimiento, amoladoras, electrosierras, \u00e1ngulos magn\u00e9ticos y otros e quipos esenciales para el trabajo pesado.<\/p>\n<h3><a title=\"CATALOGO FOXTTER\" href=\"https:\/\/revistaferreteros.com.ar\/empresas\/foxtter\/\" target=\"_blank\" rel=\"noopener\" data-schema-attribute=\"about\">VISITA EL CATALOGO DE FOXTTER<\/a><\/h3>\n<h4><\/h4>\n<p>&nbsp;<\/p>\n<h4><\/h4>\n<p>&nbsp;<\/p>\n<h4><strong>\u00bfQuieres adquirir este producto?<\/strong><\/h4>\n<p>&nbsp;<\/p>","protected":false},"excerpt":{"rendered":"<p>\u2022 Medida de Cartucho: 110x90x9mm.<br \/>\n\u2022 \u00c1rea de Visi\u00f3n: 100x45mm.<br \/>\n\u2022 Sensores: 4.<br \/>\n\u2022 Variable de Oscurecimiento: Din 4-9\/13.<br \/>\n\u2022 Amolado: Si.<br \/>\n\u2022 Sensibilidad: Variable.<br \/>\n\u2022 Tiempo de oscurecimiento: 1\/30000S<br \/>\n\u2022 Protecci\u00f3n UV\/IR: DIN 16<br \/>\n\u2022 Temperatura: -10\u00baC\/+60\u00baC<br \/>\n\u2022 Garant\u00eda: 6 Meses.<\/p>","protected":false},"featured_media":8701,"comment_status":"open","ping_status":"closed","template":"","meta":{"_eb_attr":"","_mi_skip_tracking":false,"_monsterinsights_sitenote_active":false,"_monsterinsights_sitenote_note":"","_monsterinsights_sitenote_category":0,"site-sidebar-layout":"default","site-content-layout":"default","ast-site-content-layout":"default","site-content-style":"default","site-sidebar-style":"default","ast-global-header-display":"","ast-banner-title-visibility":"","ast-main-header-display":"","ast-hfb-above-header-display":"","ast-hfb-below-header-display":"","ast-hfb-mobile-header-display":"","site-post-title":"","ast-breadcrumbs-content":"","ast-featured-img":"","footer-sml-layout":"","ast-disable-related-posts":"","theme-transparent-header-meta":"default","adv-header-id-meta":"","stick-header-meta":"","header-above-stick-meta":"","header-main-stick-meta":"","header-below-stick-meta":"","astra-migrate-meta-layouts":"set","ast-page-background-enabled":"default","ast-page-background-meta":{"desktop":{"background-color":"var(--ast-global-color-4)","background-image":"","background-repeat":"repeat","background-position":"center center","background-size":"auto","background-attachment":"scroll","background-type":"","background-media":"","overlay-type":"","overlay-color":"","overlay-opacity":"","overlay-gradient":""},"tablet":{"background-color":"","background-image":"","background-repeat":"repeat","background-position":"center center","background-size":"auto","background-attachment":"scroll","background-type":"","background-media":"","overlay-type":"","overlay-color":"","overlay-opacity":"","overlay-gradient":""},"mobile":{"background-color":"","background-image":"","background-repeat":"repeat","background-position":"center center","background-size":"auto","background-attachment":"scroll","background-type":"","background-media":"","overlay-type":"","overlay-color":"","overlay-opacity":"","overlay-gradient":""}},"ast-content-background-meta":{"desktop":{"background-color":"var(--ast-global-color-5)","background-image":"","background-repeat":"repeat","background-position":"center center","background-size":"auto","background-attachment":"scroll","background-type":"","background-media":"","overlay-type":"","overlay-color":"","overlay-opacity":"","overlay-gradient":""},"tablet":{"background-color":"var(--ast-global-color-5)","background-image":"","background-repeat":"repeat","background-position":"center center","background-size":"auto","background-attachment":"scroll","background-type":"","background-media":"","overlay-type":"","overlay-color":"","overlay-opacity":"","overlay-gradient":""},"mobile":{"background-color":"var(--ast-global-color-5)","background-image":"","background-repeat":"repeat","background-position":"center center","background-size":"auto","background-attachment":"scroll","background-type":"","background-media":"","overlay-type":"","overlay-color":"","overlay-opacity":"","overlay-gradient":""}}},"product_brand":[],"product_cat":[19,786,26],"product_tag":[716,602],"class_list":{"0":"post-9989","1":"product","2":"type-product","3":"status-publish","4":"has-post-thumbnail","6":"product_cat-categorias","7":"product_cat-foxtter-categorias","8":"product_cat-herramientas","9":"product_tag-foxtter","10":"product_tag-herramientas","11":"desktop-align-left","12":"tablet-align-left","13":"mobile-align-left","14":"ast-product-gallery-layout-horizontal-slider","15":"ast-product-gallery-with-no-image","16":"ast-product-tabs-layout-horizontal","18":"first","19":"instock","20":"product-type-external"},"_links":{"self":[{"href":"https:\/\/revistaferreteros.com.ar\/en\/wp-json\/wp\/v2\/product\/9989","targetHints":{"allow":["GET"]}}],"collection":[{"href":"https:\/\/revistaferreteros.com.ar\/en\/wp-json\/wp\/v2\/product"}],"about":[{"href":"https:\/\/revistaferreteros.com.ar\/en\/wp-json\/wp\/v2\/types\/product"}],"replies":[{"embeddable":true,"href":"https:\/\/revistaferreteros.com.ar\/en\/wp-json\/wp\/v2\/comments?post=9989"}],"version-history":[{"count":1,"href":"https:\/\/revistaferreteros.com.ar\/en\/wp-json\/wp\/v2\/product\/9989\/revisions"}],"predecessor-version":[{"id":10001,"href":"https:\/\/revistaferreteros.com.ar\/en\/wp-json\/wp\/v2\/product\/9989\/revisions\/10001"}],"wp:featuredmedia":[{"embeddable":true,"href":"https:\/\/revistaferreteros.com.ar\/en\/wp-json\/wp\/v2\/media\/8701"}],"wp:attachment":[{"href":"https:\/\/revistaferreteros.com.ar\/en\/wp-json\/wp\/v2\/media?parent=9989"}],"wp:term":[{"taxonomy":"product_brand","embeddable":true,"href":"https:\/\/revistaferreteros.com.ar\/en\/wp-json\/wp\/v2\/product_brand?post=9989"},{"taxonomy":"product_cat","embeddable":true,"href":"https:\/\/revistaferreteros.com.ar\/en\/wp-json\/wp\/v2\/product_cat?post=9989"},{"taxonomy":"product_tag","embeddable":true,"href":"https:\/\/revistaferreteros.com.ar\/en\/wp-json\/wp\/v2\/product_tag?post=9989"}],"curies":[{"name":"wp","href":"https:\/\/api.w.org\/{rel}","templated":true}]}}