{"id":8616,"date":"2025-04-27T20:42:28","date_gmt":"2025-04-27T23:42:28","guid":{"rendered":"https:\/\/revistaferreteros.com.ar\/?post_type=product&#038;p=8616"},"modified":"2025-04-27T20:57:32","modified_gmt":"2025-04-27T23:57:32","slug":"sin-par-fresas-de-metal-duro-integral","status":"publish","type":"product","link":"https:\/\/revistaferreteros.com.ar\/en\/shop\/categorias\/ferreteria\/sin-par-fresas-de-metal-duro-integral\/","title":{"rendered":"SIN PAR &#8211; Fresas de metal duro integral"},"content":{"rendered":"<p>Ofrecemos servicio de REAFILADO DE FRESAS DE METAL DURO INTEGRAL. Tambi\u00e9n desarrollamos fresas especiales a pedido.<\/p>","protected":false},"excerpt":{"rendered":"<p>Variedad de modelos y alternativas:<br \/>\nFresas planas, planas antivibratorias, planas h\u00e9lice variable, planas combinadas, planas para contorneado, esf\u00e9ricas, esf\u00e9ricas para copiado, t\u00f3ricas, de radio c\u00f3ncavo, para achaflanado, para router upcut, para router downcut, para router h\u00e9lices opuesta, de canales rectos, para copiado Superfinish, para grabado, microfresas, microfresa descarga &#8220;R&#8221; y para perfil circular.<\/p>\n<p>-Sectores industriales (consultar seg\u00fan el modelo): Industria automotriz, Industria metal\u00fargica, Industria sider\u00fargica, Industria maderera.<\/p>\n<p>&nbsp;<\/p>\n<h4><a title=\"TOTAL HERRAMIENTAS\" href=\"https:\/\/revistaferreteros.com.ar\/empresas\/sin-par\" target=\"_blank\" rel=\"noopener\">VISITA EL CATALOGO DE SIN PAR<\/a><\/h4>\n<h4><\/h4>\n<h4><strong>\u00bfQuieres adquirir este producto?<\/strong><\/h4>\n<h5><strong>\u00a0 <\/strong><\/h5>\n<h5><strong>\u00a0Sigue el link de la empresa:<\/strong><\/h5>","protected":false},"featured_media":8599,"comment_status":"closed","ping_status":"closed","template":"","meta":{"_eb_attr":"","_mi_skip_tracking":false,"_monsterinsights_sitenote_active":false,"_monsterinsights_sitenote_note":"","_monsterinsights_sitenote_category":0,"site-sidebar-layout":"default","site-content-layout":"default","ast-site-content-layout":"default","site-content-style":"default","site-sidebar-style":"default","ast-global-header-display":"","ast-banner-title-visibility":"","ast-main-header-display":"","ast-hfb-above-header-display":"","ast-hfb-below-header-display":"","ast-hfb-mobile-header-display":"","site-post-title":"","ast-breadcrumbs-content":"","ast-featured-img":"","footer-sml-layout":"","ast-disable-related-posts":"","theme-transparent-header-meta":"default","adv-header-id-meta":"","stick-header-meta":"","header-above-stick-meta":"","header-main-stick-meta":"","header-below-stick-meta":"","astra-migrate-meta-layouts":"set","ast-page-background-enabled":"default","ast-page-background-meta":{"desktop":{"background-color":"var(--ast-global-color-4)","background-image":"","background-repeat":"repeat","background-position":"center center","background-size":"auto","background-attachment":"scroll","background-type":"","background-media":"","overlay-type":"","overlay-color":"","overlay-opacity":"","overlay-gradient":""},"tablet":{"background-color":"","background-image":"","background-repeat":"repeat","background-position":"center center","background-size":"auto","background-attachment":"scroll","background-type":"","background-media":"","overlay-type":"","overlay-color":"","overlay-opacity":"","overlay-gradient":""},"mobile":{"background-color":"","background-image":"","background-repeat":"repeat","background-position":"center center","background-size":"auto","background-attachment":"scroll","background-type":"","background-media":"","overlay-type":"","overlay-color":"","overlay-opacity":"","overlay-gradient":""}},"ast-content-background-meta":{"desktop":{"background-color":"var(--ast-global-color-5)","background-image":"","background-repeat":"repeat","background-position":"center center","background-size":"auto","background-attachment":"scroll","background-type":"","background-media":"","overlay-type":"","overlay-color":"","overlay-opacity":"","overlay-gradient":""},"tablet":{"background-color":"var(--ast-global-color-5)","background-image":"","background-repeat":"repeat","background-position":"center center","background-size":"auto","background-attachment":"scroll","background-type":"","background-media":"","overlay-type":"","overlay-color":"","overlay-opacity":"","overlay-gradient":""},"mobile":{"background-color":"var(--ast-global-color-5)","background-image":"","background-repeat":"repeat","background-position":"center center","background-size":"auto","background-attachment":"scroll","background-type":"","background-media":"","overlay-type":"","overlay-color":"","overlay-opacity":"","overlay-gradient":""}}},"product_brand":[],"product_cat":[19,24,713],"product_tag":[198,714],"class_list":{"0":"post-8616","1":"product","2":"type-product","3":"status-publish","4":"has-post-thumbnail","6":"product_cat-categorias","7":"product_cat-ferreteria","8":"product_cat-sinpar","9":"product_tag-ferreteria","10":"product_tag-sin-par","11":"desktop-align-left","12":"tablet-align-left","13":"mobile-align-left","14":"ast-product-gallery-layout-horizontal-slider","15":"ast-product-gallery-with-no-image","16":"ast-product-tabs-layout-horizontal","18":"first","19":"instock","20":"product-type-external"},"_links":{"self":[{"href":"https:\/\/revistaferreteros.com.ar\/en\/wp-json\/wp\/v2\/product\/8616","targetHints":{"allow":["GET"]}}],"collection":[{"href":"https:\/\/revistaferreteros.com.ar\/en\/wp-json\/wp\/v2\/product"}],"about":[{"href":"https:\/\/revistaferreteros.com.ar\/en\/wp-json\/wp\/v2\/types\/product"}],"replies":[{"embeddable":true,"href":"https:\/\/revistaferreteros.com.ar\/en\/wp-json\/wp\/v2\/comments?post=8616"}],"version-history":[{"count":3,"href":"https:\/\/revistaferreteros.com.ar\/en\/wp-json\/wp\/v2\/product\/8616\/revisions"}],"predecessor-version":[{"id":8645,"href":"https:\/\/revistaferreteros.com.ar\/en\/wp-json\/wp\/v2\/product\/8616\/revisions\/8645"}],"wp:featuredmedia":[{"embeddable":true,"href":"https:\/\/revistaferreteros.com.ar\/en\/wp-json\/wp\/v2\/media\/8599"}],"wp:attachment":[{"href":"https:\/\/revistaferreteros.com.ar\/en\/wp-json\/wp\/v2\/media?parent=8616"}],"wp:term":[{"taxonomy":"product_brand","embeddable":true,"href":"https:\/\/revistaferreteros.com.ar\/en\/wp-json\/wp\/v2\/product_brand?post=8616"},{"taxonomy":"product_cat","embeddable":true,"href":"https:\/\/revistaferreteros.com.ar\/en\/wp-json\/wp\/v2\/product_cat?post=8616"},{"taxonomy":"product_tag","embeddable":true,"href":"https:\/\/revistaferreteros.com.ar\/en\/wp-json\/wp\/v2\/product_tag?post=8616"}],"curies":[{"name":"wp","href":"https:\/\/api.w.org\/{rel}","templated":true}]}}