{"id":8614,"date":"2025-04-27T20:42:28","date_gmt":"2025-04-27T23:42:28","guid":{"rendered":"https:\/\/revistaferreteros.com.ar\/?post_type=product&#038;p=8614"},"modified":"2025-04-27T20:55:23","modified_gmt":"2025-04-27T23:55:23","slug":"sin-par-discos-diamantados","status":"publish","type":"product","link":"https:\/\/revistaferreteros.com.ar\/en\/shop\/categorias\/ferreteria\/sin-par-discos-diamantados\/","title":{"rendered":"SIN PAR &#8211; Discos diamantados"},"content":{"rendered":"<p>Revise siempre el disco antes de instalarlo en la m\u00e1quina.<br \/>\n\u0095 Verifique la compatibilidad del disco con la herramienta de corte.<br \/>\n\u0095 Ten cuidado en cada paso del montaje del disco.<br \/>\n\u0095 Aseg\u00farese de que la superficie sobre donde utilice el disco est\u00e9 sujeta o sea firme.<br \/>\n\u0095 Use el disco en el \u00e1ngulo correcto.<\/p>","protected":false},"excerpt":{"rendered":"<p>Los discos diamantados SIN PAR est\u00e1n fabricados con una mayor capa abrasiva y un cuerpo de acero de alta calidad, asegurando un mejor<br \/>\nrendimiento y durabilidad. Al contar con diamantes en el interior de la aleaci\u00f3n, se extiende la vida \u00fatil de cada disco adem\u00e1s de permitir un corte r\u00e1pido y balanceado con<br \/>\nuna excelente calidad en el acabado.<\/p>\n<p>&nbsp;<\/p>\n<p>Principales beneficios:<br \/>\n&#8211; SEGMENTOS SOLDADOS POR L\u00c1SER.<br \/>\n&#8211; AVANZADO SISTEMA DE BANDA DIAMANTADA.<br \/>\n&#8211; \u00d3PTIMO DESEMPE\u00d1O EN EL CORTE.<br \/>\n&#8211; NO FRACTURA EL MATERIAL.<\/p>\n<p>Variedades disponibles:<br \/>\n&#8211; Continuo: \u00d8115 x 5 x 22,22 mm y \u00d8180 x 10 x 22,22 mm<br \/>\n&#8211; Segmentado: \u00d8115 x 8 x 22,22 mm y \u00d8180 x 8 x 22,22 mm<br \/>\n&#8211; Turbo fino: \u00d8115 x 8 x 22,22 mm y \u00d8180 x 8 x 22,22 mm<br \/>\n&#8211; Turbo: \u00d8115 x 8 x 22,22 mm y \u00d8180 x 10 x 22,22 mm<\/p>\n<p>&#8211; Sectores industriales: Ferreter\u00eda, Industria automotriz, Industria metal\u00fargica, Construcci\u00f3n.<\/p>\n<p>Honeycomb 2 en 1: \u00d8125 x 25 x 22,22 mm<\/p>\n<p>&#8211; Sectores industriales: Ferreter\u00eda, Construcci\u00f3n.<\/p>\n<h4><a title=\"TOTAL HERRAMIENTAS\" href=\"https:\/\/revistaferreteros.com.ar\/empresas\/sin-par\" target=\"_blank\" rel=\"noopener\">VISITA EL CATALOGO DE SIN PAR<\/a><\/h4>\n<h4><\/h4>\n<h4><strong>\u00bfQuieres adquirir este producto?<\/strong><\/h4>\n<h5><strong>\u00a0 <\/strong><\/h5>\n<h5><strong>\u00a0Sigue el link de la empresa:<\/strong><\/h5>","protected":false},"featured_media":8597,"comment_status":"closed","ping_status":"closed","template":"","meta":{"_eb_attr":"","_mi_skip_tracking":false,"_monsterinsights_sitenote_active":false,"_monsterinsights_sitenote_note":"","_monsterinsights_sitenote_category":0,"site-sidebar-layout":"default","site-content-layout":"default","ast-site-content-layout":"default","site-content-style":"default","site-sidebar-style":"default","ast-global-header-display":"","ast-banner-title-visibility":"","ast-main-header-display":"","ast-hfb-above-header-display":"","ast-hfb-below-header-display":"","ast-hfb-mobile-header-display":"","site-post-title":"","ast-breadcrumbs-content":"","ast-featured-img":"","footer-sml-layout":"","ast-disable-related-posts":"","theme-transparent-header-meta":"default","adv-header-id-meta":"","stick-header-meta":"","header-above-stick-meta":"","header-main-stick-meta":"","header-below-stick-meta":"","astra-migrate-meta-layouts":"set","ast-page-background-enabled":"default","ast-page-background-meta":{"desktop":{"background-color":"var(--ast-global-color-4)","background-image":"","background-repeat":"repeat","background-position":"center center","background-size":"auto","background-attachment":"scroll","background-type":"","background-media":"","overlay-type":"","overlay-color":"","overlay-opacity":"","overlay-gradient":""},"tablet":{"background-color":"","background-image":"","background-repeat":"repeat","background-position":"center center","background-size":"auto","background-attachment":"scroll","background-type":"","background-media":"","overlay-type":"","overlay-color":"","overlay-opacity":"","overlay-gradient":""},"mobile":{"background-color":"","background-image":"","background-repeat":"repeat","background-position":"center center","background-size":"auto","background-attachment":"scroll","background-type":"","background-media":"","overlay-type":"","overlay-color":"","overlay-opacity":"","overlay-gradient":""}},"ast-content-background-meta":{"desktop":{"background-color":"var(--ast-global-color-5)","background-image":"","background-repeat":"repeat","background-position":"center center","background-size":"auto","background-attachment":"scroll","background-type":"","background-media":"","overlay-type":"","overlay-color":"","overlay-opacity":"","overlay-gradient":""},"tablet":{"background-color":"var(--ast-global-color-5)","background-image":"","background-repeat":"repeat","background-position":"center center","background-size":"auto","background-attachment":"scroll","background-type":"","background-media":"","overlay-type":"","overlay-color":"","overlay-opacity":"","overlay-gradient":""},"mobile":{"background-color":"var(--ast-global-color-5)","background-image":"","background-repeat":"repeat","background-position":"center center","background-size":"auto","background-attachment":"scroll","background-type":"","background-media":"","overlay-type":"","overlay-color":"","overlay-opacity":"","overlay-gradient":""}}},"product_brand":[],"product_cat":[24,19,713],"product_tag":[198],"class_list":{"0":"post-8614","1":"product","2":"type-product","3":"status-publish","4":"has-post-thumbnail","6":"product_cat-ferreteria","7":"product_cat-categorias","8":"product_cat-sinpar","9":"product_tag-ferreteria","10":"desktop-align-left","11":"tablet-align-left","12":"mobile-align-left","13":"ast-product-gallery-layout-horizontal-slider","14":"ast-product-gallery-with-no-image","15":"ast-product-tabs-layout-horizontal","17":"first","18":"instock","19":"product-type-external"},"_links":{"self":[{"href":"https:\/\/revistaferreteros.com.ar\/en\/wp-json\/wp\/v2\/product\/8614","targetHints":{"allow":["GET"]}}],"collection":[{"href":"https:\/\/revistaferreteros.com.ar\/en\/wp-json\/wp\/v2\/product"}],"about":[{"href":"https:\/\/revistaferreteros.com.ar\/en\/wp-json\/wp\/v2\/types\/product"}],"replies":[{"embeddable":true,"href":"https:\/\/revistaferreteros.com.ar\/en\/wp-json\/wp\/v2\/comments?post=8614"}],"version-history":[{"count":6,"href":"https:\/\/revistaferreteros.com.ar\/en\/wp-json\/wp\/v2\/product\/8614\/revisions"}],"predecessor-version":[{"id":8634,"href":"https:\/\/revistaferreteros.com.ar\/en\/wp-json\/wp\/v2\/product\/8614\/revisions\/8634"}],"wp:featuredmedia":[{"embeddable":true,"href":"https:\/\/revistaferreteros.com.ar\/en\/wp-json\/wp\/v2\/media\/8597"}],"wp:attachment":[{"href":"https:\/\/revistaferreteros.com.ar\/en\/wp-json\/wp\/v2\/media?parent=8614"}],"wp:term":[{"taxonomy":"product_brand","embeddable":true,"href":"https:\/\/revistaferreteros.com.ar\/en\/wp-json\/wp\/v2\/product_brand?post=8614"},{"taxonomy":"product_cat","embeddable":true,"href":"https:\/\/revistaferreteros.com.ar\/en\/wp-json\/wp\/v2\/product_cat?post=8614"},{"taxonomy":"product_tag","embeddable":true,"href":"https:\/\/revistaferreteros.com.ar\/en\/wp-json\/wp\/v2\/product_tag?post=8614"}],"curies":[{"name":"wp","href":"https:\/\/api.w.org\/{rel}","templated":true}]}}