{"id":8292,"date":"2025-02-10T16:43:51","date_gmt":"2025-02-10T19:43:51","guid":{"rendered":"https:\/\/revistaferreteros.com.ar\/?post_type=product&#038;p=8292"},"modified":"2025-04-27T15:53:59","modified_gmt":"2025-04-27T18:53:59","slug":"tromen-p16000-insertable","status":"publish","type":"product","link":"https:\/\/revistaferreteros.com.ar\/en\/shop\/categorias\/aire-libre-jardin\/tromen-p16000-insertable\/","title":{"rendered":"Tromen &#8211; P16000 INSERTABLE"},"content":{"rendered":"<p>* Potencia 16000 Kcal\/h. * Ambiente a climatizar hasta 130 mt2 * Largo m\u00e1ximo de la le\u00f1a 65 cm<br \/>\n* Di\u00e1metro de la salida de humo 6&#8243;<br \/>\n* 2 derivadores de calor posterior<br \/>\n* Interior recubierto de ladrillo refractario<br \/>\n* Regulador de temperatura * Dimensiones ANCHO 77.7 cm ALTO 62.4 cm<br \/>\nPROFUNDIDAD 42.6 cm PESO 80 kg<\/p>","protected":false},"excerpt":{"rendered":"<p>Calefactor a le\u00f1a P16000 INSERTABLE, combina funcionalidad y estilo. Ofrece una soluci\u00f3n de calefacci\u00f3n integrada que optimiza los espacios existentes en el hogar<\/p>\n<p>&nbsp;<\/p>\n<p>&nbsp;<\/p>\n<p>&nbsp;<\/p>\n<p>&nbsp;<\/p>\n<h4><a title=\"catalogo tromen\" href=\"https:\/\/revistaferreteros.com.ar\/empresas\/tromen\/\" target=\"_blank\" rel=\"noopener\">VISITA EL CATALOGO DE TROMEN<\/a><\/h4>\n<h4><\/h4>\n<p>&nbsp;<\/p>\n<h4><strong>\u00bfQuieres adquirir este producto?<\/strong><\/h4>\n<p>&nbsp;<\/p>\n<p>&nbsp;<\/p>\n<h4><strong>Sigue el link de la empresa:<\/strong><\/h4>","protected":false},"featured_media":8285,"comment_status":"closed","ping_status":"closed","template":"","meta":{"_eb_attr":"","_mi_skip_tracking":false,"_monsterinsights_sitenote_active":false,"_monsterinsights_sitenote_note":"","_monsterinsights_sitenote_category":0,"site-sidebar-layout":"default","site-content-layout":"default","ast-site-content-layout":"default","site-content-style":"default","site-sidebar-style":"default","ast-global-header-display":"","ast-banner-title-visibility":"","ast-main-header-display":"","ast-hfb-above-header-display":"","ast-hfb-below-header-display":"","ast-hfb-mobile-header-display":"","site-post-title":"","ast-breadcrumbs-content":"","ast-featured-img":"","footer-sml-layout":"","ast-disable-related-posts":"","theme-transparent-header-meta":"default","adv-header-id-meta":"","stick-header-meta":"","header-above-stick-meta":"","header-main-stick-meta":"","header-below-stick-meta":"","astra-migrate-meta-layouts":"set","ast-page-background-enabled":"default","ast-page-background-meta":{"desktop":{"background-color":"var(--ast-global-color-4)","background-image":"","background-repeat":"repeat","background-position":"center center","background-size":"auto","background-attachment":"scroll","background-type":"","background-media":"","overlay-type":"","overlay-color":"","overlay-opacity":"","overlay-gradient":""},"tablet":{"background-color":"","background-image":"","background-repeat":"repeat","background-position":"center center","background-size":"auto","background-attachment":"scroll","background-type":"","background-media":"","overlay-type":"","overlay-color":"","overlay-opacity":"","overlay-gradient":""},"mobile":{"background-color":"","background-image":"","background-repeat":"repeat","background-position":"center center","background-size":"auto","background-attachment":"scroll","background-type":"","background-media":"","overlay-type":"","overlay-color":"","overlay-opacity":"","overlay-gradient":""}},"ast-content-background-meta":{"desktop":{"background-color":"var(--ast-global-color-5)","background-image":"","background-repeat":"repeat","background-position":"center center","background-size":"auto","background-attachment":"scroll","background-type":"","background-media":"","overlay-type":"","overlay-color":"","overlay-opacity":"","overlay-gradient":""},"tablet":{"background-color":"var(--ast-global-color-5)","background-image":"","background-repeat":"repeat","background-position":"center center","background-size":"auto","background-attachment":"scroll","background-type":"","background-media":"","overlay-type":"","overlay-color":"","overlay-opacity":"","overlay-gradient":""},"mobile":{"background-color":"var(--ast-global-color-5)","background-image":"","background-repeat":"repeat","background-position":"center center","background-size":"auto","background-attachment":"scroll","background-type":"","background-media":"","overlay-type":"","overlay-color":"","overlay-opacity":"","overlay-gradient":""}}},"product_brand":[],"product_cat":[20,19,693],"product_tag":[695,682,680],"class_list":{"0":"post-8292","1":"product","2":"type-product","3":"status-publish","4":"has-post-thumbnail","6":"product_cat-aire-libre-jardin","7":"product_cat-categorias","8":"product_cat-tromen","9":"product_tag-calefactor","10":"product_tag-p1600","11":"product_tag-tromen","12":"desktop-align-left","13":"tablet-align-left","14":"mobile-align-left","15":"ast-product-gallery-layout-horizontal-slider","16":"ast-product-gallery-with-no-image","17":"ast-product-tabs-layout-horizontal","19":"first","20":"instock","21":"product-type-external"},"_links":{"self":[{"href":"https:\/\/revistaferreteros.com.ar\/en\/wp-json\/wp\/v2\/product\/8292","targetHints":{"allow":["GET"]}}],"collection":[{"href":"https:\/\/revistaferreteros.com.ar\/en\/wp-json\/wp\/v2\/product"}],"about":[{"href":"https:\/\/revistaferreteros.com.ar\/en\/wp-json\/wp\/v2\/types\/product"}],"replies":[{"embeddable":true,"href":"https:\/\/revistaferreteros.com.ar\/en\/wp-json\/wp\/v2\/comments?post=8292"}],"version-history":[{"count":3,"href":"https:\/\/revistaferreteros.com.ar\/en\/wp-json\/wp\/v2\/product\/8292\/revisions"}],"predecessor-version":[{"id":8332,"href":"https:\/\/revistaferreteros.com.ar\/en\/wp-json\/wp\/v2\/product\/8292\/revisions\/8332"}],"wp:featuredmedia":[{"embeddable":true,"href":"https:\/\/revistaferreteros.com.ar\/en\/wp-json\/wp\/v2\/media\/8285"}],"wp:attachment":[{"href":"https:\/\/revistaferreteros.com.ar\/en\/wp-json\/wp\/v2\/media?parent=8292"}],"wp:term":[{"taxonomy":"product_brand","embeddable":true,"href":"https:\/\/revistaferreteros.com.ar\/en\/wp-json\/wp\/v2\/product_brand?post=8292"},{"taxonomy":"product_cat","embeddable":true,"href":"https:\/\/revistaferreteros.com.ar\/en\/wp-json\/wp\/v2\/product_cat?post=8292"},{"taxonomy":"product_tag","embeddable":true,"href":"https:\/\/revistaferreteros.com.ar\/en\/wp-json\/wp\/v2\/product_tag?post=8292"}],"curies":[{"name":"wp","href":"https:\/\/api.w.org\/{rel}","templated":true}]}}