{"id":8220,"date":"2025-02-10T15:21:49","date_gmt":"2025-02-10T18:21:49","guid":{"rendered":"https:\/\/revistaferreteros.com.ar\/?post_type=product&#038;p=8220"},"modified":"2025-04-27T15:53:58","modified_gmt":"2025-04-27T18:53:58","slug":"total-herramientas-taladro-atornillador-inalambrico-total-20v-industrial-motor-sin-carbones","status":"publish","type":"product","link":"https:\/\/revistaferreteros.com.ar\/en\/shop\/categorias\/herramientas\/total-herramientas-taladro-atornillador-inalambrico-total-20v-industrial-motor-sin-carbones\/","title":{"rendered":"Total Herramientas-Taladro Atornillador Inal\u00e1mbrico Total 20v, Industrial, Motor Sin Carbones"},"content":{"rendered":"<p>Caracter\u00edsticas:<br \/>\n-Motor sin carbones<br \/>\n-Gatillo de velocidad variable, (Dependiendo la fuerza de pulsaci\u00f3n). Permite realizar trabajos precisos.<br \/>\n-2 Velocidades mec\u00e1nicas:<br \/>\n\u2022 1: Engranaje que ofrece m\u00e1ximo torque (fuerza) pero inferior velocidad de rotaci\u00f3n. Ideal para atornillar.<br \/>\n\u2022 2: Engranaje que ofrece m\u00e1xima velocidad y menor torque m\u00e1ximo. Ideal para utilizar como taladro.<br \/>\n-2 Bater\u00edas que permiten un uso continuo sin interrupciones (Cargando una mientras se trabaja con la otra).<br \/>\n-Selector de torque m\u00e1ximo que permite que el atornillador se detenga autom\u00e1ticamente a determinado nivel de fuerza.<br \/>\n-Selector de sentido de la rotaci\u00f3n y de bloqueo.<br \/>\n-Indicador LED incorporado en la bater\u00eda que permite visualizar el nivel de carga de la misma.<br \/>\n-Luz LED que ilumina la zona de trabajo.<br \/>\n-Pr\u00e1ctico malet\u00edn pl\u00e1stico para el transporte y almacenaje.<br \/>\n-Incluye 47 accesorios.<\/p>\n<p>Datos T\u00e9cnicos:<br \/>\n-Voltaje: 20V<br \/>\n-Dos velocidades: 0-550\/0-2000rpm<br \/>\n-Torque m\u00e1ximo: 60NM<br \/>\n-Mandril sin llave de 13mm<br \/>\n-Controles torque: 22+1<br \/>\n-2 bater\u00edas de Litio-Ion de 20v &#8211; 2.0Ah<br \/>\n-Cargador r\u00e1pido: 1Hr<br \/>\n-Voltaje de carga: 220V\/240V &#8211; 50Hz\/60Hz<\/p>","protected":false},"excerpt":{"rendered":"<p>Atornillador Inal\u00e1mbrico Total 20v Doble Bater\u00eda<br \/>\nL\u00ednea Industrial<br \/>\nModelo: TDLI20602<\/p>\n<p>&nbsp;<\/p>\n<p>&nbsp;<\/p>\n<h4><a title=\"TOTAL HERRAMIENTAS\" href=\"https:\/\/revistaferreteros.com.ar\/empresas\/total-herramientas\/\" target=\"_blank\" rel=\"noopener\">VISITA EL CATALOGO DE TOTAL HERRAMIENTAS<\/a><\/h4>\n<h4><\/h4>\n<p>&nbsp;<\/p>\n<h4><strong>\u00bfQuieres adquirir este producto?<\/strong><\/h4>\n<p>&nbsp;<\/p>\n<p>&nbsp;<\/p>\n<h4><strong>Sigue el link de la empresa:<\/strong><\/h4>","protected":false},"featured_media":8196,"comment_status":"closed","ping_status":"closed","template":"","meta":{"_eb_attr":"","_mi_skip_tracking":false,"_monsterinsights_sitenote_active":false,"_monsterinsights_sitenote_note":"","_monsterinsights_sitenote_category":0,"site-sidebar-layout":"default","site-content-layout":"default","ast-site-content-layout":"default","site-content-style":"default","site-sidebar-style":"default","ast-global-header-display":"","ast-banner-title-visibility":"","ast-main-header-display":"","ast-hfb-above-header-display":"","ast-hfb-below-header-display":"","ast-hfb-mobile-header-display":"","site-post-title":"","ast-breadcrumbs-content":"","ast-featured-img":"","footer-sml-layout":"","ast-disable-related-posts":"","theme-transparent-header-meta":"default","adv-header-id-meta":"","stick-header-meta":"","header-above-stick-meta":"","header-main-stick-meta":"","header-below-stick-meta":"","astra-migrate-meta-layouts":"set","ast-page-background-enabled":"default","ast-page-background-meta":{"desktop":{"background-color":"var(--ast-global-color-4)","background-image":"","background-repeat":"repeat","background-position":"center center","background-size":"auto","background-attachment":"scroll","background-type":"","background-media":"","overlay-type":"","overlay-color":"","overlay-opacity":"","overlay-gradient":""},"tablet":{"background-color":"","background-image":"","background-repeat":"repeat","background-position":"center center","background-size":"auto","background-attachment":"scroll","background-type":"","background-media":"","overlay-type":"","overlay-color":"","overlay-opacity":"","overlay-gradient":""},"mobile":{"background-color":"","background-image":"","background-repeat":"repeat","background-position":"center center","background-size":"auto","background-attachment":"scroll","background-type":"","background-media":"","overlay-type":"","overlay-color":"","overlay-opacity":"","overlay-gradient":""}},"ast-content-background-meta":{"desktop":{"background-color":"var(--ast-global-color-5)","background-image":"","background-repeat":"repeat","background-position":"center center","background-size":"auto","background-attachment":"scroll","background-type":"","background-media":"","overlay-type":"","overlay-color":"","overlay-opacity":"","overlay-gradient":""},"tablet":{"background-color":"var(--ast-global-color-5)","background-image":"","background-repeat":"repeat","background-position":"center center","background-size":"auto","background-attachment":"scroll","background-type":"","background-media":"","overlay-type":"","overlay-color":"","overlay-opacity":"","overlay-gradient":""},"mobile":{"background-color":"var(--ast-global-color-5)","background-image":"","background-repeat":"repeat","background-position":"center center","background-size":"auto","background-attachment":"scroll","background-type":"","background-media":"","overlay-type":"","overlay-color":"","overlay-opacity":"","overlay-gradient":""}}},"product_brand":[],"product_cat":[19,26,679],"product_tag":[602,678],"class_list":{"0":"post-8220","1":"product","2":"type-product","3":"status-publish","4":"has-post-thumbnail","6":"product_cat-categorias","7":"product_cat-herramientas","8":"product_cat-total-herramientas","9":"product_tag-herramientas","10":"product_tag-total-herramientas","11":"desktop-align-left","12":"tablet-align-left","13":"mobile-align-left","14":"ast-product-gallery-layout-horizontal-slider","15":"ast-product-gallery-with-no-image","16":"ast-product-tabs-layout-horizontal","18":"first","19":"instock","20":"product-type-external"},"_links":{"self":[{"href":"https:\/\/revistaferreteros.com.ar\/en\/wp-json\/wp\/v2\/product\/8220","targetHints":{"allow":["GET"]}}],"collection":[{"href":"https:\/\/revistaferreteros.com.ar\/en\/wp-json\/wp\/v2\/product"}],"about":[{"href":"https:\/\/revistaferreteros.com.ar\/en\/wp-json\/wp\/v2\/types\/product"}],"replies":[{"embeddable":true,"href":"https:\/\/revistaferreteros.com.ar\/en\/wp-json\/wp\/v2\/comments?post=8220"}],"version-history":[{"count":5,"href":"https:\/\/revistaferreteros.com.ar\/en\/wp-json\/wp\/v2\/product\/8220\/revisions"}],"predecessor-version":[{"id":8276,"href":"https:\/\/revistaferreteros.com.ar\/en\/wp-json\/wp\/v2\/product\/8220\/revisions\/8276"}],"wp:featuredmedia":[{"embeddable":true,"href":"https:\/\/revistaferreteros.com.ar\/en\/wp-json\/wp\/v2\/media\/8196"}],"wp:attachment":[{"href":"https:\/\/revistaferreteros.com.ar\/en\/wp-json\/wp\/v2\/media?parent=8220"}],"wp:term":[{"taxonomy":"product_brand","embeddable":true,"href":"https:\/\/revistaferreteros.com.ar\/en\/wp-json\/wp\/v2\/product_brand?post=8220"},{"taxonomy":"product_cat","embeddable":true,"href":"https:\/\/revistaferreteros.com.ar\/en\/wp-json\/wp\/v2\/product_cat?post=8220"},{"taxonomy":"product_tag","embeddable":true,"href":"https:\/\/revistaferreteros.com.ar\/en\/wp-json\/wp\/v2\/product_tag?post=8220"}],"curies":[{"name":"wp","href":"https:\/\/api.w.org\/{rel}","templated":true}]}}