{"id":8217,"date":"2025-02-10T15:21:49","date_gmt":"2025-02-10T18:21:49","guid":{"rendered":"https:\/\/revistaferreteros.com.ar\/?post_type=product&#038;p=8217"},"modified":"2025-04-27T15:53:58","modified_gmt":"2025-04-27T18:53:58","slug":"total-herramientas-compresor-de-aire-portatil-12v-120psi-total-ttac2506-doble-piston-calidad-excepcional","status":"publish","type":"product","link":"https:\/\/revistaferreteros.com.ar\/en\/shop\/categorias\/herramientas\/total-herramientas-compresor-de-aire-portatil-12v-120psi-total-ttac2506-doble-piston-calidad-excepcional\/","title":{"rendered":"Total Herramientas-Compresor De Aire Portatil 12v 120psi Total TTAC2506 Doble Pist\u00f3n Calidad Excepcional"},"content":{"rendered":"<p>Caracter\u00edsticas:<br \/>\n\u2022 Ideal para inflar neum\u00e1ticos, pelotas, colchones, colchonetas, etc.<br \/>\n\u2022 Luz led incorporada.<br \/>\n\u2022 Incluye: 1 bolsa de transporte, 1 cable 12v de 3 metros con pinzas para bater\u00eda, 1 manguera de 3 metros, 3 picos.<br \/>\n\u2022 Apto para autos.<br \/>\nEspecificaciones t\u00e9cnicas:<br \/>\n\u2022 Alimentaci\u00f3n: Bater\u00eda 12V a 13.5V<br \/>\n\u2022 Caudal m\u00e1ximo: 45 L\/min<br \/>\n\u2022 Presi\u00f3n m\u00e1xima: 10 Bar &#8211; 120 PSI<br \/>\n\u2022 Motor: 2 Cilindros &#8211; Doble Pist\u00f3n<br \/>\n\u2022 Peso: 2.4 KG<\/p>","protected":false},"excerpt":{"rendered":"<p>Compresor Inflador 12V a 13.5V Total Tools TTAC2506 2 Cilindros Doble Pist\u00f3n Presi\u00f3n M\u00e1xima 10 Bar 120 PSI Caudal M\u00e1ximo 45 Litros Por Minuto, Lider del mercado de compresores<br \/>\nCon el Total Tools TTAC2506, las tareas que requieran presi\u00f3n de aire ser\u00e1n m\u00e1s sencillas. Ahorra tiempo y logra excelentes resultados sin esfuerzo.<\/p>\n<p>&nbsp;<\/p>\n<p>&nbsp;<\/p>\n<h4><a title=\"TOTAL HERRAMIENTAS\" href=\"https:\/\/revistaferreteros.com.ar\/empresas\/total-herramientas\/\" target=\"_blank\" rel=\"noopener\">VISITA EL CATALOGO DE TOTAL HERRAMIENTAS<\/a><\/h4>\n<h4><\/h4>\n<p>&nbsp;<\/p>\n<h4><strong>\u00bfQuieres adquirir este producto?<\/strong><\/h4>\n<p>&nbsp;<\/p>\n<p>&nbsp;<\/p>\n<h4><strong>Sigue el link de la empresa:<\/strong><\/h4>","protected":false},"featured_media":8192,"comment_status":"closed","ping_status":"closed","template":"","meta":{"_eb_attr":"","_mi_skip_tracking":false,"_monsterinsights_sitenote_active":false,"_monsterinsights_sitenote_note":"","_monsterinsights_sitenote_category":0,"site-sidebar-layout":"default","site-content-layout":"default","ast-site-content-layout":"default","site-content-style":"default","site-sidebar-style":"default","ast-global-header-display":"","ast-banner-title-visibility":"","ast-main-header-display":"","ast-hfb-above-header-display":"","ast-hfb-below-header-display":"","ast-hfb-mobile-header-display":"","site-post-title":"","ast-breadcrumbs-content":"","ast-featured-img":"","footer-sml-layout":"","ast-disable-related-posts":"","theme-transparent-header-meta":"default","adv-header-id-meta":"","stick-header-meta":"","header-above-stick-meta":"","header-main-stick-meta":"","header-below-stick-meta":"","astra-migrate-meta-layouts":"set","ast-page-background-enabled":"default","ast-page-background-meta":{"desktop":{"background-color":"var(--ast-global-color-4)","background-image":"","background-repeat":"repeat","background-position":"center center","background-size":"auto","background-attachment":"scroll","background-type":"","background-media":"","overlay-type":"","overlay-color":"","overlay-opacity":"","overlay-gradient":""},"tablet":{"background-color":"","background-image":"","background-repeat":"repeat","background-position":"center center","background-size":"auto","background-attachment":"scroll","background-type":"","background-media":"","overlay-type":"","overlay-color":"","overlay-opacity":"","overlay-gradient":""},"mobile":{"background-color":"","background-image":"","background-repeat":"repeat","background-position":"center center","background-size":"auto","background-attachment":"scroll","background-type":"","background-media":"","overlay-type":"","overlay-color":"","overlay-opacity":"","overlay-gradient":""}},"ast-content-background-meta":{"desktop":{"background-color":"var(--ast-global-color-5)","background-image":"","background-repeat":"repeat","background-position":"center center","background-size":"auto","background-attachment":"scroll","background-type":"","background-media":"","overlay-type":"","overlay-color":"","overlay-opacity":"","overlay-gradient":""},"tablet":{"background-color":"var(--ast-global-color-5)","background-image":"","background-repeat":"repeat","background-position":"center center","background-size":"auto","background-attachment":"scroll","background-type":"","background-media":"","overlay-type":"","overlay-color":"","overlay-opacity":"","overlay-gradient":""},"mobile":{"background-color":"var(--ast-global-color-5)","background-image":"","background-repeat":"repeat","background-position":"center center","background-size":"auto","background-attachment":"scroll","background-type":"","background-media":"","overlay-type":"","overlay-color":"","overlay-opacity":"","overlay-gradient":""}}},"product_brand":[],"product_cat":[19,26,679],"product_tag":[602,678],"class_list":{"0":"post-8217","1":"product","2":"type-product","3":"status-publish","4":"has-post-thumbnail","6":"product_cat-categorias","7":"product_cat-herramientas","8":"product_cat-total-herramientas","9":"product_tag-herramientas","10":"product_tag-total-herramientas","11":"desktop-align-left","12":"tablet-align-left","13":"mobile-align-left","14":"ast-product-gallery-layout-horizontal-slider","15":"ast-product-gallery-with-no-image","16":"ast-product-tabs-layout-horizontal","18":"first","19":"instock","20":"product-type-external"},"_links":{"self":[{"href":"https:\/\/revistaferreteros.com.ar\/en\/wp-json\/wp\/v2\/product\/8217","targetHints":{"allow":["GET"]}}],"collection":[{"href":"https:\/\/revistaferreteros.com.ar\/en\/wp-json\/wp\/v2\/product"}],"about":[{"href":"https:\/\/revistaferreteros.com.ar\/en\/wp-json\/wp\/v2\/types\/product"}],"replies":[{"embeddable":true,"href":"https:\/\/revistaferreteros.com.ar\/en\/wp-json\/wp\/v2\/comments?post=8217"}],"version-history":[{"count":5,"href":"https:\/\/revistaferreteros.com.ar\/en\/wp-json\/wp\/v2\/product\/8217\/revisions"}],"predecessor-version":[{"id":8271,"href":"https:\/\/revistaferreteros.com.ar\/en\/wp-json\/wp\/v2\/product\/8217\/revisions\/8271"}],"wp:featuredmedia":[{"embeddable":true,"href":"https:\/\/revistaferreteros.com.ar\/en\/wp-json\/wp\/v2\/media\/8192"}],"wp:attachment":[{"href":"https:\/\/revistaferreteros.com.ar\/en\/wp-json\/wp\/v2\/media?parent=8217"}],"wp:term":[{"taxonomy":"product_brand","embeddable":true,"href":"https:\/\/revistaferreteros.com.ar\/en\/wp-json\/wp\/v2\/product_brand?post=8217"},{"taxonomy":"product_cat","embeddable":true,"href":"https:\/\/revistaferreteros.com.ar\/en\/wp-json\/wp\/v2\/product_cat?post=8217"},{"taxonomy":"product_tag","embeddable":true,"href":"https:\/\/revistaferreteros.com.ar\/en\/wp-json\/wp\/v2\/product_tag?post=8217"}],"curies":[{"name":"wp","href":"https:\/\/api.w.org\/{rel}","templated":true}]}}