{"id":8214,"date":"2025-02-10T15:21:48","date_gmt":"2025-02-10T18:21:48","guid":{"rendered":"https:\/\/revistaferreteros.com.ar\/?post_type=product&#038;p=8214"},"modified":"2025-04-27T15:53:57","modified_gmt":"2025-04-27T18:53:57","slug":"total-herramientas-amoladora-angular-115mm-750w-calidad-industrial-total","status":"publish","type":"product","link":"https:\/\/revistaferreteros.com.ar\/en\/shop\/categorias\/herramientas\/total-herramientas-amoladora-angular-115mm-750w-calidad-industrial-total\/","title":{"rendered":"Total Herramientas -Amoladora Angular 115mm 750w Calidad Industrial Total"},"content":{"rendered":"<p>Caracter\u00edsticas:<br \/>\n\u2022 Eje con sistema de bloqueo para facilitar el cambio del disco.<br \/>\n\u2022 Motor protegido contra ingreso de polvo.<br \/>\n\u2022 Interruptor de encendido\/apagado accesible para control y comodidad.<br \/>\n\u2022 Mango de posici\u00f3n ajustable para facilitar la operaci\u00f3n.<br \/>\n\u2022 Engranajes de aluminio para mayor durabilidad.<br \/>\n\u2022 Empu\u00f1adura lateral ergon\u00f3mica.<br \/>\n\u2022 Incluye mango auxiliar.<br \/>\n\u2022 No incluye disco de corte.<br \/>\nEspecificaciones t\u00e9cnicas:<br \/>\n\u2022 Potencia: 750W<br \/>\n\u2022 Voltaje: 220V<br \/>\n\u2022 Frecuencia: 50Hz<br \/>\n\u2022 Di\u00e1metro del disco: 115 mm (4 1\/2\u201d)<br \/>\n\u2022 Velocidad sin carga: 11000 RPM<br \/>\n\u2022 Rosca del eje: M14<br \/>\n\u2022 Accesorios incluidos:<br \/>\n&#8211; Protector del disco<br \/>\n&#8211; Brida de apoyo<br \/>\n&#8211; Tuerca de ajuste<br \/>\n&#8211; Manual de usuario<\/p>","protected":false},"excerpt":{"rendered":"<p>Amoladora Angular Total Tools 750W Monof\u00e1sica Para Disco 115 Mm con Mango Auxiliar y Velocidad M\u00e1xima de 11000 RPM. Dise\u00f1ada para alto rendimiento en aplicaciones profesionales y con calidad para uso industrial. Esta herramienta es ideal para realizar trabajos de amolado, cepillado y pulido, as\u00ed como para cortar, desbastar y lijar una variedad de materiales, incluyendo metal y pl\u00e1stico. No se recomienda para cortar madera.<\/p>\n<p>&nbsp;<\/p>\n<h4><a title=\"TOTAL HERRAMIENTAS\" href=\"https:\/\/revistaferreteros.com.ar\/empresas\/total-herramientas\/\" target=\"_blank\" rel=\"noopener\">VISITA EL CATALOGO DE TOTAL HERRAMIENTAS<\/a><\/h4>\n<h4><\/h4>\n<p>&nbsp;<\/p>\n<h4><strong>\u00bfQuieres adquirir este producto?<\/strong><\/h4>\n<p>&nbsp;<\/p>\n<p>&nbsp;<\/p>\n<h4><strong>Sigue el link de la empresa:<\/strong><\/h4>","protected":false},"featured_media":8189,"comment_status":"closed","ping_status":"closed","template":"","meta":{"_eb_attr":"","_mi_skip_tracking":false,"_monsterinsights_sitenote_active":false,"_monsterinsights_sitenote_note":"","_monsterinsights_sitenote_category":0,"site-sidebar-layout":"default","site-content-layout":"default","ast-site-content-layout":"default","site-content-style":"default","site-sidebar-style":"default","ast-global-header-display":"","ast-banner-title-visibility":"","ast-main-header-display":"","ast-hfb-above-header-display":"","ast-hfb-below-header-display":"","ast-hfb-mobile-header-display":"","site-post-title":"","ast-breadcrumbs-content":"","ast-featured-img":"","footer-sml-layout":"","ast-disable-related-posts":"","theme-transparent-header-meta":"default","adv-header-id-meta":"","stick-header-meta":"","header-above-stick-meta":"","header-main-stick-meta":"","header-below-stick-meta":"","astra-migrate-meta-layouts":"set","ast-page-background-enabled":"default","ast-page-background-meta":{"desktop":{"background-color":"var(--ast-global-color-4)","background-image":"","background-repeat":"repeat","background-position":"center center","background-size":"auto","background-attachment":"scroll","background-type":"","background-media":"","overlay-type":"","overlay-color":"","overlay-opacity":"","overlay-gradient":""},"tablet":{"background-color":"","background-image":"","background-repeat":"repeat","background-position":"center center","background-size":"auto","background-attachment":"scroll","background-type":"","background-media":"","overlay-type":"","overlay-color":"","overlay-opacity":"","overlay-gradient":""},"mobile":{"background-color":"","background-image":"","background-repeat":"repeat","background-position":"center center","background-size":"auto","background-attachment":"scroll","background-type":"","background-media":"","overlay-type":"","overlay-color":"","overlay-opacity":"","overlay-gradient":""}},"ast-content-background-meta":{"desktop":{"background-color":"var(--ast-global-color-5)","background-image":"","background-repeat":"repeat","background-position":"center center","background-size":"auto","background-attachment":"scroll","background-type":"","background-media":"","overlay-type":"","overlay-color":"","overlay-opacity":"","overlay-gradient":""},"tablet":{"background-color":"var(--ast-global-color-5)","background-image":"","background-repeat":"repeat","background-position":"center center","background-size":"auto","background-attachment":"scroll","background-type":"","background-media":"","overlay-type":"","overlay-color":"","overlay-opacity":"","overlay-gradient":""},"mobile":{"background-color":"var(--ast-global-color-5)","background-image":"","background-repeat":"repeat","background-position":"center center","background-size":"auto","background-attachment":"scroll","background-type":"","background-media":"","overlay-type":"","overlay-color":"","overlay-opacity":"","overlay-gradient":""}}},"product_brand":[],"product_cat":[19,26,679],"product_tag":[602,678],"class_list":{"0":"post-8214","1":"product","2":"type-product","3":"status-publish","4":"has-post-thumbnail","6":"product_cat-categorias","7":"product_cat-herramientas","8":"product_cat-total-herramientas","9":"product_tag-herramientas","10":"product_tag-total-herramientas","11":"desktop-align-left","12":"tablet-align-left","13":"mobile-align-left","14":"ast-product-gallery-layout-horizontal-slider","15":"ast-product-gallery-with-no-image","16":"ast-product-tabs-layout-horizontal","18":"first","19":"instock","20":"product-type-external"},"_links":{"self":[{"href":"https:\/\/revistaferreteros.com.ar\/en\/wp-json\/wp\/v2\/product\/8214","targetHints":{"allow":["GET"]}}],"collection":[{"href":"https:\/\/revistaferreteros.com.ar\/en\/wp-json\/wp\/v2\/product"}],"about":[{"href":"https:\/\/revistaferreteros.com.ar\/en\/wp-json\/wp\/v2\/types\/product"}],"replies":[{"embeddable":true,"href":"https:\/\/revistaferreteros.com.ar\/en\/wp-json\/wp\/v2\/comments?post=8214"}],"version-history":[{"count":7,"href":"https:\/\/revistaferreteros.com.ar\/en\/wp-json\/wp\/v2\/product\/8214\/revisions"}],"predecessor-version":[{"id":8237,"href":"https:\/\/revistaferreteros.com.ar\/en\/wp-json\/wp\/v2\/product\/8214\/revisions\/8237"}],"wp:featuredmedia":[{"embeddable":true,"href":"https:\/\/revistaferreteros.com.ar\/en\/wp-json\/wp\/v2\/media\/8189"}],"wp:attachment":[{"href":"https:\/\/revistaferreteros.com.ar\/en\/wp-json\/wp\/v2\/media?parent=8214"}],"wp:term":[{"taxonomy":"product_brand","embeddable":true,"href":"https:\/\/revistaferreteros.com.ar\/en\/wp-json\/wp\/v2\/product_brand?post=8214"},{"taxonomy":"product_cat","embeddable":true,"href":"https:\/\/revistaferreteros.com.ar\/en\/wp-json\/wp\/v2\/product_cat?post=8214"},{"taxonomy":"product_tag","embeddable":true,"href":"https:\/\/revistaferreteros.com.ar\/en\/wp-json\/wp\/v2\/product_tag?post=8214"}],"curies":[{"name":"wp","href":"https:\/\/api.w.org\/{rel}","templated":true}]}}