{"id":7561,"date":"2024-10-02T23:52:38","date_gmt":"2024-10-03T02:52:38","guid":{"rendered":"https:\/\/revistaferreteros.com.ar\/?post_type=product&#038;p=7561"},"modified":"2025-04-27T15:53:55","modified_gmt":"2025-04-27T18:53:55","slug":"prospray-crema-limpia-manos","status":"publish","type":"product","link":"https:\/\/revistaferreteros.com.ar\/en\/shop\/categorias\/ferreteria\/prospray-crema-limpia-manos\/","title":{"rendered":"Prospray &#8211; Crema Limpia Manos"},"content":{"rendered":"<p>utomotriz: Elimina grasa, aceite y suciedad de manos despu\u00e9s de trabajar en motores y otras partes del veh\u00edculo.<br \/>\nIndustrial: Limpia manos de residuos de maquinaria, lubricantes y otros productos industriales.<br \/>\nConstrucci\u00f3n: Remueve tierra, cemento y otros materiales pesados de las manos tras el trabajo de construcci\u00f3n.<br \/>\nTalleres de Mantenimiento: Ideal para mec\u00e1nicos, t\u00e9cnicos y trabajadores que manejan materiales sucios y pegajosos.<br \/>\nHogar: \u00datil para limpiar manos despu\u00e9s de trabajos de jardiner\u00eda, bricolaje y otras tareas que ensucian las manos<\/p>","protected":false},"excerpt":{"rendered":"<p>F\u00f3rmula poderosa que remueve grasa, aceite y suciedad dif\u00edciles, dejando las manos limpias y suaves. Enriquecida con micro abrasivos para una limpieza profunda y con un refrescante aroma a naranja.<\/p>\n<h3><a title=\"CATALOGO PROSPRAY\" href=\"https:\/\/revistaferreteros.com.ar\/empresas\/prospray\" target=\"_blank\" rel=\"noopener\" data-schema-attribute=\"about\">VISITA EL CATALOGO DE\u00a0PROSPRAY<\/a><\/h3>\n<h4><\/h4>\n<p>&nbsp;<\/p>\n<h4><strong>\u00bfQuieres adquirir este producto?<\/strong><\/h4>\n<p>&nbsp;<\/p>\n<h4><strong>Sigue el link de la empresa:<\/strong><\/h4>\n<p>&nbsp;<\/p>","protected":false},"featured_media":7542,"comment_status":"closed","ping_status":"closed","template":"","meta":{"_eb_attr":"","_mi_skip_tracking":false,"_monsterinsights_sitenote_active":false,"_monsterinsights_sitenote_note":"","_monsterinsights_sitenote_category":0,"site-sidebar-layout":"default","site-content-layout":"default","ast-site-content-layout":"default","site-content-style":"default","site-sidebar-style":"default","ast-global-header-display":"","ast-banner-title-visibility":"","ast-main-header-display":"","ast-hfb-above-header-display":"","ast-hfb-below-header-display":"","ast-hfb-mobile-header-display":"","site-post-title":"","ast-breadcrumbs-content":"","ast-featured-img":"","footer-sml-layout":"","ast-disable-related-posts":"","theme-transparent-header-meta":"default","adv-header-id-meta":"","stick-header-meta":"","header-above-stick-meta":"","header-main-stick-meta":"","header-below-stick-meta":"","astra-migrate-meta-layouts":"set","ast-page-background-enabled":"default","ast-page-background-meta":{"desktop":{"background-color":"var(--ast-global-color-4)","background-image":"","background-repeat":"repeat","background-position":"center center","background-size":"auto","background-attachment":"scroll","background-type":"","background-media":"","overlay-type":"","overlay-color":"","overlay-opacity":"","overlay-gradient":""},"tablet":{"background-color":"","background-image":"","background-repeat":"repeat","background-position":"center center","background-size":"auto","background-attachment":"scroll","background-type":"","background-media":"","overlay-type":"","overlay-color":"","overlay-opacity":"","overlay-gradient":""},"mobile":{"background-color":"","background-image":"","background-repeat":"repeat","background-position":"center center","background-size":"auto","background-attachment":"scroll","background-type":"","background-media":"","overlay-type":"","overlay-color":"","overlay-opacity":"","overlay-gradient":""}},"ast-content-background-meta":{"desktop":{"background-color":"var(--ast-global-color-5)","background-image":"","background-repeat":"repeat","background-position":"center center","background-size":"auto","background-attachment":"scroll","background-type":"","background-media":"","overlay-type":"","overlay-color":"","overlay-opacity":"","overlay-gradient":""},"tablet":{"background-color":"var(--ast-global-color-5)","background-image":"","background-repeat":"repeat","background-position":"center center","background-size":"auto","background-attachment":"scroll","background-type":"","background-media":"","overlay-type":"","overlay-color":"","overlay-opacity":"","overlay-gradient":""},"mobile":{"background-color":"var(--ast-global-color-5)","background-image":"","background-repeat":"repeat","background-position":"center center","background-size":"auto","background-attachment":"scroll","background-type":"","background-media":"","overlay-type":"","overlay-color":"","overlay-opacity":"","overlay-gradient":""}}},"product_brand":[],"product_cat":[19,24,670],"product_tag":[198,669],"class_list":{"0":"post-7561","1":"product","2":"type-product","3":"status-publish","4":"has-post-thumbnail","6":"product_cat-categorias","7":"product_cat-ferreteria","8":"product_cat-prospray","9":"product_tag-ferreteria","10":"product_tag-prospray","11":"desktop-align-left","12":"tablet-align-left","13":"mobile-align-left","14":"ast-product-gallery-layout-horizontal-slider","15":"ast-product-gallery-with-no-image","16":"ast-product-tabs-layout-horizontal","18":"first","19":"instock","20":"product-type-external"},"_links":{"self":[{"href":"https:\/\/revistaferreteros.com.ar\/en\/wp-json\/wp\/v2\/product\/7561","targetHints":{"allow":["GET"]}}],"collection":[{"href":"https:\/\/revistaferreteros.com.ar\/en\/wp-json\/wp\/v2\/product"}],"about":[{"href":"https:\/\/revistaferreteros.com.ar\/en\/wp-json\/wp\/v2\/types\/product"}],"replies":[{"embeddable":true,"href":"https:\/\/revistaferreteros.com.ar\/en\/wp-json\/wp\/v2\/comments?post=7561"}],"version-history":[{"count":3,"href":"https:\/\/revistaferreteros.com.ar\/en\/wp-json\/wp\/v2\/product\/7561\/revisions"}],"predecessor-version":[{"id":7597,"href":"https:\/\/revistaferreteros.com.ar\/en\/wp-json\/wp\/v2\/product\/7561\/revisions\/7597"}],"wp:featuredmedia":[{"embeddable":true,"href":"https:\/\/revistaferreteros.com.ar\/en\/wp-json\/wp\/v2\/media\/7542"}],"wp:attachment":[{"href":"https:\/\/revistaferreteros.com.ar\/en\/wp-json\/wp\/v2\/media?parent=7561"}],"wp:term":[{"taxonomy":"product_brand","embeddable":true,"href":"https:\/\/revistaferreteros.com.ar\/en\/wp-json\/wp\/v2\/product_brand?post=7561"},{"taxonomy":"product_cat","embeddable":true,"href":"https:\/\/revistaferreteros.com.ar\/en\/wp-json\/wp\/v2\/product_cat?post=7561"},{"taxonomy":"product_tag","embeddable":true,"href":"https:\/\/revistaferreteros.com.ar\/en\/wp-json\/wp\/v2\/product_tag?post=7561"}],"curies":[{"name":"wp","href":"https:\/\/api.w.org\/{rel}","templated":true}]}}