{"id":7336,"date":"2024-09-02T15:09:26","date_gmt":"2024-09-02T18:09:26","guid":{"rendered":"https:\/\/revistaferreteros.com.ar\/?post_type=product&#038;p=7336"},"modified":"2025-04-27T15:53:52","modified_gmt":"2025-04-27T18:53:52","slug":"tacsa-sellador-de-poliuretano-para-construccion","status":"publish","type":"product","link":"https:\/\/revistaferreteros.com.ar\/en\/shop\/categorias\/ferreteria\/tacsa-sellador-de-poliuretano-para-construccion\/","title":{"rendered":"TACSA &#8211; SELLADOR DE POLIURETANO PARA CONSTRUCCI\u00d3N"},"content":{"rendered":"<p>APLICACIONES<br \/>\nUne, sella y repara. Uso interior y exterior. Permanece flexible, no se agrieta. Pintable, transitable, no corrosivo. Excelente adherencia sobre vidrio y superficie met\u00e1licas. Juntas de dilataci\u00f3n. Uni\u00f3n y sellado en techos, terrazas , fachadas, elementos pre moldeados. Sellado de costuras, conductos de tuber\u00edas. Sistema de ventilaci\u00f3n. Uso m\u00faltiple en trabajos de carpinter\u00eda met\u00e1lica y de madera. Unir o sellar juntas entre la mayor\u00eda de los materias de construcci\u00f3n: vidrios, aluminio, cer\u00e1micos, azulejos, hormig\u00f3n. madera, aglomerado, ladrillo, piedra natural y artificial, metales, sanitarios, m\u00e1rmol, granito, chapa galvanizada, fibra de vidrio etc. Alta performance a las exigencias mec\u00e1nicas.<\/p>","protected":false},"excerpt":{"rendered":"<p>ES UN SELLADOR ELASTOM\u00c9RICO, MONOCOMPONENTE, DE M\u00d3DULO MEDIO-ALTO, QUE CURA CON LA HUMEDAD AMBIENTE. TIENE EXCELENTE ADHERENCIA A LA MAYOR\u00cdA DE LOS MATERIALES UTILIZADOS EN LA CONSTRUCCI\u00d3N COMO LADRILLOS, CER\u00c1MICOS, POLIURETANO, EPOXI, POLI\u00c9STERES, METALES, MADERAS, CEMENTO, HORMIG\u00d3N, VIDRIO, ALUMINIO, M\u00c1RMOL, GRANITO, PIEDRAS NATURALES Y SINT\u00c9TICAS, FIBRA DE VIDRIO, CHAPA GALVANIZADA, ETC. ES ADECUADO PARA UNIR O SELLAR JUNTAS ENTRE GRAN VARIEDAD DE SUSTRATOS DONDE SE REQUIERE UNA ALTA RESISTENCIA DE ADHESI\u00d3N. RESISTE AL AGUA, INTEMPERIE, RADIACI\u00d3N UV, PERMANECE FLEXIBLE, SIN AGRIETAMIENTOS. ES DE CURADO R\u00c1PIDO, NO CORROSIVO, PINTABLE Y TRANSITABLE.<\/p>\n<p>&nbsp;<\/p>\n<p>&nbsp;<\/p>\n<h3><a href=\"https:\/\/revistaferreteros.com.ar\/empresas\/tacsa\/\">VISITA EL CATALOGO DE TACSA<\/a><\/h3>\n<h4><\/h4>\n<p>&nbsp;<\/p>\n<h4><strong>\u00bfQuieres adquirir este producto?<\/strong><\/h4>\n<p>&nbsp;<\/p>\n<h4><strong>Sigue el link de la empresa:<\/strong><\/h4>\n<p>&nbsp;<\/p>","protected":false},"featured_media":7327,"comment_status":"closed","ping_status":"closed","template":"","meta":{"_eb_attr":"","_mi_skip_tracking":false,"_monsterinsights_sitenote_active":false,"_monsterinsights_sitenote_note":"","_monsterinsights_sitenote_category":0,"site-sidebar-layout":"default","site-content-layout":"default","ast-site-content-layout":"default","site-content-style":"default","site-sidebar-style":"default","ast-global-header-display":"","ast-banner-title-visibility":"","ast-main-header-display":"","ast-hfb-above-header-display":"","ast-hfb-below-header-display":"","ast-hfb-mobile-header-display":"","site-post-title":"","ast-breadcrumbs-content":"","ast-featured-img":"","footer-sml-layout":"","ast-disable-related-posts":"","theme-transparent-header-meta":"default","adv-header-id-meta":"","stick-header-meta":"","header-above-stick-meta":"","header-main-stick-meta":"","header-below-stick-meta":"","astra-migrate-meta-layouts":"set","ast-page-background-enabled":"default","ast-page-background-meta":{"desktop":{"background-color":"var(--ast-global-color-4)","background-image":"","background-repeat":"repeat","background-position":"center center","background-size":"auto","background-attachment":"scroll","background-type":"","background-media":"","overlay-type":"","overlay-color":"","overlay-opacity":"","overlay-gradient":""},"tablet":{"background-color":"","background-image":"","background-repeat":"repeat","background-position":"center center","background-size":"auto","background-attachment":"scroll","background-type":"","background-media":"","overlay-type":"","overlay-color":"","overlay-opacity":"","overlay-gradient":""},"mobile":{"background-color":"","background-image":"","background-repeat":"repeat","background-position":"center center","background-size":"auto","background-attachment":"scroll","background-type":"","background-media":"","overlay-type":"","overlay-color":"","overlay-opacity":"","overlay-gradient":""}},"ast-content-background-meta":{"desktop":{"background-color":"var(--ast-global-color-5)","background-image":"","background-repeat":"repeat","background-position":"center center","background-size":"auto","background-attachment":"scroll","background-type":"","background-media":"","overlay-type":"","overlay-color":"","overlay-opacity":"","overlay-gradient":""},"tablet":{"background-color":"var(--ast-global-color-5)","background-image":"","background-repeat":"repeat","background-position":"center center","background-size":"auto","background-attachment":"scroll","background-type":"","background-media":"","overlay-type":"","overlay-color":"","overlay-opacity":"","overlay-gradient":""},"mobile":{"background-color":"var(--ast-global-color-5)","background-image":"","background-repeat":"repeat","background-position":"center center","background-size":"auto","background-attachment":"scroll","background-type":"","background-media":"","overlay-type":"","overlay-color":"","overlay-opacity":"","overlay-gradient":""}}},"product_brand":[],"product_cat":[19,24,653],"product_tag":[198,659,652],"class_list":{"0":"post-7336","1":"product","2":"type-product","3":"status-publish","4":"has-post-thumbnail","6":"product_cat-categorias","7":"product_cat-ferreteria","8":"product_cat-tacsa","9":"product_tag-ferreteria","10":"product_tag-sellador","11":"product_tag-tacsa","12":"desktop-align-left","13":"tablet-align-left","14":"mobile-align-left","15":"ast-product-gallery-layout-horizontal-slider","16":"ast-product-gallery-with-no-image","17":"ast-product-tabs-layout-horizontal","19":"first","20":"instock","21":"product-type-external"},"_links":{"self":[{"href":"https:\/\/revistaferreteros.com.ar\/en\/wp-json\/wp\/v2\/product\/7336","targetHints":{"allow":["GET"]}}],"collection":[{"href":"https:\/\/revistaferreteros.com.ar\/en\/wp-json\/wp\/v2\/product"}],"about":[{"href":"https:\/\/revistaferreteros.com.ar\/en\/wp-json\/wp\/v2\/types\/product"}],"replies":[{"embeddable":true,"href":"https:\/\/revistaferreteros.com.ar\/en\/wp-json\/wp\/v2\/comments?post=7336"}],"version-history":[{"count":3,"href":"https:\/\/revistaferreteros.com.ar\/en\/wp-json\/wp\/v2\/product\/7336\/revisions"}],"predecessor-version":[{"id":7418,"href":"https:\/\/revistaferreteros.com.ar\/en\/wp-json\/wp\/v2\/product\/7336\/revisions\/7418"}],"wp:featuredmedia":[{"embeddable":true,"href":"https:\/\/revistaferreteros.com.ar\/en\/wp-json\/wp\/v2\/media\/7327"}],"wp:attachment":[{"href":"https:\/\/revistaferreteros.com.ar\/en\/wp-json\/wp\/v2\/media?parent=7336"}],"wp:term":[{"taxonomy":"product_brand","embeddable":true,"href":"https:\/\/revistaferreteros.com.ar\/en\/wp-json\/wp\/v2\/product_brand?post=7336"},{"taxonomy":"product_cat","embeddable":true,"href":"https:\/\/revistaferreteros.com.ar\/en\/wp-json\/wp\/v2\/product_cat?post=7336"},{"taxonomy":"product_tag","embeddable":true,"href":"https:\/\/revistaferreteros.com.ar\/en\/wp-json\/wp\/v2\/product_tag?post=7336"}],"curies":[{"name":"wp","href":"https:\/\/api.w.org\/{rel}","templated":true}]}}