{"id":7334,"date":"2024-09-02T15:09:25","date_gmt":"2024-09-02T18:09:25","guid":{"rendered":"https:\/\/revistaferreteros.com.ar\/?post_type=product&#038;p=7334"},"modified":"2025-04-27T15:53:52","modified_gmt":"2025-04-27T18:53:52","slug":"tacsa-adhesivo-de-poliuretano","status":"publish","type":"product","link":"https:\/\/revistaferreteros.com.ar\/en\/shop\/categorias\/ferreteria\/tacsa-adhesivo-de-poliuretano\/","title":{"rendered":"TACSA &#8211; ADHESIVO DE POLIURETANO"},"content":{"rendered":"<p>APLICACIONES<br \/>\nFabricaci\u00f3n de muebles;<br \/>\nPegado de todos los tipos de madera (Guatamb\u00fa, melamina, placas OSB, fen\u00f3licos, roble, teca y maderas tropicales);<br \/>\nFabricaci\u00f3n de puertas y ventanas de madera;<br \/>\nPaneles ac\u00fasticos;<br \/>\nEscaleras, cubiertas de paredes, fabricaci\u00f3n e instalaci\u00f3n de muebles de cocina y ba\u00f1o;<br \/>\nFabricaci\u00f3n de paneles multilaminados;<br \/>\nPegado de corcho, Poliestireno expandido (Telgopor\u00ae), telas<br \/>\nApto para todo tipo de parquet y suelos de madera;<br \/>\nMDF, placas de yeso, madera contrachapada, etc.<\/p>","protected":false},"excerpt":{"rendered":"<p>ES UN ADHESIVO POLIURET\u00c1NICO MONOCOMPONENTE, LIBRE DE SOLVENTES, QUE CURA EN CONTACTO CON LA HUMEDAD Y OFRECE GRAN RESISTENCIA, FUERZA, ADHERENCIA Y FLEXIBILIDAD. IDEAL PARA LA FABRICACI\u00d3N DE PANELES MULTI LAMINADOS DE DISTINTOS MATERIALES. DISE\u00d1ADO PARA EL PEGADO DE DIFERENTES TIPOS DE MADERA. APTO PARA MUEBLES USO EXTERIOR, COCINA O BA\u00d1O. INDICADO PARA UNIONES DE ALTA RESISTENCIA OTORGANDO EXCELENTES PROPIEDADES DE ENVEJECIMIENTO, RESISTENCIA A LA TEMPERATURA Y A LA HUMEDAD. CUMPLE D4 SEG\u00daN DIN\/EN 204.<\/p>\n<p>&nbsp;<\/p>\n<p>&nbsp;<\/p>\n<h3><a href=\"https:\/\/revistaferreteros.com.ar\/empresas\/tacsa\/\">VISITA EL CATALOGO DE TACSA<\/a><\/h3>\n<h4><\/h4>\n<p>&nbsp;<\/p>\n<h4><strong>\u00bfQuieres adquirir este producto?<\/strong><\/h4>\n<p>&nbsp;<\/p>\n<h4><strong>Sigue el link de la empresa:<\/strong><\/h4>\n<p>&nbsp;<\/p>","protected":false},"featured_media":7318,"comment_status":"closed","ping_status":"closed","template":"","meta":{"_eb_attr":"","_mi_skip_tracking":false,"_monsterinsights_sitenote_active":false,"_monsterinsights_sitenote_note":"","_monsterinsights_sitenote_category":0,"site-sidebar-layout":"default","site-content-layout":"default","ast-site-content-layout":"default","site-content-style":"default","site-sidebar-style":"default","ast-global-header-display":"","ast-banner-title-visibility":"","ast-main-header-display":"","ast-hfb-above-header-display":"","ast-hfb-below-header-display":"","ast-hfb-mobile-header-display":"","site-post-title":"","ast-breadcrumbs-content":"","ast-featured-img":"","footer-sml-layout":"","ast-disable-related-posts":"","theme-transparent-header-meta":"default","adv-header-id-meta":"","stick-header-meta":"","header-above-stick-meta":"","header-main-stick-meta":"","header-below-stick-meta":"","astra-migrate-meta-layouts":"set","ast-page-background-enabled":"default","ast-page-background-meta":{"desktop":{"background-color":"var(--ast-global-color-4)","background-image":"","background-repeat":"repeat","background-position":"center center","background-size":"auto","background-attachment":"scroll","background-type":"","background-media":"","overlay-type":"","overlay-color":"","overlay-opacity":"","overlay-gradient":""},"tablet":{"background-color":"","background-image":"","background-repeat":"repeat","background-position":"center center","background-size":"auto","background-attachment":"scroll","background-type":"","background-media":"","overlay-type":"","overlay-color":"","overlay-opacity":"","overlay-gradient":""},"mobile":{"background-color":"","background-image":"","background-repeat":"repeat","background-position":"center center","background-size":"auto","background-attachment":"scroll","background-type":"","background-media":"","overlay-type":"","overlay-color":"","overlay-opacity":"","overlay-gradient":""}},"ast-content-background-meta":{"desktop":{"background-color":"var(--ast-global-color-5)","background-image":"","background-repeat":"repeat","background-position":"center center","background-size":"auto","background-attachment":"scroll","background-type":"","background-media":"","overlay-type":"","overlay-color":"","overlay-opacity":"","overlay-gradient":""},"tablet":{"background-color":"var(--ast-global-color-5)","background-image":"","background-repeat":"repeat","background-position":"center center","background-size":"auto","background-attachment":"scroll","background-type":"","background-media":"","overlay-type":"","overlay-color":"","overlay-opacity":"","overlay-gradient":""},"mobile":{"background-color":"var(--ast-global-color-5)","background-image":"","background-repeat":"repeat","background-position":"center center","background-size":"auto","background-attachment":"scroll","background-type":"","background-media":"","overlay-type":"","overlay-color":"","overlay-opacity":"","overlay-gradient":""}}},"product_brand":[],"product_cat":[19,24,653],"product_tag":[658,198,652],"class_list":{"0":"post-7334","1":"product","2":"type-product","3":"status-publish","4":"has-post-thumbnail","6":"product_cat-categorias","7":"product_cat-ferreteria","8":"product_cat-tacsa","9":"product_tag-adhesivo-de-poliuretano","10":"product_tag-ferreteria","11":"product_tag-tacsa","12":"desktop-align-left","13":"tablet-align-left","14":"mobile-align-left","15":"ast-product-gallery-layout-horizontal-slider","16":"ast-product-gallery-with-no-image","17":"ast-product-tabs-layout-horizontal","19":"first","20":"instock","21":"product-type-external"},"_links":{"self":[{"href":"https:\/\/revistaferreteros.com.ar\/en\/wp-json\/wp\/v2\/product\/7334","targetHints":{"allow":["GET"]}}],"collection":[{"href":"https:\/\/revistaferreteros.com.ar\/en\/wp-json\/wp\/v2\/product"}],"about":[{"href":"https:\/\/revistaferreteros.com.ar\/en\/wp-json\/wp\/v2\/types\/product"}],"replies":[{"embeddable":true,"href":"https:\/\/revistaferreteros.com.ar\/en\/wp-json\/wp\/v2\/comments?post=7334"}],"version-history":[{"count":3,"href":"https:\/\/revistaferreteros.com.ar\/en\/wp-json\/wp\/v2\/product\/7334\/revisions"}],"predecessor-version":[{"id":7414,"href":"https:\/\/revistaferreteros.com.ar\/en\/wp-json\/wp\/v2\/product\/7334\/revisions\/7414"}],"wp:featuredmedia":[{"embeddable":true,"href":"https:\/\/revistaferreteros.com.ar\/en\/wp-json\/wp\/v2\/media\/7318"}],"wp:attachment":[{"href":"https:\/\/revistaferreteros.com.ar\/en\/wp-json\/wp\/v2\/media?parent=7334"}],"wp:term":[{"taxonomy":"product_brand","embeddable":true,"href":"https:\/\/revistaferreteros.com.ar\/en\/wp-json\/wp\/v2\/product_brand?post=7334"},{"taxonomy":"product_cat","embeddable":true,"href":"https:\/\/revistaferreteros.com.ar\/en\/wp-json\/wp\/v2\/product_cat?post=7334"},{"taxonomy":"product_tag","embeddable":true,"href":"https:\/\/revistaferreteros.com.ar\/en\/wp-json\/wp\/v2\/product_tag?post=7334"}],"curies":[{"name":"wp","href":"https:\/\/api.w.org\/{rel}","templated":true}]}}