{"id":6966,"date":"2024-07-11T19:13:29","date_gmt":"2024-07-11T22:13:29","guid":{"rendered":"https:\/\/revistaferreteros.com.ar\/?post_type=product&#038;p=6966"},"modified":"2025-04-27T15:53:51","modified_gmt":"2025-04-27T18:53:51","slug":"bahco-argentina-1472k6","status":"publish","type":"product","link":"https:\/\/revistaferreteros.com.ar\/en\/shop\/categorias\/herramientas\/bahco-argentina-1472k6\/","title":{"rendered":"BAHCO ARGENTINA- 1472K6"},"content":{"rendered":"<p>El carro de herramientas de 6 cajones para trabajo pesado se basa en una construcci\u00f3n estructural de caja de doble pared de chapa de acero<br \/>\nLos cajones completamente abiertos equipados con deslizadores de rodamientos a bolas se deslizan muy suavemente y tienen una capacidad de hasta 30 kg<br \/>\nLas ruedas de goma aseguran la m\u00e1xima estabilidad<br \/>\nCarro f\u00e1cil de maniobrar, incluso en superficies irregulares<br \/>\nLos paneles laterales perforados permiten que el usuario final agregue diferentes accesorios<br \/>\nEl sistema de cerradura circular de bloqueo fuerte y seguro protege el carro contra robos<br \/>\nLos topes de esquina minimizan la posibilidad de lesiones y da\u00f1os a los objetos circundantes<br \/>\nLa estructura de doble pared garantiza que los cajones siempre se abren despu\u00e9s de una colisi\u00f3n que da\u00f1e la pared exterior<br \/>\nSe encuentra disponible una amplia gama de organizadores de espuma listas para usar con herramientas de la serie Fit &amp; Go!.<\/p>","protected":false},"excerpt":{"rendered":"<p>Carro de herramientas serie E72 Storage HUB, de 26&#8243; con 6 cajones.<\/p>\n<p><a href=\"https:\/\/revistaferreteros.com.ar\/empresas\/bahco-argentina-sa\/\">VISITA EL CATALOGO DE BAHCO ARGENTINA<\/a><\/p>\n<p><strong>\u00bfQuieres adquirir este producto?<\/strong><br \/>\n<strong>Sigue el link de la empresa:<\/strong><\/p>","protected":false},"featured_media":6922,"comment_status":"closed","ping_status":"closed","template":"","meta":{"_eb_attr":"","_mi_skip_tracking":false,"_monsterinsights_sitenote_active":false,"_monsterinsights_sitenote_note":"","_monsterinsights_sitenote_category":0,"site-sidebar-layout":"default","site-content-layout":"default","ast-site-content-layout":"default","site-content-style":"default","site-sidebar-style":"default","ast-global-header-display":"","ast-banner-title-visibility":"","ast-main-header-display":"","ast-hfb-above-header-display":"","ast-hfb-below-header-display":"","ast-hfb-mobile-header-display":"","site-post-title":"","ast-breadcrumbs-content":"","ast-featured-img":"","footer-sml-layout":"","ast-disable-related-posts":"","theme-transparent-header-meta":"default","adv-header-id-meta":"","stick-header-meta":"","header-above-stick-meta":"","header-main-stick-meta":"","header-below-stick-meta":"","astra-migrate-meta-layouts":"set","ast-page-background-enabled":"default","ast-page-background-meta":{"desktop":{"background-color":"var(--ast-global-color-4)","background-image":"","background-repeat":"repeat","background-position":"center center","background-size":"auto","background-attachment":"scroll","background-type":"","background-media":"","overlay-type":"","overlay-color":"","overlay-opacity":"","overlay-gradient":""},"tablet":{"background-color":"","background-image":"","background-repeat":"repeat","background-position":"center center","background-size":"auto","background-attachment":"scroll","background-type":"","background-media":"","overlay-type":"","overlay-color":"","overlay-opacity":"","overlay-gradient":""},"mobile":{"background-color":"","background-image":"","background-repeat":"repeat","background-position":"center center","background-size":"auto","background-attachment":"scroll","background-type":"","background-media":"","overlay-type":"","overlay-color":"","overlay-opacity":"","overlay-gradient":""}},"ast-content-background-meta":{"desktop":{"background-color":"var(--ast-global-color-5)","background-image":"","background-repeat":"repeat","background-position":"center center","background-size":"auto","background-attachment":"scroll","background-type":"","background-media":"","overlay-type":"","overlay-color":"","overlay-opacity":"","overlay-gradient":""},"tablet":{"background-color":"var(--ast-global-color-5)","background-image":"","background-repeat":"repeat","background-position":"center center","background-size":"auto","background-attachment":"scroll","background-type":"","background-media":"","overlay-type":"","overlay-color":"","overlay-opacity":"","overlay-gradient":""},"mobile":{"background-color":"var(--ast-global-color-5)","background-image":"","background-repeat":"repeat","background-position":"center center","background-size":"auto","background-attachment":"scroll","background-type":"","background-media":"","overlay-type":"","overlay-color":"","overlay-opacity":"","overlay-gradient":""}}},"product_brand":[],"product_cat":[19,26],"product_tag":[644,602],"class_list":{"0":"post-6966","1":"product","2":"type-product","3":"status-publish","4":"has-post-thumbnail","6":"product_cat-categorias","7":"product_cat-herramientas","8":"product_tag-bahco","9":"product_tag-herramientas","10":"desktop-align-left","11":"tablet-align-left","12":"mobile-align-left","13":"ast-product-gallery-layout-horizontal-slider","14":"ast-product-gallery-with-no-image","15":"ast-product-tabs-layout-horizontal","17":"first","18":"instock","19":"product-type-external"},"_links":{"self":[{"href":"https:\/\/revistaferreteros.com.ar\/en\/wp-json\/wp\/v2\/product\/6966","targetHints":{"allow":["GET"]}}],"collection":[{"href":"https:\/\/revistaferreteros.com.ar\/en\/wp-json\/wp\/v2\/product"}],"about":[{"href":"https:\/\/revistaferreteros.com.ar\/en\/wp-json\/wp\/v2\/types\/product"}],"replies":[{"embeddable":true,"href":"https:\/\/revistaferreteros.com.ar\/en\/wp-json\/wp\/v2\/comments?post=6966"}],"version-history":[{"count":3,"href":"https:\/\/revistaferreteros.com.ar\/en\/wp-json\/wp\/v2\/product\/6966\/revisions"}],"predecessor-version":[{"id":7044,"href":"https:\/\/revistaferreteros.com.ar\/en\/wp-json\/wp\/v2\/product\/6966\/revisions\/7044"}],"wp:featuredmedia":[{"embeddable":true,"href":"https:\/\/revistaferreteros.com.ar\/en\/wp-json\/wp\/v2\/media\/6922"}],"wp:attachment":[{"href":"https:\/\/revistaferreteros.com.ar\/en\/wp-json\/wp\/v2\/media?parent=6966"}],"wp:term":[{"taxonomy":"product_brand","embeddable":true,"href":"https:\/\/revistaferreteros.com.ar\/en\/wp-json\/wp\/v2\/product_brand?post=6966"},{"taxonomy":"product_cat","embeddable":true,"href":"https:\/\/revistaferreteros.com.ar\/en\/wp-json\/wp\/v2\/product_cat?post=6966"},{"taxonomy":"product_tag","embeddable":true,"href":"https:\/\/revistaferreteros.com.ar\/en\/wp-json\/wp\/v2\/product_tag?post=6966"}],"curies":[{"name":"wp","href":"https:\/\/api.w.org\/{rel}","templated":true}]}}