{"id":6959,"date":"2024-07-11T19:13:28","date_gmt":"2024-07-11T22:13:28","guid":{"rendered":"https:\/\/revistaferreteros.com.ar\/?post_type=product&#038;p=6959"},"modified":"2025-04-27T15:53:51","modified_gmt":"2025-04-27T18:53:51","slug":"bahco-argentina-s138","status":"publish","type":"product","link":"https:\/\/revistaferreteros.com.ar\/en\/shop\/categorias\/herramientas\/bahco-argentina-s138\/","title":{"rendered":"BAHCO ARGENTINA -S138"},"content":{"rendered":"<p>Juego de 12 bocallaves hexagonales de 1\/4&#8243;: 4, 4,5, 5, 5,5, 6, 7, 8, 9, 10, 11, 12 y 13 mm.<br \/>\n10 bocallaves serie larga hexagonales de 1\/4&#8243;: 4, 5, 6, 7, 8, 9, 10, 11, 12 y 13 mm.<br \/>\n1 crique reversible de 1\/4&#8243; con 60 dientes y mango bi-componente: 150 mm.<br \/>\n1 mango giratorio bi-componente de 1\/4&#8243;: 150 mm.<br \/>\n1 mango corredizo en T de 1\/4&#8243;: 106 mm.<br \/>\n1 alargadera de 1\/4&#8243;: 50 mm.<br \/>\n1 alargadera de 1\/4&#8243;: 100 mm.<br \/>\n1 articulaci\u00f3n universal de 1\/4&#8243;.<br \/>\n1 portapuntas de 1\/4&#8243;.<br \/>\n1 alargadera flexible de 1\/4&#8243;: 150 mm\/6&#8243;.<br \/>\n16 bocallaves hexagonales de 3\/8&#8243;: 6, 7, 8, 9, 10, 11, 12, 13, 14, 15, 16, 17, 18, 19, 21 y 22 mm.<br \/>\n1 crique reversible de 3\/8&#8243; con 60 dientes y mango bi-componente: 200 mm.<br \/>\n1 bocallave para buj\u00edas hexagonal de 3\/8&#8243;: 21 mm (13\/16&#8243;).<br \/>\n1 bocallave para buj\u00edas hexagonal de 3\/8&#8243;: 18 mm.<br \/>\n1 bocallave para buj\u00edas hexagonal de 3\/8&#8243;: 16 mm, 5\/8&#8243;.<br \/>\n1 articulaci\u00f3n universal de 3\/8&#8243;.<br \/>\n1 alargadera de 3\/8&#8243;: 75 mm.<br \/>\n1 alargadera de 3\/8&#8243;: 150 mm.<br \/>\n18 bocallaves hexagonales de 1\/2&#8243;: 10, 11, 12, 13, 14, 15, 16, 17, 18, 19, 20, 21, 22, 23, 24, 27, 32 y 34 mm.<br \/>\n9 bocallaves hexagonales de 1\/2&#8243;: 3\/8&#8243;, 7\/16&#8243;, 1\/2&#8243;, 9\/16&#8243;, 11\/16&#8243;, 3\/4&#8243;, 13\/16&#8243;, 7\/8&#8243; y 1-3\/16&#8243;.<br \/>\n1 crique reversible de 1\/2&#8243;: 60 dientes y mango bi-componente: 250 mm.<br \/>\n1 mango corredizo en T de 1\/2&#8243; con doble funci\u00f3n: cabeza 3\/8F de 1\/2&#8243; y adaptador M de 1\/2&#8243;.<br \/>\n1 alargadera de 1\/2&#8243;: 125 mm.<br \/>\n1 alargadera de 1\/2&#8243;: 250 mm.<br \/>\n1 articulaci\u00f3n universal de 1\/2&#8243;.<br \/>\n1 adaptador para puntas con cuadrado de 1\/4\u201d.<br \/>\n4 puntas Pozidriv: PZ0, PZ1, PZ2 y PZ3.<br \/>\n5 puntas Phillips: PH0, PH1, PH2, PH3 y PH4.<br \/>\n3 puntas planas: 4, 5,5 y 7 mm.<br \/>\n6 puntas para insertos: 3, 4, 5, 6, 8 y 10 mm.<br \/>\n9 puntas TORX\u00ae: T8, T10, T15, T20, T25, T27, T30, T40 y T45.<br \/>\n1 portapuntas con crique.<br \/>\n3 llaves hexagonales: 1,5, 2 y 2,5 mm.<br \/>\n8 llaves Crowfoot cuadradas de 3\/8&#8243;: 10, 11, 13, 14, 15, 17, 18 y 19 mm.<br \/>\n13 llaves combinadas: 7, 8, 9, 10, 11, 12, 13, 14, 15,16, 17, 18 y 19 mm.<br \/>\nAcabado mate.<br \/>\nAleaci\u00f3n de acero de alto rendimiento<br \/>\nLos fijadores sufren menos desgaste y da\u00f1os gracias a los bocallaves con perfil Dynamic-Drive\u2122.<br \/>\nAcceso m\u00e1s f\u00e1cil gracias al cabezal compacto y delgado de la llave combinada.<br \/>\nC\u00f3modo agarre de las llaves gracias al mango en U.<br \/>\nBot\u00f3n de liberaci\u00f3n r\u00e1pida de los bocallaves de la crique.<br \/>\nMalet\u00edn: polietileno de alta densidad (PEAD).<br \/>\nNormas: ISO 1174 y DIN 3120.<\/p>","protected":false},"excerpt":{"rendered":"<p>Juego de Bocallaves con cuadrado de 1\/4&#8243;, 3\/8&#8243; y 1\/2&#8243;, con llaves combinadas\/puntas de destornillador.<\/p>\n<p>&nbsp;<\/p>\n<p><a href=\"https:\/\/revistaferreteros.com.ar\/empresas\/bahco-argentina-sa\/\">VISITA EL CATALOGO DE BAHCO ARGENTINA<\/a><\/p>\n<p><strong>\u00bfQuieres adquirir este producto?<\/strong><br \/>\n<strong>Sigue el link de la empresa:<\/strong><\/p>","protected":false},"featured_media":6928,"comment_status":"closed","ping_status":"closed","template":"","meta":{"_eb_attr":"","_mi_skip_tracking":false,"_monsterinsights_sitenote_active":false,"_monsterinsights_sitenote_note":"","_monsterinsights_sitenote_category":0,"site-sidebar-layout":"default","site-content-layout":"default","ast-site-content-layout":"default","site-content-style":"default","site-sidebar-style":"default","ast-global-header-display":"","ast-banner-title-visibility":"","ast-main-header-display":"","ast-hfb-above-header-display":"","ast-hfb-below-header-display":"","ast-hfb-mobile-header-display":"","site-post-title":"","ast-breadcrumbs-content":"","ast-featured-img":"","footer-sml-layout":"","ast-disable-related-posts":"","theme-transparent-header-meta":"default","adv-header-id-meta":"","stick-header-meta":"","header-above-stick-meta":"","header-main-stick-meta":"","header-below-stick-meta":"","astra-migrate-meta-layouts":"set","ast-page-background-enabled":"default","ast-page-background-meta":{"desktop":{"background-color":"var(--ast-global-color-4)","background-image":"","background-repeat":"repeat","background-position":"center center","background-size":"auto","background-attachment":"scroll","background-type":"","background-media":"","overlay-type":"","overlay-color":"","overlay-opacity":"","overlay-gradient":""},"tablet":{"background-color":"","background-image":"","background-repeat":"repeat","background-position":"center center","background-size":"auto","background-attachment":"scroll","background-type":"","background-media":"","overlay-type":"","overlay-color":"","overlay-opacity":"","overlay-gradient":""},"mobile":{"background-color":"","background-image":"","background-repeat":"repeat","background-position":"center center","background-size":"auto","background-attachment":"scroll","background-type":"","background-media":"","overlay-type":"","overlay-color":"","overlay-opacity":"","overlay-gradient":""}},"ast-content-background-meta":{"desktop":{"background-color":"var(--ast-global-color-5)","background-image":"","background-repeat":"repeat","background-position":"center center","background-size":"auto","background-attachment":"scroll","background-type":"","background-media":"","overlay-type":"","overlay-color":"","overlay-opacity":"","overlay-gradient":""},"tablet":{"background-color":"var(--ast-global-color-5)","background-image":"","background-repeat":"repeat","background-position":"center center","background-size":"auto","background-attachment":"scroll","background-type":"","background-media":"","overlay-type":"","overlay-color":"","overlay-opacity":"","overlay-gradient":""},"mobile":{"background-color":"var(--ast-global-color-5)","background-image":"","background-repeat":"repeat","background-position":"center center","background-size":"auto","background-attachment":"scroll","background-type":"","background-media":"","overlay-type":"","overlay-color":"","overlay-opacity":"","overlay-gradient":""}}},"product_brand":[],"product_cat":[19,26],"product_tag":[644,602],"class_list":{"0":"post-6959","1":"product","2":"type-product","3":"status-publish","4":"has-post-thumbnail","6":"product_cat-categorias","7":"product_cat-herramientas","8":"product_tag-bahco","9":"product_tag-herramientas","10":"desktop-align-left","11":"tablet-align-left","12":"mobile-align-left","13":"ast-product-gallery-layout-horizontal-slider","14":"ast-product-gallery-with-no-image","15":"ast-product-tabs-layout-horizontal","17":"first","18":"instock","19":"product-type-external"},"_links":{"self":[{"href":"https:\/\/revistaferreteros.com.ar\/en\/wp-json\/wp\/v2\/product\/6959","targetHints":{"allow":["GET"]}}],"collection":[{"href":"https:\/\/revistaferreteros.com.ar\/en\/wp-json\/wp\/v2\/product"}],"about":[{"href":"https:\/\/revistaferreteros.com.ar\/en\/wp-json\/wp\/v2\/types\/product"}],"replies":[{"embeddable":true,"href":"https:\/\/revistaferreteros.com.ar\/en\/wp-json\/wp\/v2\/comments?post=6959"}],"version-history":[{"count":3,"href":"https:\/\/revistaferreteros.com.ar\/en\/wp-json\/wp\/v2\/product\/6959\/revisions"}],"predecessor-version":[{"id":7038,"href":"https:\/\/revistaferreteros.com.ar\/en\/wp-json\/wp\/v2\/product\/6959\/revisions\/7038"}],"wp:featuredmedia":[{"embeddable":true,"href":"https:\/\/revistaferreteros.com.ar\/en\/wp-json\/wp\/v2\/media\/6928"}],"wp:attachment":[{"href":"https:\/\/revistaferreteros.com.ar\/en\/wp-json\/wp\/v2\/media?parent=6959"}],"wp:term":[{"taxonomy":"product_brand","embeddable":true,"href":"https:\/\/revistaferreteros.com.ar\/en\/wp-json\/wp\/v2\/product_brand?post=6959"},{"taxonomy":"product_cat","embeddable":true,"href":"https:\/\/revistaferreteros.com.ar\/en\/wp-json\/wp\/v2\/product_cat?post=6959"},{"taxonomy":"product_tag","embeddable":true,"href":"https:\/\/revistaferreteros.com.ar\/en\/wp-json\/wp\/v2\/product_tag?post=6959"}],"curies":[{"name":"wp","href":"https:\/\/api.w.org\/{rel}","templated":true}]}}