{"id":6781,"date":"2024-06-09T17:32:28","date_gmt":"2024-06-09T20:32:28","guid":{"rendered":"https:\/\/revistaferreteros.com.ar\/?post_type=product&#038;p=6781"},"modified":"2025-04-27T15:53:50","modified_gmt":"2025-04-27T18:53:50","slug":"ezviz-h3c","status":"publish","type":"product","link":"https:\/\/revistaferreteros.com.ar\/en\/shop\/categorias\/ezviz-h3c\/","title":{"rendered":"EZVIZ &#8211; H3C"},"content":{"rendered":"<p>Protecci\u00f3n confiable simplificada<\/p>\n<p>Si buscas una c\u00e1mara sencilla, resistente, inteligente y a la vez muy asequible, la H3c es posiblemente la mejor opci\u00f3n que encontrar\u00e1s. La c\u00e1mara est\u00e1 bien dise\u00f1ada para brindar protecci\u00f3n confiable desde el d\u00eda hasta la noche, incluida detecci\u00f3n humana impulsada por IA, carcasa resistente a la intemperie, calidad de video clara, visi\u00f3n nocturna de largo alcance y m\u00e1s.<\/p>\n<p>Resoluci\u00f3n 1080p<br \/>\nDise\u00f1o resistente a la intemperie IP67<br \/>\nDetecci\u00f3n de formas humanas impulsada por IA<br \/>\nCaptaci\u00f3n de audio<br \/>\nTecnolog\u00eda de v\u00eddeo H.265<br \/>\nAdmite tarjeta MicroSD\u00b9 (hasta 512 GB)<br \/>\nAdmite almacenamiento en la nube EZVIZ\u00b2<\/p>\n<h2><\/h2>","protected":false},"excerpt":{"rendered":"<p>H3c<\/p>\n<p>C\u00e1mara dom\u00e9stica inteligente con Wi-Fi<\/p>\n<p><a href=\"https:\/\/revistaferreteros.com.ar\/empresas\/ezviz\/\">VISITA EL CATALOGO DE EZVIZ<\/a><\/p>\n<p><strong>\u00bfQuieres adquirir este producto?<\/strong><br \/>\n<strong>Sigue el link de la empresa:<\/strong><\/p>\n<h2><a title=\"WWW.elgalgo.com.ar\/\" href=\"https:\/\/www.ezviz.com\/la\" target=\"_blank\" rel=\"noopener sponsored\" data-schema-attribute=\"about\">www.ezviz.com\/la<\/a><\/h2>","protected":false},"featured_media":6773,"comment_status":"closed","ping_status":"closed","template":"","meta":{"_eb_attr":"","_mi_skip_tracking":false,"_monsterinsights_sitenote_active":false,"_monsterinsights_sitenote_note":"","_monsterinsights_sitenote_category":0,"site-sidebar-layout":"default","site-content-layout":"default","ast-site-content-layout":"default","site-content-style":"default","site-sidebar-style":"default","ast-global-header-display":"","ast-banner-title-visibility":"","ast-main-header-display":"","ast-hfb-above-header-display":"","ast-hfb-below-header-display":"","ast-hfb-mobile-header-display":"","site-post-title":"","ast-breadcrumbs-content":"","ast-featured-img":"","footer-sml-layout":"","ast-disable-related-posts":"","theme-transparent-header-meta":"default","adv-header-id-meta":"","stick-header-meta":"","header-above-stick-meta":"","header-main-stick-meta":"","header-below-stick-meta":"","astra-migrate-meta-layouts":"set","ast-page-background-enabled":"default","ast-page-background-meta":{"desktop":{"background-color":"var(--ast-global-color-4)","background-image":"","background-repeat":"repeat","background-position":"center center","background-size":"auto","background-attachment":"scroll","background-type":"","background-media":"","overlay-type":"","overlay-color":"","overlay-opacity":"","overlay-gradient":""},"tablet":{"background-color":"","background-image":"","background-repeat":"repeat","background-position":"center center","background-size":"auto","background-attachment":"scroll","background-type":"","background-media":"","overlay-type":"","overlay-color":"","overlay-opacity":"","overlay-gradient":""},"mobile":{"background-color":"","background-image":"","background-repeat":"repeat","background-position":"center center","background-size":"auto","background-attachment":"scroll","background-type":"","background-media":"","overlay-type":"","overlay-color":"","overlay-opacity":"","overlay-gradient":""}},"ast-content-background-meta":{"desktop":{"background-color":"var(--ast-global-color-5)","background-image":"","background-repeat":"repeat","background-position":"center center","background-size":"auto","background-attachment":"scroll","background-type":"","background-media":"","overlay-type":"","overlay-color":"","overlay-opacity":"","overlay-gradient":""},"tablet":{"background-color":"var(--ast-global-color-5)","background-image":"","background-repeat":"repeat","background-position":"center center","background-size":"auto","background-attachment":"scroll","background-type":"","background-media":"","overlay-type":"","overlay-color":"","overlay-opacity":"","overlay-gradient":""},"mobile":{"background-color":"var(--ast-global-color-5)","background-image":"","background-repeat":"repeat","background-position":"center center","background-size":"auto","background-attachment":"scroll","background-type":"","background-media":"","overlay-type":"","overlay-color":"","overlay-opacity":"","overlay-gradient":""}}},"product_brand":[],"product_cat":[19],"product_tag":[639,638],"class_list":{"0":"post-6781","1":"product","2":"type-product","3":"status-publish","4":"has-post-thumbnail","6":"product_cat-categorias","7":"product_tag-cerraduras","8":"product_tag-ezviz","9":"desktop-align-left","10":"tablet-align-left","11":"mobile-align-left","12":"ast-product-gallery-layout-horizontal-slider","13":"ast-product-gallery-with-no-image","14":"ast-product-tabs-layout-horizontal","16":"first","17":"instock","18":"product-type-external"},"_links":{"self":[{"href":"https:\/\/revistaferreteros.com.ar\/en\/wp-json\/wp\/v2\/product\/6781","targetHints":{"allow":["GET"]}}],"collection":[{"href":"https:\/\/revistaferreteros.com.ar\/en\/wp-json\/wp\/v2\/product"}],"about":[{"href":"https:\/\/revistaferreteros.com.ar\/en\/wp-json\/wp\/v2\/types\/product"}],"replies":[{"embeddable":true,"href":"https:\/\/revistaferreteros.com.ar\/en\/wp-json\/wp\/v2\/comments?post=6781"}],"version-history":[{"count":3,"href":"https:\/\/revistaferreteros.com.ar\/en\/wp-json\/wp\/v2\/product\/6781\/revisions"}],"predecessor-version":[{"id":6787,"href":"https:\/\/revistaferreteros.com.ar\/en\/wp-json\/wp\/v2\/product\/6781\/revisions\/6787"}],"wp:featuredmedia":[{"embeddable":true,"href":"https:\/\/revistaferreteros.com.ar\/en\/wp-json\/wp\/v2\/media\/6773"}],"wp:attachment":[{"href":"https:\/\/revistaferreteros.com.ar\/en\/wp-json\/wp\/v2\/media?parent=6781"}],"wp:term":[{"taxonomy":"product_brand","embeddable":true,"href":"https:\/\/revistaferreteros.com.ar\/en\/wp-json\/wp\/v2\/product_brand?post=6781"},{"taxonomy":"product_cat","embeddable":true,"href":"https:\/\/revistaferreteros.com.ar\/en\/wp-json\/wp\/v2\/product_cat?post=6781"},{"taxonomy":"product_tag","embeddable":true,"href":"https:\/\/revistaferreteros.com.ar\/en\/wp-json\/wp\/v2\/product_tag?post=6781"}],"curies":[{"name":"wp","href":"https:\/\/api.w.org\/{rel}","templated":true}]}}