{"id":6780,"date":"2024-06-09T17:32:28","date_gmt":"2024-06-09T20:32:28","guid":{"rendered":"https:\/\/revistaferreteros.com.ar\/?post_type=product&#038;p=6780"},"modified":"2025-04-27T15:53:50","modified_gmt":"2025-04-27T18:53:50","slug":"ezviz-hp7","status":"publish","type":"product","link":"https:\/\/revistaferreteros.com.ar\/en\/shop\/categorias\/maderas\/ezviz-hp7\/","title":{"rendered":"EZVIZ &#8211; HP7"},"content":{"rendered":"<p>Una opci\u00f3n conectada para un acceso al hogar m\u00e1s seguro e inteligente<\/p>\n<p>Es hora de actualizar su antiguo intercomunicador para que est\u00e9 conectado a Internet, sea accesible de forma remota y controlable mediante una aplicaci\u00f3n. El primer videoportero HP7 de EZVIZ maximiza la comodidad para los propietarios de viviendas para ver, hablar y otorgar acceso a los visitantes incluso si no est\u00e1n en casa. Tambi\u00e9n mejora la seguridad en el hogar, ya que la c\u00e1mara exterior y el tel\u00e9fono 2 en 1 ayudan a grabar videos con claridad de 2K y detectar personas con notificaciones m\u00f3viles en tiempo real.<\/p>\n<p>*Resoluci\u00f3n 2K<br \/>\n*Pantalla t\u00e1ctil a color de 7 pulgadas<br \/>\n*Desbloqueo remoto de puerta\/port\u00f3n\u00b9<br \/>\n*Detecci\u00f3n inteligente de movimiento humano<br \/>\n*Conversaci\u00f3n bidireccional (admite la funci\u00f3n de cambio de voz)<br \/>\n*Timbre incorporado con m\u00faltiples tonos de llamada<br \/>\n*Desbloqueo RFID inteligente (3 etiquetas incluidas)<br \/>\n*Dise\u00f1o resistente a la intemperie<br \/>\n*3 tarjetas de nombre incluidas.<br \/>\n*Admite Wi-Fi de doble banda de 2,4\/5 GHz<br \/>\n*Admite tarjeta MicroSD (hasta 512 GB) y almacenamiento EZVIZ CloudPlay\u00b2<\/p>","protected":false},"excerpt":{"rendered":"<p>HP72K<\/p>\n<p>Videoportero dom\u00e9stico inteligente<\/p>","protected":false},"featured_media":6775,"comment_status":"closed","ping_status":"closed","template":"","meta":{"_eb_attr":"","_mi_skip_tracking":false,"_monsterinsights_sitenote_active":false,"_monsterinsights_sitenote_note":"","_monsterinsights_sitenote_category":0,"site-sidebar-layout":"","site-content-layout":"default","ast-site-content-layout":"5","site-content-style":"default","site-sidebar-style":"default","ast-global-header-display":"","ast-banner-title-visibility":"","ast-main-header-display":"","ast-hfb-above-header-display":"","ast-hfb-below-header-display":"","ast-hfb-mobile-header-display":"","site-post-title":"","ast-breadcrumbs-content":"","ast-featured-img":"","footer-sml-layout":"","ast-disable-related-posts":"","theme-transparent-header-meta":"default","adv-header-id-meta":"","stick-header-meta":"","header-above-stick-meta":"","header-main-stick-meta":"","header-below-stick-meta":"","astra-migrate-meta-layouts":"default","ast-page-background-enabled":"default","ast-page-background-meta":{"desktop":{"background-color":"var(--ast-global-color-4)","background-image":"","background-repeat":"repeat","background-position":"center center","background-size":"auto","background-attachment":"scroll","background-type":"","background-media":"","overlay-type":"","overlay-color":"","overlay-opacity":"","overlay-gradient":""},"tablet":{"background-color":"","background-image":"","background-repeat":"repeat","background-position":"center center","background-size":"auto","background-attachment":"scroll","background-type":"","background-media":"","overlay-type":"","overlay-color":"","overlay-opacity":"","overlay-gradient":""},"mobile":{"background-color":"","background-image":"","background-repeat":"repeat","background-position":"center center","background-size":"auto","background-attachment":"scroll","background-type":"","background-media":"","overlay-type":"","overlay-color":"","overlay-opacity":"","overlay-gradient":""}},"ast-content-background-meta":{"desktop":{"background-color":"var(--ast-global-color-5)","background-image":"","background-repeat":"repeat","background-position":"center center","background-size":"auto","background-attachment":"scroll","background-type":"","background-media":"","overlay-type":"","overlay-color":"","overlay-opacity":"","overlay-gradient":""},"tablet":{"background-color":"var(--ast-global-color-5)","background-image":"","background-repeat":"repeat","background-position":"center center","background-size":"auto","background-attachment":"scroll","background-type":"","background-media":"","overlay-type":"","overlay-color":"","overlay-opacity":"","overlay-gradient":""},"mobile":{"background-color":"var(--ast-global-color-5)","background-image":"","background-repeat":"repeat","background-position":"center center","background-size":"auto","background-attachment":"scroll","background-type":"","background-media":"","overlay-type":"","overlay-color":"","overlay-opacity":"","overlay-gradient":""}}},"product_brand":[],"product_cat":[19,30],"product_tag":[639,638],"class_list":{"0":"post-6780","1":"product","2":"type-product","3":"status-publish","4":"has-post-thumbnail","6":"product_cat-categorias","7":"product_cat-maderas","8":"product_tag-cerraduras","9":"product_tag-ezviz","10":"desktop-align-left","11":"tablet-align-left","12":"mobile-align-left","13":"ast-product-gallery-layout-horizontal-slider","14":"ast-product-gallery-with-no-image","15":"ast-product-tabs-layout-horizontal","17":"first","18":"instock","19":"product-type-external"},"_links":{"self":[{"href":"https:\/\/revistaferreteros.com.ar\/en\/wp-json\/wp\/v2\/product\/6780","targetHints":{"allow":["GET"]}}],"collection":[{"href":"https:\/\/revistaferreteros.com.ar\/en\/wp-json\/wp\/v2\/product"}],"about":[{"href":"https:\/\/revistaferreteros.com.ar\/en\/wp-json\/wp\/v2\/types\/product"}],"replies":[{"embeddable":true,"href":"https:\/\/revistaferreteros.com.ar\/en\/wp-json\/wp\/v2\/comments?post=6780"}],"version-history":[{"count":2,"href":"https:\/\/revistaferreteros.com.ar\/en\/wp-json\/wp\/v2\/product\/6780\/revisions"}],"predecessor-version":[{"id":6788,"href":"https:\/\/revistaferreteros.com.ar\/en\/wp-json\/wp\/v2\/product\/6780\/revisions\/6788"}],"wp:featuredmedia":[{"embeddable":true,"href":"https:\/\/revistaferreteros.com.ar\/en\/wp-json\/wp\/v2\/media\/6775"}],"wp:attachment":[{"href":"https:\/\/revistaferreteros.com.ar\/en\/wp-json\/wp\/v2\/media?parent=6780"}],"wp:term":[{"taxonomy":"product_brand","embeddable":true,"href":"https:\/\/revistaferreteros.com.ar\/en\/wp-json\/wp\/v2\/product_brand?post=6780"},{"taxonomy":"product_cat","embeddable":true,"href":"https:\/\/revistaferreteros.com.ar\/en\/wp-json\/wp\/v2\/product_cat?post=6780"},{"taxonomy":"product_tag","embeddable":true,"href":"https:\/\/revistaferreteros.com.ar\/en\/wp-json\/wp\/v2\/product_tag?post=6780"}],"curies":[{"name":"wp","href":"https:\/\/api.w.org\/{rel}","templated":true}]}}