{"id":6779,"date":"2024-06-09T17:32:28","date_gmt":"2024-06-09T20:32:28","guid":{"rendered":"https:\/\/revistaferreteros.com.ar\/?post_type=product&#038;p=6779"},"modified":"2025-04-27T15:53:50","modified_gmt":"2025-04-27T18:53:50","slug":"ezviz-cb2","status":"publish","type":"product","link":"https:\/\/revistaferreteros.com.ar\/en\/shop\/categorias\/ezviz-cb2\/","title":{"rendered":"EZVIZ &#8211; CB2"},"content":{"rendered":"<p>Una decoraci\u00f3n elegante para proteger tu hogar de forma inteligente<\/p>\n<p>Es hora de actualizar sus voluminosas c\u00e1maras con la \u00faltima CB2 para que coincida con el gusto de decoraci\u00f3n de su hogar.<\/p>\n<p>De tama\u00f1o peque\u00f1o y alimentado por bater\u00eda con una base magn\u00e9tica desmontable, este dispositivo inteligente b\u00e1sicamente puede adaptarse a cualquier espacio interior mientras captura momentos cruciales con gran claridad, del d\u00eda a la noche.<\/p>\n<p>Detecta movimientos humanos en tiempo real y ofrece comunicaciones bidireccionales, sirviendo perfectamente como monitor de beb\u00e9 o c\u00e1mara para mascotas en casa.<\/p>\n<p>*Resoluci\u00f3n 1080p<br \/>\n*Visi\u00f3n nocturna por infrarrojos Hasta 5 m (16 pies)<br \/>\n*Detecci\u00f3n inteligente de movimiento humano<br \/>\n*Charla bidireccional<br \/>\n*Hasta 50 d\u00edas de duraci\u00f3n de la bater\u00eda\u00b9 (bater\u00eda recargable de 2000 mAh)<br \/>\n*C\u00e1mara del tama\u00f1o de la palma de la mano<br \/>\n*Instalar con base magn\u00e9tica<br \/>\n*Integraci\u00f3n inteligente con el Asistente de Google y Amazon Alexa\u00b2<br \/>\n*Admite tarjeta MicroSD (hasta 512 GB) y almacenamiento EZVIZ CloudPlay\u00b3<\/p>","protected":false},"excerpt":{"rendered":"<p>CB2<\/p>\n<p>C\u00e1mara de bater\u00eda para hogar inteligente Wi-Fi<\/p>\n<p><a href=\"https:\/\/revistaferreteros.com.ar\/empresas\/ezviz\/\">VISITA EL CATALOGO DE EZVIZ<\/a><\/p>\n<p><strong>\u00bfQuieres adquirir este producto?<\/strong><br \/>\n<strong>Sigue el link de la empresa:<\/strong><\/p>\n<h2><a title=\"WWW.elgalgo.com.ar\/\" href=\"https:\/\/www.ezviz.com\/la\" target=\"_blank\" rel=\"noopener sponsored\" data-schema-attribute=\"about\">www.ezviz.com\/la<\/a><\/h2>","protected":false},"featured_media":6771,"comment_status":"closed","ping_status":"closed","template":"","meta":{"_eb_attr":"","_mi_skip_tracking":false,"_monsterinsights_sitenote_active":false,"_monsterinsights_sitenote_note":"","_monsterinsights_sitenote_category":0,"site-sidebar-layout":"default","site-content-layout":"default","ast-site-content-layout":"default","site-content-style":"default","site-sidebar-style":"default","ast-global-header-display":"","ast-banner-title-visibility":"","ast-main-header-display":"","ast-hfb-above-header-display":"","ast-hfb-below-header-display":"","ast-hfb-mobile-header-display":"","site-post-title":"","ast-breadcrumbs-content":"","ast-featured-img":"","footer-sml-layout":"","ast-disable-related-posts":"","theme-transparent-header-meta":"default","adv-header-id-meta":"","stick-header-meta":"","header-above-stick-meta":"","header-main-stick-meta":"","header-below-stick-meta":"","astra-migrate-meta-layouts":"set","ast-page-background-enabled":"default","ast-page-background-meta":{"desktop":{"background-color":"var(--ast-global-color-4)","background-image":"","background-repeat":"repeat","background-position":"center center","background-size":"auto","background-attachment":"scroll","background-type":"","background-media":"","overlay-type":"","overlay-color":"","overlay-opacity":"","overlay-gradient":""},"tablet":{"background-color":"","background-image":"","background-repeat":"repeat","background-position":"center center","background-size":"auto","background-attachment":"scroll","background-type":"","background-media":"","overlay-type":"","overlay-color":"","overlay-opacity":"","overlay-gradient":""},"mobile":{"background-color":"","background-image":"","background-repeat":"repeat","background-position":"center center","background-size":"auto","background-attachment":"scroll","background-type":"","background-media":"","overlay-type":"","overlay-color":"","overlay-opacity":"","overlay-gradient":""}},"ast-content-background-meta":{"desktop":{"background-color":"var(--ast-global-color-5)","background-image":"","background-repeat":"repeat","background-position":"center center","background-size":"auto","background-attachment":"scroll","background-type":"","background-media":"","overlay-type":"","overlay-color":"","overlay-opacity":"","overlay-gradient":""},"tablet":{"background-color":"var(--ast-global-color-5)","background-image":"","background-repeat":"repeat","background-position":"center center","background-size":"auto","background-attachment":"scroll","background-type":"","background-media":"","overlay-type":"","overlay-color":"","overlay-opacity":"","overlay-gradient":""},"mobile":{"background-color":"var(--ast-global-color-5)","background-image":"","background-repeat":"repeat","background-position":"center center","background-size":"auto","background-attachment":"scroll","background-type":"","background-media":"","overlay-type":"","overlay-color":"","overlay-opacity":"","overlay-gradient":""}}},"product_brand":[],"product_cat":[19],"product_tag":[639,638],"class_list":{"0":"post-6779","1":"product","2":"type-product","3":"status-publish","4":"has-post-thumbnail","6":"product_cat-categorias","7":"product_tag-cerraduras","8":"product_tag-ezviz","9":"desktop-align-left","10":"tablet-align-left","11":"mobile-align-left","12":"ast-product-gallery-layout-horizontal-slider","13":"ast-product-gallery-with-no-image","14":"ast-product-tabs-layout-horizontal","16":"first","17":"instock","18":"product-type-external"},"_links":{"self":[{"href":"https:\/\/revistaferreteros.com.ar\/en\/wp-json\/wp\/v2\/product\/6779","targetHints":{"allow":["GET"]}}],"collection":[{"href":"https:\/\/revistaferreteros.com.ar\/en\/wp-json\/wp\/v2\/product"}],"about":[{"href":"https:\/\/revistaferreteros.com.ar\/en\/wp-json\/wp\/v2\/types\/product"}],"replies":[{"embeddable":true,"href":"https:\/\/revistaferreteros.com.ar\/en\/wp-json\/wp\/v2\/comments?post=6779"}],"version-history":[{"count":4,"href":"https:\/\/revistaferreteros.com.ar\/en\/wp-json\/wp\/v2\/product\/6779\/revisions"}],"predecessor-version":[{"id":6796,"href":"https:\/\/revistaferreteros.com.ar\/en\/wp-json\/wp\/v2\/product\/6779\/revisions\/6796"}],"wp:featuredmedia":[{"embeddable":true,"href":"https:\/\/revistaferreteros.com.ar\/en\/wp-json\/wp\/v2\/media\/6771"}],"wp:attachment":[{"href":"https:\/\/revistaferreteros.com.ar\/en\/wp-json\/wp\/v2\/media?parent=6779"}],"wp:term":[{"taxonomy":"product_brand","embeddable":true,"href":"https:\/\/revistaferreteros.com.ar\/en\/wp-json\/wp\/v2\/product_brand?post=6779"},{"taxonomy":"product_cat","embeddable":true,"href":"https:\/\/revistaferreteros.com.ar\/en\/wp-json\/wp\/v2\/product_cat?post=6779"},{"taxonomy":"product_tag","embeddable":true,"href":"https:\/\/revistaferreteros.com.ar\/en\/wp-json\/wp\/v2\/product_tag?post=6779"}],"curies":[{"name":"wp","href":"https:\/\/api.w.org\/{rel}","templated":true}]}}