{"id":6778,"date":"2024-06-09T17:32:28","date_gmt":"2024-06-09T20:32:28","guid":{"rendered":"https:\/\/revistaferreteros.com.ar\/?post_type=product&#038;p=6778"},"modified":"2025-04-27T15:53:50","modified_gmt":"2025-04-27T18:53:50","slug":"ezviz-h8c-2-mp","status":"publish","type":"product","link":"https:\/\/revistaferreteros.com.ar\/en\/shop\/categorias\/ferreteria-categorias\/ezviz-h8c-2-mp\/","title":{"rendered":"EZVIZ &#8211; H8C 2 MP"},"content":{"rendered":"<p>Protecci\u00f3n de 360 grados simplemente inteligente<\/p>\n<p>Al heredar las tecnolog\u00edas principales de la galardonada serie de c\u00e1maras con paneo e inclinaci\u00f3n para exteriores de EZVIZ, la H8c cuenta con m\u00faltiples funciones inteligentes en una unidad compacta para una protecci\u00f3n del hogar simplemente inteligente.<\/p>\n<p>Esta c\u00e1mara de confianza y accesible es ideal para cualquier clima y funciona de forma estable en plataformas de Internet residenciales.<br \/>\n*Resoluci\u00f3n 1080p<br \/>\n*Cobertura panor\u00e1mica de 360\u00b0<br \/>\n*Visi\u00f3n Nocturna a Color<br \/>\n*Detecci\u00f3n de Personas con Tecnolog\u00eda de IA<br \/>\n*Seguimiento Autom\u00e1tico<br \/>\n*Personaliza los puntos de inter\u00e9s a vigilar<br \/>\n*Comunicaci\u00f3n Bidireccional<br \/>\n*Defensa activa con sirena y luz estrobosc\u00f3pica<br \/>\n*Dise\u00f1o resistente a la intemperie<br \/>\n*Tecnolog\u00eda de Video H.265<br \/>\n*Integraci\u00f3n Inteligente con Google Assistant y Amazon Alexa\u00b9<br \/>\n*Admite tarjetas MicroSD (hasta 512 GB) y almacenamiento en la nube EZVIZ\u00b2<\/p>","protected":false},"excerpt":{"rendered":"<p>H8C C\u00e1mara Wi-Fi con Paneo e Inclinaci\u00f3n<\/p>\n<p><a href=\"https:\/\/revistaferreteros.com.ar\/empresas\/ezviz\/\">VISITA EL CATALOGO DE EZVIZ<\/a><\/p>\n<p><strong>\u00bfQuieres adquirir este producto?<\/strong><br \/>\n<strong>Sigue el link de la empresa:<\/strong><\/p>\n<h2><a title=\"WWW.elgalgo.com.ar\/\" href=\"https:\/\/www.ezviz.com\/la\" target=\"_blank\" rel=\"noopener sponsored\" data-schema-attribute=\"about\">www.ezviz.com\/la<\/a><\/h2>","protected":false},"featured_media":6774,"comment_status":"closed","ping_status":"closed","template":"","meta":{"_eb_attr":"","_mi_skip_tracking":false,"_monsterinsights_sitenote_active":false,"_monsterinsights_sitenote_note":"","_monsterinsights_sitenote_category":0,"site-sidebar-layout":"default","site-content-layout":"default","ast-site-content-layout":"default","site-content-style":"default","site-sidebar-style":"default","ast-global-header-display":"","ast-banner-title-visibility":"","ast-main-header-display":"","ast-hfb-above-header-display":"","ast-hfb-below-header-display":"","ast-hfb-mobile-header-display":"","site-post-title":"","ast-breadcrumbs-content":"","ast-featured-img":"","footer-sml-layout":"","ast-disable-related-posts":"","theme-transparent-header-meta":"default","adv-header-id-meta":"","stick-header-meta":"","header-above-stick-meta":"","header-main-stick-meta":"","header-below-stick-meta":"","astra-migrate-meta-layouts":"set","ast-page-background-enabled":"default","ast-page-background-meta":{"desktop":{"background-color":"var(--ast-global-color-4)","background-image":"","background-repeat":"repeat","background-position":"center center","background-size":"auto","background-attachment":"scroll","background-type":"","background-media":"","overlay-type":"","overlay-color":"","overlay-opacity":"","overlay-gradient":""},"tablet":{"background-color":"","background-image":"","background-repeat":"repeat","background-position":"center center","background-size":"auto","background-attachment":"scroll","background-type":"","background-media":"","overlay-type":"","overlay-color":"","overlay-opacity":"","overlay-gradient":""},"mobile":{"background-color":"","background-image":"","background-repeat":"repeat","background-position":"center center","background-size":"auto","background-attachment":"scroll","background-type":"","background-media":"","overlay-type":"","overlay-color":"","overlay-opacity":"","overlay-gradient":""}},"ast-content-background-meta":{"desktop":{"background-color":"var(--ast-global-color-5)","background-image":"","background-repeat":"repeat","background-position":"center center","background-size":"auto","background-attachment":"scroll","background-type":"","background-media":"","overlay-type":"","overlay-color":"","overlay-opacity":"","overlay-gradient":""},"tablet":{"background-color":"var(--ast-global-color-5)","background-image":"","background-repeat":"repeat","background-position":"center center","background-size":"auto","background-attachment":"scroll","background-type":"","background-media":"","overlay-type":"","overlay-color":"","overlay-opacity":"","overlay-gradient":""},"mobile":{"background-color":"var(--ast-global-color-5)","background-image":"","background-repeat":"repeat","background-position":"center center","background-size":"auto","background-attachment":"scroll","background-type":"","background-media":"","overlay-type":"","overlay-color":"","overlay-opacity":"","overlay-gradient":""}}},"product_brand":[],"product_cat":[19,610],"product_tag":[639,638],"class_list":{"0":"post-6778","1":"product","2":"type-product","3":"status-publish","4":"has-post-thumbnail","6":"product_cat-categorias","7":"product_cat-ferreteria-categorias","8":"product_tag-cerraduras","9":"product_tag-ezviz","10":"desktop-align-left","11":"tablet-align-left","12":"mobile-align-left","13":"ast-product-gallery-layout-horizontal-slider","14":"ast-product-gallery-with-no-image","15":"ast-product-tabs-layout-horizontal","17":"first","18":"instock","19":"product-type-external"},"_links":{"self":[{"href":"https:\/\/revistaferreteros.com.ar\/en\/wp-json\/wp\/v2\/product\/6778","targetHints":{"allow":["GET"]}}],"collection":[{"href":"https:\/\/revistaferreteros.com.ar\/en\/wp-json\/wp\/v2\/product"}],"about":[{"href":"https:\/\/revistaferreteros.com.ar\/en\/wp-json\/wp\/v2\/types\/product"}],"replies":[{"embeddable":true,"href":"https:\/\/revistaferreteros.com.ar\/en\/wp-json\/wp\/v2\/comments?post=6778"}],"version-history":[{"count":3,"href":"https:\/\/revistaferreteros.com.ar\/en\/wp-json\/wp\/v2\/product\/6778\/revisions"}],"predecessor-version":[{"id":6792,"href":"https:\/\/revistaferreteros.com.ar\/en\/wp-json\/wp\/v2\/product\/6778\/revisions\/6792"}],"wp:featuredmedia":[{"embeddable":true,"href":"https:\/\/revistaferreteros.com.ar\/en\/wp-json\/wp\/v2\/media\/6774"}],"wp:attachment":[{"href":"https:\/\/revistaferreteros.com.ar\/en\/wp-json\/wp\/v2\/media?parent=6778"}],"wp:term":[{"taxonomy":"product_brand","embeddable":true,"href":"https:\/\/revistaferreteros.com.ar\/en\/wp-json\/wp\/v2\/product_brand?post=6778"},{"taxonomy":"product_cat","embeddable":true,"href":"https:\/\/revistaferreteros.com.ar\/en\/wp-json\/wp\/v2\/product_cat?post=6778"},{"taxonomy":"product_tag","embeddable":true,"href":"https:\/\/revistaferreteros.com.ar\/en\/wp-json\/wp\/v2\/product_tag?post=6778"}],"curies":[{"name":"wp","href":"https:\/\/api.w.org\/{rel}","templated":true}]}}