{"id":6777,"date":"2024-06-09T17:32:27","date_gmt":"2024-06-09T20:32:27","guid":{"rendered":"https:\/\/revistaferreteros.com.ar\/?post_type=product&#038;p=6777"},"modified":"2025-04-27T15:53:50","modified_gmt":"2025-04-27T18:53:50","slug":"ezviz-dl05","status":"publish","type":"product","link":"https:\/\/revistaferreteros.com.ar\/en\/shop\/categorias\/ferreteria-categorias\/ezviz-dl05\/","title":{"rendered":"EZVIZ &#8211; DL05"},"content":{"rendered":"<p>Disfrute de la seguridad de su hogar sin necesidad de llaves<\/p>\n<p>La DL05 se ajusta a los valores fundamentales de una cerradura realmente inteligente: f\u00e1cil de desbloquear, inteligente en los controles y segura por dise\u00f1o.<\/p>\n<p>Conectado a trav\u00e9s de Bluetooth o Wi-Fi, cuenta con sistemas de desbloqueo adaptables y le permite acceder a su hogar desde cualquier lugar a trav\u00e9s de la aplicaci\u00f3n EZVIZ.<\/p>\n<p>Bajo un moderno y elegante dise\u00f1o, su resistente cuerpo de cerradura y sus m\u00faltiples funciones de seguridad le ayudar\u00e1n a proteger su entrada adecuadamente.<\/p>\n<p>*M\u00faltiples M\u00e9todos de Desbloqueo<br \/>\n*Control f\u00e1cil a trav\u00e9s de la aplicaci\u00f3n EZVIZ<br \/>\n*Alertas m\u00f3viles en tiempo real<br \/>\n*Permite c\u00f3digos de acceso temporales<br \/>\n*Soporta c\u00f3digos Antiespionaje<br \/>\n*Soporta Bloqueo de Seguridad para Ni\u00f1os<br \/>\n*Timbre electr\u00f3nico incorporado<br \/>\n*Alarma Antisabotaje<br \/>\n*Dise\u00f1o resistente a la intemperie\u00b9<br \/>\n*Permite el suministro de energ\u00eda de emergencia<\/p>","protected":false},"excerpt":{"rendered":"<p>DL05: Cerradura Inteligente con Huella Dactilar,\u00a0 se ajusta a los valores fundamentales de una cerradura realmente inteligente: f\u00e1cil de desbloquear, inteligente en los controles y segura por dise\u00f1o.<\/p>\n<p>Cerradura Inteligente con Huella Dactilar<\/p>\n<p><a href=\"https:\/\/revistaferreteros.com.ar\/empresas\/ezviz\/\">VISITA EL CATALOGO DE EZVIZ<\/a><\/p>\n<p><strong>\u00bfQuieres adquirir este producto?<\/strong><br \/>\n<strong>Sigue el link de la empresa:<\/strong><\/p>\n<h2><a title=\"WWW.elgalgo.com.ar\/\" href=\"https:\/\/www.ezviz.com\/la\" target=\"_blank\" rel=\"noopener sponsored\" data-schema-attribute=\"about\">www.ezviz.com\/la<\/a><\/h2>","protected":false},"featured_media":6772,"comment_status":"closed","ping_status":"closed","template":"","meta":{"_eb_attr":"","_mi_skip_tracking":false,"_monsterinsights_sitenote_active":false,"_monsterinsights_sitenote_note":"","_monsterinsights_sitenote_category":0,"site-sidebar-layout":"default","site-content-layout":"default","ast-site-content-layout":"default","site-content-style":"default","site-sidebar-style":"default","ast-global-header-display":"","ast-banner-title-visibility":"","ast-main-header-display":"","ast-hfb-above-header-display":"","ast-hfb-below-header-display":"","ast-hfb-mobile-header-display":"","site-post-title":"","ast-breadcrumbs-content":"","ast-featured-img":"","footer-sml-layout":"","ast-disable-related-posts":"","theme-transparent-header-meta":"default","adv-header-id-meta":"","stick-header-meta":"","header-above-stick-meta":"","header-main-stick-meta":"","header-below-stick-meta":"","astra-migrate-meta-layouts":"set","ast-page-background-enabled":"default","ast-page-background-meta":{"desktop":{"background-color":"var(--ast-global-color-4)","background-image":"","background-repeat":"repeat","background-position":"center center","background-size":"auto","background-attachment":"scroll","background-type":"","background-media":"","overlay-type":"","overlay-color":"","overlay-opacity":"","overlay-gradient":""},"tablet":{"background-color":"","background-image":"","background-repeat":"repeat","background-position":"center center","background-size":"auto","background-attachment":"scroll","background-type":"","background-media":"","overlay-type":"","overlay-color":"","overlay-opacity":"","overlay-gradient":""},"mobile":{"background-color":"","background-image":"","background-repeat":"repeat","background-position":"center center","background-size":"auto","background-attachment":"scroll","background-type":"","background-media":"","overlay-type":"","overlay-color":"","overlay-opacity":"","overlay-gradient":""}},"ast-content-background-meta":{"desktop":{"background-color":"var(--ast-global-color-5)","background-image":"","background-repeat":"repeat","background-position":"center center","background-size":"auto","background-attachment":"scroll","background-type":"","background-media":"","overlay-type":"","overlay-color":"","overlay-opacity":"","overlay-gradient":""},"tablet":{"background-color":"var(--ast-global-color-5)","background-image":"","background-repeat":"repeat","background-position":"center center","background-size":"auto","background-attachment":"scroll","background-type":"","background-media":"","overlay-type":"","overlay-color":"","overlay-opacity":"","overlay-gradient":""},"mobile":{"background-color":"var(--ast-global-color-5)","background-image":"","background-repeat":"repeat","background-position":"center center","background-size":"auto","background-attachment":"scroll","background-type":"","background-media":"","overlay-type":"","overlay-color":"","overlay-opacity":"","overlay-gradient":""}}},"product_brand":[],"product_cat":[19,610],"product_tag":[639,638],"class_list":{"0":"post-6777","1":"product","2":"type-product","3":"status-publish","4":"has-post-thumbnail","6":"product_cat-categorias","7":"product_cat-ferreteria-categorias","8":"product_tag-cerraduras","9":"product_tag-ezviz","10":"desktop-align-left","11":"tablet-align-left","12":"mobile-align-left","13":"ast-product-gallery-layout-horizontal-slider","14":"ast-product-gallery-with-no-image","15":"ast-product-tabs-layout-horizontal","17":"first","18":"instock","19":"product-type-external"},"_links":{"self":[{"href":"https:\/\/revistaferreteros.com.ar\/en\/wp-json\/wp\/v2\/product\/6777","targetHints":{"allow":["GET"]}}],"collection":[{"href":"https:\/\/revistaferreteros.com.ar\/en\/wp-json\/wp\/v2\/product"}],"about":[{"href":"https:\/\/revistaferreteros.com.ar\/en\/wp-json\/wp\/v2\/types\/product"}],"replies":[{"embeddable":true,"href":"https:\/\/revistaferreteros.com.ar\/en\/wp-json\/wp\/v2\/comments?post=6777"}],"version-history":[{"count":3,"href":"https:\/\/revistaferreteros.com.ar\/en\/wp-json\/wp\/v2\/product\/6777\/revisions"}],"predecessor-version":[{"id":6794,"href":"https:\/\/revistaferreteros.com.ar\/en\/wp-json\/wp\/v2\/product\/6777\/revisions\/6794"}],"wp:featuredmedia":[{"embeddable":true,"href":"https:\/\/revistaferreteros.com.ar\/en\/wp-json\/wp\/v2\/media\/6772"}],"wp:attachment":[{"href":"https:\/\/revistaferreteros.com.ar\/en\/wp-json\/wp\/v2\/media?parent=6777"}],"wp:term":[{"taxonomy":"product_brand","embeddable":true,"href":"https:\/\/revistaferreteros.com.ar\/en\/wp-json\/wp\/v2\/product_brand?post=6777"},{"taxonomy":"product_cat","embeddable":true,"href":"https:\/\/revistaferreteros.com.ar\/en\/wp-json\/wp\/v2\/product_cat?post=6777"},{"taxonomy":"product_tag","embeddable":true,"href":"https:\/\/revistaferreteros.com.ar\/en\/wp-json\/wp\/v2\/product_tag?post=6777"}],"curies":[{"name":"wp","href":"https:\/\/api.w.org\/{rel}","templated":true}]}}