{"id":6035,"date":"2024-03-02T17:39:00","date_gmt":"2024-03-02T20:39:00","guid":{"rendered":"https:\/\/revistaferreteros.com.ar\/?post_type=product&#038;p=6035"},"modified":"2025-04-27T15:53:47","modified_gmt":"2025-04-27T18:53:47","slug":"muresco-stoneflex-naturalesflexibles","status":"publish","type":"product","link":"https:\/\/revistaferreteros.com.ar\/en\/shop\/muresco\/muresco-stoneflex-naturalesflexibles\/","title":{"rendered":"MURESCO &#8211; Stoneflex +naturales+flexibles"},"content":{"rendered":"<p>Presentacion en listones de Dimensi\u00f3n<br \/>\n155 x 610 x 55 mm y vienen 10 unidades en una caja! Pero no es todo, tambien tenemos laminas de 1220x610x2, o traslucidas<\/p>\n<p>MURESCO es una empresa l\u00edder con m\u00e1s de 50 a\u00f1os en el mercado brindando soluciones integrales para arquitectura y dise\u00f1o de interiores. Contamos con una gran variedad de productos para revestir paredes, pisos y muebles que combinan el bienestar, la creatividad y el dise\u00f1o.Con el objetivo de satisfacer las necesidades de nuestros clientes desarrollamos productos que contribuyen a decorar y refaccionar ambientes de una manera eficiente. Contamos con una l\u00ednea de productos autoadhesivos que son una soluci\u00f3n r\u00e1pida para revestir y decorar objetos, muebles y ambientes sin la necesidad de entrar en obra. Algunos de ellos son las Placas 3D, PVC, cer\u00e1micos, azulejos, venecitas y wallstickers. Estos productos conforman la l\u00ednea llamada Decolife y permiten generar cambios de una forma r\u00e1pida y sencilla considerando la posibilidad de que cualquier persona pueda colocarlos prescindiendo del costo de la mano de obra.Adem\u00e1s, nos destacamos por tener la f\u00e1brica de empapelados m\u00e1s grande de Latinoam\u00e9rica que nos permite contar con una amplia variedad de dise\u00f1os y texturas para empapelar cualquier ambiente. Y, en los \u00faltimos a\u00f1os, evolucionamos convirti\u00e9ndonos en grandes distribuidores de pisos y c\u00e9sped sint\u00e9tico a nivel nacional, comercializando productos que permiten diferentes combinaciones de colores y texturas.Nuestra misi\u00f3n es estar cerca de nuestros clientes, acompa\u00f1\u00e1ndolos, para incorporar productos que cumplan con sus nuevas necesidades, ofreciendo calidad y buena experiencia, siempre.<\/p>","protected":false},"excerpt":{"rendered":"<p>Stone Flex es un producto para revestir paredes en piedra natural, liviana, flexible y \u00fanica en su categor\u00eda, con infinitas posibilidades tanto en interiores como en exteriores. F\u00e1cil de cortar, manipular y transportar. Su tecnolog\u00eda es tan revolucionaria que se puede adherir a cualquier superficie de construcci\u00f3n permitiendo revertir hasta donde alcance tu imaginaci\u00f3n.<\/p>\n<p><a href=\"https:\/\/revistaferreteros.com.ar\/empresas\/muresco\/\">VISITA EL CATALOGO DE MURESCO<\/a><\/p>\n<p><strong>\u00bfQuieres adquirir este producto?<\/strong><\/p>\n<p><strong>Sigue el link de la empresa:<\/strong><\/p>\n<h3><a title=\"www.muresco.com\" href=\"https:\/\/www.muresco.com\/\" target=\"_blank\" rel=\"noopener sponsored\" data-schema-attribute=\"about\">&#8220;https:\/\/www.muresco.com\/&#8221; <\/a><\/h3>","protected":false},"featured_media":6028,"comment_status":"closed","ping_status":"closed","template":"","meta":{"_eb_attr":"","_mi_skip_tracking":false,"_monsterinsights_sitenote_active":false,"_monsterinsights_sitenote_note":"","_monsterinsights_sitenote_category":0,"site-sidebar-layout":"default","site-content-layout":"default","ast-site-content-layout":"default","site-content-style":"default","site-sidebar-style":"default","ast-global-header-display":"","ast-banner-title-visibility":"","ast-main-header-display":"","ast-hfb-above-header-display":"","ast-hfb-below-header-display":"","ast-hfb-mobile-header-display":"","site-post-title":"","ast-breadcrumbs-content":"","ast-featured-img":"","footer-sml-layout":"","ast-disable-related-posts":"","theme-transparent-header-meta":"default","adv-header-id-meta":"","stick-header-meta":"","header-above-stick-meta":"","header-main-stick-meta":"","header-below-stick-meta":"","astra-migrate-meta-layouts":"set","ast-page-background-enabled":"default","ast-page-background-meta":{"desktop":{"background-color":"var(--ast-global-color-4)","background-image":"","background-repeat":"repeat","background-position":"center center","background-size":"auto","background-attachment":"scroll","background-type":"","background-media":"","overlay-type":"","overlay-color":"","overlay-opacity":"","overlay-gradient":""},"tablet":{"background-color":"","background-image":"","background-repeat":"repeat","background-position":"center center","background-size":"auto","background-attachment":"scroll","background-type":"","background-media":"","overlay-type":"","overlay-color":"","overlay-opacity":"","overlay-gradient":""},"mobile":{"background-color":"","background-image":"","background-repeat":"repeat","background-position":"center center","background-size":"auto","background-attachment":"scroll","background-type":"","background-media":"","overlay-type":"","overlay-color":"","overlay-opacity":"","overlay-gradient":""}},"ast-content-background-meta":{"desktop":{"background-color":"var(--ast-global-color-5)","background-image":"","background-repeat":"repeat","background-position":"center center","background-size":"auto","background-attachment":"scroll","background-type":"","background-media":"","overlay-type":"","overlay-color":"","overlay-opacity":"","overlay-gradient":""},"tablet":{"background-color":"var(--ast-global-color-5)","background-image":"","background-repeat":"repeat","background-position":"center center","background-size":"auto","background-attachment":"scroll","background-type":"","background-media":"","overlay-type":"","overlay-color":"","overlay-opacity":"","overlay-gradient":""},"mobile":{"background-color":"var(--ast-global-color-5)","background-image":"","background-repeat":"repeat","background-position":"center center","background-size":"auto","background-attachment":"scroll","background-type":"","background-media":"","overlay-type":"","overlay-color":"","overlay-opacity":"","overlay-gradient":""}}},"product_brand":[],"product_cat":[613,19,22,610,92],"product_tag":[347,198,611],"class_list":{"0":"post-6035","1":"product","2":"type-product","3":"status-publish","4":"has-post-thumbnail","6":"product_cat-muresco","7":"product_cat-categorias","8":"product_cat-construccion","9":"product_cat-ferreteria-categorias","10":"product_cat-pisos","11":"product_tag-construccion","12":"product_tag-ferreteria","13":"product_tag-muresco","14":"desktop-align-left","15":"tablet-align-left","16":"mobile-align-left","17":"ast-product-gallery-layout-horizontal-slider","18":"ast-product-gallery-with-no-image","19":"ast-product-tabs-layout-horizontal","21":"first","22":"instock","23":"product-type-external"},"_links":{"self":[{"href":"https:\/\/revistaferreteros.com.ar\/en\/wp-json\/wp\/v2\/product\/6035","targetHints":{"allow":["GET"]}}],"collection":[{"href":"https:\/\/revistaferreteros.com.ar\/en\/wp-json\/wp\/v2\/product"}],"about":[{"href":"https:\/\/revistaferreteros.com.ar\/en\/wp-json\/wp\/v2\/types\/product"}],"replies":[{"embeddable":true,"href":"https:\/\/revistaferreteros.com.ar\/en\/wp-json\/wp\/v2\/comments?post=6035"}],"version-history":[{"count":2,"href":"https:\/\/revistaferreteros.com.ar\/en\/wp-json\/wp\/v2\/product\/6035\/revisions"}],"predecessor-version":[{"id":6049,"href":"https:\/\/revistaferreteros.com.ar\/en\/wp-json\/wp\/v2\/product\/6035\/revisions\/6049"}],"wp:featuredmedia":[{"embeddable":true,"href":"https:\/\/revistaferreteros.com.ar\/en\/wp-json\/wp\/v2\/media\/6028"}],"wp:attachment":[{"href":"https:\/\/revistaferreteros.com.ar\/en\/wp-json\/wp\/v2\/media?parent=6035"}],"wp:term":[{"taxonomy":"product_brand","embeddable":true,"href":"https:\/\/revistaferreteros.com.ar\/en\/wp-json\/wp\/v2\/product_brand?post=6035"},{"taxonomy":"product_cat","embeddable":true,"href":"https:\/\/revistaferreteros.com.ar\/en\/wp-json\/wp\/v2\/product_cat?post=6035"},{"taxonomy":"product_tag","embeddable":true,"href":"https:\/\/revistaferreteros.com.ar\/en\/wp-json\/wp\/v2\/product_tag?post=6035"}],"curies":[{"name":"wp","href":"https:\/\/api.w.org\/{rel}","templated":true}]}}