{"id":5888,"date":"2024-02-20T23:19:31","date_gmt":"2024-02-21T02:19:31","guid":{"rendered":"https:\/\/revistaferreteros.com.ar\/?post_type=product&#038;p=5888"},"modified":"2025-04-27T15:53:45","modified_gmt":"2025-04-27T18:53:45","slug":"spl-aplique-led-subacuatico","status":"publish","type":"product","link":"https:\/\/revistaferreteros.com.ar\/en\/shop\/categorias\/electricidad\/spl-aplique-led-subacuatico\/","title":{"rendered":"SPL &#8211; Aplique Led Subacuatico"},"content":{"rendered":"<p>Luminaria dise\u00f1ada espec\u00edficamente para instalarse debajo del agua, com\u00fanmente en piscinas, estanques o fuentes. Est\u00e1n selladas herm\u00e9ticamente para resistir la entrada de agua y est\u00e1n fabricadas con materiales resistentes a la corrosi\u00f3n. Proporcionan iluminaci\u00f3n subacu\u00e1tica para mejorar la est\u00e9tica, la seguridad y la visibilidad en entornos acu\u00e1ticos, creando efectos de luz sorprendentes y atmosf\u00e9ricos.<\/p>","protected":false},"excerpt":{"rendered":"<p>Aplique LED sin fuente subacu\u00e1tico de acero inoxidable 7w | Medidas \u00d8: 266 mm H: 640 mm<br \/>\nColores: luz fr\u00eda, azul y RGB<\/p>\n<p><a href=\"https:\/\/revistaferreteros.com.ar\/empresas\/spl-distribuidora\/\">VISITA EL CATALOGO DE SPL<\/a><\/p>\n<p><strong>\u00bfQuieres adquirir este producto?<\/strong><\/p>\n<p><strong>Sigue el link de la empresa:<\/strong><\/p>\n<h2><a title=\"https:\/\/spldistribuidora.com.ar\/contacto\/\" href=\"https:\/\/spldistribuidora.com.ar\/contacto\/\" target=\"_blank\" rel=\"noopener sponsored\" data-schema-attribute=\"about\">https:\/\/spldistribuidora.com.ar\/contacto\/<\/a><\/h2>","protected":false},"featured_media":5738,"comment_status":"closed","ping_status":"closed","template":"","meta":{"_eb_attr":"","_mi_skip_tracking":false,"_monsterinsights_sitenote_active":false,"_monsterinsights_sitenote_note":"","_monsterinsights_sitenote_category":0,"site-sidebar-layout":"","site-content-layout":"default","ast-site-content-layout":"1","site-content-style":"default","site-sidebar-style":"default","ast-global-header-display":"","ast-banner-title-visibility":"","ast-main-header-display":"","ast-hfb-above-header-display":"","ast-hfb-below-header-display":"","ast-hfb-mobile-header-display":"","site-post-title":"","ast-breadcrumbs-content":"","ast-featured-img":"","footer-sml-layout":"","ast-disable-related-posts":"","theme-transparent-header-meta":"default","adv-header-id-meta":"","stick-header-meta":"","header-above-stick-meta":"","header-main-stick-meta":"","header-below-stick-meta":"","astra-migrate-meta-layouts":"default","ast-page-background-enabled":"default","ast-page-background-meta":{"desktop":{"background-color":"var(--ast-global-color-4)","background-image":"","background-repeat":"repeat","background-position":"center center","background-size":"auto","background-attachment":"scroll","background-type":"","background-media":"","overlay-type":"","overlay-color":"","overlay-opacity":"","overlay-gradient":""},"tablet":{"background-color":"","background-image":"","background-repeat":"repeat","background-position":"center center","background-size":"auto","background-attachment":"scroll","background-type":"","background-media":"","overlay-type":"","overlay-color":"","overlay-opacity":"","overlay-gradient":""},"mobile":{"background-color":"","background-image":"","background-repeat":"repeat","background-position":"center center","background-size":"auto","background-attachment":"scroll","background-type":"","background-media":"","overlay-type":"","overlay-color":"","overlay-opacity":"","overlay-gradient":""}},"ast-content-background-meta":{"desktop":{"background-color":"var(--ast-global-color-5)","background-image":"","background-repeat":"repeat","background-position":"center center","background-size":"auto","background-attachment":"scroll","background-type":"","background-media":"","overlay-type":"","overlay-color":"","overlay-opacity":"","overlay-gradient":""},"tablet":{"background-color":"var(--ast-global-color-5)","background-image":"","background-repeat":"repeat","background-position":"center center","background-size":"auto","background-attachment":"scroll","background-type":"","background-media":"","overlay-type":"","overlay-color":"","overlay-opacity":"","overlay-gradient":""},"mobile":{"background-color":"var(--ast-global-color-5)","background-image":"","background-repeat":"repeat","background-position":"center center","background-size":"auto","background-attachment":"scroll","background-type":"","background-media":"","overlay-type":"","overlay-color":"","overlay-opacity":"","overlay-gradient":""}}},"product_brand":[],"product_cat":[19,29],"product_tag":[582,583],"class_list":{"0":"post-5888","1":"product","2":"type-product","3":"status-publish","4":"has-post-thumbnail","6":"product_cat-categorias","7":"product_cat-electricidad","8":"product_tag-electricidad","9":"product_tag-spl","10":"desktop-align-left","11":"tablet-align-left","12":"mobile-align-left","13":"ast-product-gallery-layout-horizontal-slider","14":"ast-product-gallery-with-no-image","15":"ast-product-tabs-layout-horizontal","17":"first","18":"instock","19":"product-type-external"},"_links":{"self":[{"href":"https:\/\/revistaferreteros.com.ar\/en\/wp-json\/wp\/v2\/product\/5888","targetHints":{"allow":["GET"]}}],"collection":[{"href":"https:\/\/revistaferreteros.com.ar\/en\/wp-json\/wp\/v2\/product"}],"about":[{"href":"https:\/\/revistaferreteros.com.ar\/en\/wp-json\/wp\/v2\/types\/product"}],"replies":[{"embeddable":true,"href":"https:\/\/revistaferreteros.com.ar\/en\/wp-json\/wp\/v2\/comments?post=5888"}],"version-history":[{"count":1,"href":"https:\/\/revistaferreteros.com.ar\/en\/wp-json\/wp\/v2\/product\/5888\/revisions"}],"predecessor-version":[{"id":5897,"href":"https:\/\/revistaferreteros.com.ar\/en\/wp-json\/wp\/v2\/product\/5888\/revisions\/5897"}],"wp:featuredmedia":[{"embeddable":true,"href":"https:\/\/revistaferreteros.com.ar\/en\/wp-json\/wp\/v2\/media\/5738"}],"wp:attachment":[{"href":"https:\/\/revistaferreteros.com.ar\/en\/wp-json\/wp\/v2\/media?parent=5888"}],"wp:term":[{"taxonomy":"product_brand","embeddable":true,"href":"https:\/\/revistaferreteros.com.ar\/en\/wp-json\/wp\/v2\/product_brand?post=5888"},{"taxonomy":"product_cat","embeddable":true,"href":"https:\/\/revistaferreteros.com.ar\/en\/wp-json\/wp\/v2\/product_cat?post=5888"},{"taxonomy":"product_tag","embeddable":true,"href":"https:\/\/revistaferreteros.com.ar\/en\/wp-json\/wp\/v2\/product_tag?post=5888"}],"curies":[{"name":"wp","href":"https:\/\/api.w.org\/{rel}","templated":true}]}}