{"id":5181,"date":"2024-01-22T00:30:42","date_gmt":"2024-01-22T03:30:42","guid":{"rendered":"https:\/\/revistaferreteros.com.ar\/?post_type=product&#038;p=5181"},"modified":"2025-04-27T15:53:43","modified_gmt":"2025-04-27T18:53:43","slug":"paginas-web","status":"publish","type":"product","link":"https:\/\/revistaferreteros.com.ar\/en\/shop\/categorias\/servicios\/paginas-web\/","title":{"rendered":"GP DESINGERS &#8211; Dise\u00f1o de p\u00e1ginas web"},"content":{"rendered":"<h2 class=\"elementor-heading-title elementor-size-default\">Dise\u00f1o de p\u00e1ginas web<\/h2>\n<ul>\n<li class=\"elementor-icon-list-item\"><span class=\"elementor-icon-list-text\">Dise\u00f1o responsive<\/span><\/li>\n<li class=\"elementor-icon-list-item\"><span class=\"elementor-icon-list-text\">Optimizadas para motores de b\u00fasqueda<\/span><\/li>\n<li class=\"elementor-icon-list-item\"><span class=\"elementor-icon-list-text\">Seguras<\/span><\/li>\n<\/ul>\n<p>Ofrecemos servicios de dise\u00f1o de p\u00e1ginas web <strong>seguras<\/strong>,\u00a0<strong>responsive<\/strong>\u00a0y\u00a0<strong>optimizadas para motores de b\u00fasqueda<\/strong>.<\/p>\n<p>Algunos sitios de nuestro portfolio:<\/p>\n<ul>\n<li><a href=\"https:\/\/revistaferreteros.com.ar\" target=\"_blank\" rel=\"noopener\" data-schema-attribute=\"about mentions\">REVISTA FERRETEROS<\/a><\/li>\n<li><a href=\"https:\/\/spaceforarchitects.com\/\" target=\"_blank\" rel=\"noopener\">RF ESTUDIO<\/a><\/li>\n<li><a title=\"https:\/\/spaceforarchitects.com\/\" href=\"https:\/\/spaceforarchitects.com\/\" rel=\"sponsored noopener\" data-schema-attribute=\"mentions\" target=\"_blank\">SPACE FOR ARCHITECTS\u00a0<\/a><\/li>\n<\/ul>\n<p>Nuestro objetivo es ayudarte a crear una presencia en l\u00ednea que sea atractiva, f\u00e1cil de usar y que te ayude a alcanzar tus objetivos comerciales.<\/p>\n<p>Con nuestra experiencia en SEO, podemos asegurar que tu sitio web est\u00e1 optimizado para los motores de b\u00fasqueda, lo que significa que ser\u00e1 m\u00e1s f\u00e1cil para tus clientes potenciales encontrarte en l\u00ednea. Adem\u00e1s, podemos ayudarte a crear contenido de calidad que atraiga a tus visitantes y los convierta en clientes.<\/p>\n<p>&nbsp;<\/p>","protected":false},"excerpt":{"rendered":"<ul>\n<li class=\"elementor-icon-list-item\"><span class=\"elementor-icon-list-text\">Dise\u00f1o responsive<\/span><\/li>\n<li class=\"elementor-icon-list-item\"><span class=\"elementor-icon-list-text\">Optimizadas para motores de b\u00fasqueda<\/span><\/li>\n<li class=\"elementor-icon-list-item\"><span class=\"elementor-icon-list-text\">Seguras<\/span><\/li>\n<\/ul>\n<p>\u00bfQuieres adquirir este producto?<\/p>\n<p>Sigue el link de la empresa:<\/p>\n<p>&nbsp;<\/p>","protected":false},"featured_media":5182,"comment_status":"open","ping_status":"closed","template":"","meta":{"_eb_attr":"","_mi_skip_tracking":false,"_monsterinsights_sitenote_active":false,"_monsterinsights_sitenote_note":"","_monsterinsights_sitenote_category":0,"site-sidebar-layout":"default","site-content-layout":"","ast-site-content-layout":"default","site-content-style":"default","site-sidebar-style":"default","ast-global-header-display":"","ast-banner-title-visibility":"","ast-main-header-display":"","ast-hfb-above-header-display":"","ast-hfb-below-header-display":"","ast-hfb-mobile-header-display":"","site-post-title":"","ast-breadcrumbs-content":"","ast-featured-img":"","footer-sml-layout":"","ast-disable-related-posts":"","theme-transparent-header-meta":"default","adv-header-id-meta":"","stick-header-meta":"","header-above-stick-meta":"","header-main-stick-meta":"","header-below-stick-meta":"","astra-migrate-meta-layouts":"set","ast-page-background-enabled":"default","ast-page-background-meta":{"desktop":{"background-color":"var(--ast-global-color-4)","background-image":"","background-repeat":"repeat","background-position":"center center","background-size":"auto","background-attachment":"scroll","background-type":"","background-media":"","overlay-type":"","overlay-color":"","overlay-opacity":"","overlay-gradient":""},"tablet":{"background-color":"","background-image":"","background-repeat":"repeat","background-position":"center center","background-size":"auto","background-attachment":"scroll","background-type":"","background-media":"","overlay-type":"","overlay-color":"","overlay-opacity":"","overlay-gradient":""},"mobile":{"background-color":"","background-image":"","background-repeat":"repeat","background-position":"center center","background-size":"auto","background-attachment":"scroll","background-type":"","background-media":"","overlay-type":"","overlay-color":"","overlay-opacity":"","overlay-gradient":""}},"ast-content-background-meta":{"desktop":{"background-color":"var(--ast-global-color-5)","background-image":"","background-repeat":"repeat","background-position":"center center","background-size":"auto","background-attachment":"scroll","background-type":"","background-media":"","overlay-type":"","overlay-color":"","overlay-opacity":"","overlay-gradient":""},"tablet":{"background-color":"var(--ast-global-color-5)","background-image":"","background-repeat":"repeat","background-position":"center center","background-size":"auto","background-attachment":"scroll","background-type":"","background-media":"","overlay-type":"","overlay-color":"","overlay-opacity":"","overlay-gradient":""},"mobile":{"background-color":"var(--ast-global-color-5)","background-image":"","background-repeat":"repeat","background-position":"center center","background-size":"auto","background-attachment":"scroll","background-type":"","background-media":"","overlay-type":"","overlay-color":"","overlay-opacity":"","overlay-gradient":""}}},"product_brand":[],"product_cat":[19,584,334],"product_tag":[335,337,336],"class_list":{"0":"post-5181","1":"product","2":"type-product","3":"status-publish","4":"has-post-thumbnail","6":"product_cat-categorias","7":"product_cat-gp-designers","8":"product_cat-servicios","9":"product_tag-diseno-web","10":"product_tag-gp-designers","11":"product_tag-paginas-web","12":"desktop-align-left","13":"tablet-align-left","14":"mobile-align-left","15":"ast-product-gallery-layout-horizontal-slider","16":"ast-product-gallery-with-no-image","17":"ast-product-tabs-layout-horizontal","19":"first","20":"instock","21":"sale","22":"featured","23":"taxable","24":"shipping-taxable","25":"product-type-external"},"_links":{"self":[{"href":"https:\/\/revistaferreteros.com.ar\/en\/wp-json\/wp\/v2\/product\/5181","targetHints":{"allow":["GET"]}}],"collection":[{"href":"https:\/\/revistaferreteros.com.ar\/en\/wp-json\/wp\/v2\/product"}],"about":[{"href":"https:\/\/revistaferreteros.com.ar\/en\/wp-json\/wp\/v2\/types\/product"}],"replies":[{"embeddable":true,"href":"https:\/\/revistaferreteros.com.ar\/en\/wp-json\/wp\/v2\/comments?post=5181"}],"version-history":[{"count":8,"href":"https:\/\/revistaferreteros.com.ar\/en\/wp-json\/wp\/v2\/product\/5181\/revisions"}],"predecessor-version":[{"id":7439,"href":"https:\/\/revistaferreteros.com.ar\/en\/wp-json\/wp\/v2\/product\/5181\/revisions\/7439"}],"wp:featuredmedia":[{"embeddable":true,"href":"https:\/\/revistaferreteros.com.ar\/en\/wp-json\/wp\/v2\/media\/5182"}],"wp:attachment":[{"href":"https:\/\/revistaferreteros.com.ar\/en\/wp-json\/wp\/v2\/media?parent=5181"}],"wp:term":[{"taxonomy":"product_brand","embeddable":true,"href":"https:\/\/revistaferreteros.com.ar\/en\/wp-json\/wp\/v2\/product_brand?post=5181"},{"taxonomy":"product_cat","embeddable":true,"href":"https:\/\/revistaferreteros.com.ar\/en\/wp-json\/wp\/v2\/product_cat?post=5181"},{"taxonomy":"product_tag","embeddable":true,"href":"https:\/\/revistaferreteros.com.ar\/en\/wp-json\/wp\/v2\/product_tag?post=5181"}],"curies":[{"name":"wp","href":"https:\/\/api.w.org\/{rel}","templated":true}]}}