{"id":2023,"date":"2023-04-13T16:05:46","date_gmt":"2023-04-13T19:05:46","guid":{"rendered":"https:\/\/revistaferreteros.com.ar\/?post_type=product&#038;p=2023"},"modified":"2025-04-27T15:53:30","modified_gmt":"2025-04-27T18:53:30","slug":"esmalte-sintetico-3-en-1","status":"publish","type":"product","link":"https:\/\/revistaferreteros.com.ar\/en\/shop\/miura\/esmalte-sintetico-3-en-1\/","title":{"rendered":"MIURA &#8211; Esmalte Sint\u00e9tico 3 en 1"},"content":{"rendered":"<p>&nbsp;<\/p>\n<h2>\u00bfQueres saber mas de la empresa?<\/h2>\n<p><strong>Te invitamos a leer las siguientes notas:<\/strong><\/p>\n<p><strong><a href=\"https:\/\/revistaferreteros.com.ar\/miura-pinturas-abre-una-oportunidad-para-ferreteros\/\">Miura Pinturas abre una oportunidad para ferreteros.<\/a><\/strong><\/p>\n<p><strong><a href=\"https:\/\/revistaferreteros.com.ar\/masilla-multiproposito-miura-3-en-1\/\">Masilla Multiprop\u00f3sito Miura 3 en 1 \u00a1Descubrila!<\/a><\/strong><\/p>\n<p>&nbsp;<\/p>","protected":false},"excerpt":{"rendered":"<p>MIURA &#8211; Esmalte Sint\u00e9tico 3 en 1<\/p>\n<p>Esmalte sint\u00e9tico de triple acci\u00f3n de excelente terminaci\u00f3n, gran poder cubritivo, f\u00e1cil aplicaci\u00f3n, excelente nivelaci\u00f3n y colores s\u00f3lidos por m\u00e1s tiempo. Sus aditivos le confieren caracter\u00edsticas de Anti\u00f3xido y Convertidor de \u00d3xido, adem\u00e1s de una excelente adherencia y gran resistencia a la intemperie. Este producto est\u00e1 elaborado en base a resinas alquidicas de primera calidad.<\/p>\n<p><a title=\"CATALOGO DE MIURA\" href=\"https:\/\/revistaferreteros.com.ar\/empresas\/miura-pinturas\/\" target=\"_blank\" rel=\"noopener\">VISITA EL CATALOGO DE MIURA<\/a><\/p>\n<p><strong>\u00bfQuieres adquirir este producto?<\/strong><\/p>\n<p><strong>Sigue el link de la empresa:<\/strong><\/p>\n<h2><a title=\"https:\/\/miurapinturas.com\/\" href=\"https:\/\/miurapinturas.com\/\" target=\"_blank\" rel=\"noopener sponsored\" data-schema-attribute=\"about\">https:\/\/miurapinturas.com\/<\/a><\/h2>","protected":false},"featured_media":2003,"comment_status":"closed","ping_status":"closed","template":"","meta":{"_eb_attr":"","_mi_skip_tracking":false,"_monsterinsights_sitenote_active":false,"_monsterinsights_sitenote_note":"","_monsterinsights_sitenote_category":0,"site-sidebar-layout":"default","site-content-layout":"default","ast-site-content-layout":"default","site-content-style":"default","site-sidebar-style":"default","ast-global-header-display":"","ast-banner-title-visibility":"","ast-main-header-display":"","ast-hfb-above-header-display":"","ast-hfb-below-header-display":"","ast-hfb-mobile-header-display":"","site-post-title":"","ast-breadcrumbs-content":"","ast-featured-img":"","footer-sml-layout":"","ast-disable-related-posts":"","theme-transparent-header-meta":"default","adv-header-id-meta":"","stick-header-meta":"","header-above-stick-meta":"","header-main-stick-meta":"","header-below-stick-meta":"","astra-migrate-meta-layouts":"set","ast-page-background-enabled":"default","ast-page-background-meta":{"desktop":{"background-color":"var(--ast-global-color-4)","background-image":"","background-repeat":"repeat","background-position":"center center","background-size":"auto","background-attachment":"scroll","background-type":"","background-media":"","overlay-type":"","overlay-color":"","overlay-opacity":"","overlay-gradient":""},"tablet":{"background-color":"","background-image":"","background-repeat":"repeat","background-position":"center center","background-size":"auto","background-attachment":"scroll","background-type":"","background-media":"","overlay-type":"","overlay-color":"","overlay-opacity":"","overlay-gradient":""},"mobile":{"background-color":"","background-image":"","background-repeat":"repeat","background-position":"center center","background-size":"auto","background-attachment":"scroll","background-type":"","background-media":"","overlay-type":"","overlay-color":"","overlay-opacity":"","overlay-gradient":""}},"ast-content-background-meta":{"desktop":{"background-color":"var(--ast-global-color-5)","background-image":"","background-repeat":"repeat","background-position":"center center","background-size":"auto","background-attachment":"scroll","background-type":"","background-media":"","overlay-type":"","overlay-color":"","overlay-opacity":"","overlay-gradient":""},"tablet":{"background-color":"var(--ast-global-color-5)","background-image":"","background-repeat":"repeat","background-position":"center center","background-size":"auto","background-attachment":"scroll","background-type":"","background-media":"","overlay-type":"","overlay-color":"","overlay-opacity":"","overlay-gradient":""},"mobile":{"background-color":"var(--ast-global-color-5)","background-image":"","background-repeat":"repeat","background-position":"center center","background-size":"auto","background-attachment":"scroll","background-type":"","background-media":"","overlay-type":"","overlay-color":"","overlay-opacity":"","overlay-gradient":""}}},"product_brand":[],"product_cat":[629,19,610,24,27],"product_tag":[198,630,197],"class_list":{"0":"post-2023","1":"product","2":"type-product","3":"status-publish","4":"has-post-thumbnail","6":"product_cat-miura","7":"product_cat-categorias","8":"product_cat-ferreteria-categorias","9":"product_cat-ferreteria","10":"product_cat-pintura","11":"product_tag-ferreteria","12":"product_tag-miura","13":"product_tag-pinturas","14":"desktop-align-left","15":"tablet-align-left","16":"mobile-align-left","17":"ast-product-gallery-layout-horizontal-slider","18":"ast-product-gallery-with-no-image","19":"ast-product-tabs-layout-horizontal","21":"first","22":"instock","23":"product-type-external"},"_links":{"self":[{"href":"https:\/\/revistaferreteros.com.ar\/en\/wp-json\/wp\/v2\/product\/2023","targetHints":{"allow":["GET"]}}],"collection":[{"href":"https:\/\/revistaferreteros.com.ar\/en\/wp-json\/wp\/v2\/product"}],"about":[{"href":"https:\/\/revistaferreteros.com.ar\/en\/wp-json\/wp\/v2\/types\/product"}],"replies":[{"embeddable":true,"href":"https:\/\/revistaferreteros.com.ar\/en\/wp-json\/wp\/v2\/comments?post=2023"}],"version-history":[{"count":4,"href":"https:\/\/revistaferreteros.com.ar\/en\/wp-json\/wp\/v2\/product\/2023\/revisions"}],"predecessor-version":[{"id":6475,"href":"https:\/\/revistaferreteros.com.ar\/en\/wp-json\/wp\/v2\/product\/2023\/revisions\/6475"}],"wp:featuredmedia":[{"embeddable":true,"href":"https:\/\/revistaferreteros.com.ar\/en\/wp-json\/wp\/v2\/media\/2003"}],"wp:attachment":[{"href":"https:\/\/revistaferreteros.com.ar\/en\/wp-json\/wp\/v2\/media?parent=2023"}],"wp:term":[{"taxonomy":"product_brand","embeddable":true,"href":"https:\/\/revistaferreteros.com.ar\/en\/wp-json\/wp\/v2\/product_brand?post=2023"},{"taxonomy":"product_cat","embeddable":true,"href":"https:\/\/revistaferreteros.com.ar\/en\/wp-json\/wp\/v2\/product_cat?post=2023"},{"taxonomy":"product_tag","embeddable":true,"href":"https:\/\/revistaferreteros.com.ar\/en\/wp-json\/wp\/v2\/product_tag?post=2023"}],"curies":[{"name":"wp","href":"https:\/\/api.w.org\/{rel}","templated":true}]}}