{"id":2014,"date":"2023-04-13T16:05:46","date_gmt":"2023-04-13T19:05:46","guid":{"rendered":"https:\/\/revistaferreteros.com.ar\/?post_type=product&#038;p=2014"},"modified":"2025-04-27T15:53:29","modified_gmt":"2025-04-27T18:53:29","slug":"latex-interior-exterior","status":"publish","type":"product","link":"https:\/\/revistaferreteros.com.ar\/en\/shop\/miura\/latex-interior-exterior\/","title":{"rendered":"MIURA &#8211; L\u00e1tex Interior Exterior"},"content":{"rendered":"<p><img fetchpriority=\"high\" decoding=\"async\" class=\"alignnone wp-image-6464\" src=\"https:\/\/revistaferreteros.com.ar\/wp-content\/uploads\/2023\/04\/ficha-interior-exterior-300x241.webp\" alt=\"\" width=\"616\" height=\"495\" title=\"\" srcset=\"https:\/\/revistaferreteros.com.ar\/wp-content\/uploads\/2023\/04\/ficha-interior-exterior-300x241.webp 300w, https:\/\/revistaferreteros.com.ar\/wp-content\/uploads\/2023\/04\/ficha-interior-exterior-15x12.webp 15w, https:\/\/revistaferreteros.com.ar\/wp-content\/uploads\/2023\/04\/ficha-interior-exterior.webp 522w\" sizes=\"(max-width: 616px) 100vw, 616px\" \/><\/p>\n<h2><\/h2>\n<h2>\u00bfQueres saber mas de la empresa?<\/h2>\n<p><strong>Te invitamos a leer las siguientes notas:<\/strong><\/p>\n<p><strong><a href=\"https:\/\/revistaferreteros.com.ar\/miura-pinturas-abre-una-oportunidad-para-ferreteros\/\">Miura Pinturas abre una oportunidad para ferreteros.<\/a><\/strong><\/p>\n<p><strong><a href=\"https:\/\/revistaferreteros.com.ar\/masilla-multiproposito-miura-3-en-1\/\">Masilla Multiprop\u00f3sito Miura 3 en 1 \u00a1Descubrila!<\/a><\/strong><\/p>\n<p>&nbsp;<\/p>\n<p>&nbsp;<\/p>\n<p>&nbsp;<\/p>","protected":false},"excerpt":{"rendered":"<p>MIURA &#8211; L\u00e1tex Interior Exterior<\/p>\n<p>L\u00e1tex mate para interior y exterior de buen poder cubritivo, f\u00e1cil aplicaci\u00f3n y r\u00e1pido secado. Este producto est\u00e1 fabricado a base de pol\u00edmeros especiales en dispersi\u00f3n acuosa y aditivos antihongos.<\/p>\n<p>&nbsp;<\/p>\n<p><a title=\"CATALOGO DE MIURA\" href=\"https:\/\/revistaferreteros.com.ar\/empresas\/miura-pinturas\/\" target=\"_blank\" rel=\"noopener\">VISITA EL CATALOGO DE MIURA<\/a><\/p>\n<p>&nbsp;<\/p>\n<p><strong>\u00bfQuieres adquirir este producto?<\/strong><\/p>\n<p><strong>Sigue el link de la empresa:<\/strong><\/p>\n<h2><a title=\"https:\/\/miurapinturas.com\/\" href=\"https:\/\/miurapinturas.com\/\" target=\"_blank\" rel=\"noopener sponsored\" data-schema-attribute=\"about\">https:\/\/miurapinturas.com\/<\/a><\/h2>","protected":false},"featured_media":2006,"comment_status":"closed","ping_status":"closed","template":"","meta":{"_eb_attr":"","_mi_skip_tracking":false,"_monsterinsights_sitenote_active":false,"_monsterinsights_sitenote_note":"","_monsterinsights_sitenote_category":0,"site-sidebar-layout":"default","site-content-layout":"default","ast-site-content-layout":"default","site-content-style":"default","site-sidebar-style":"default","ast-global-header-display":"","ast-banner-title-visibility":"","ast-main-header-display":"","ast-hfb-above-header-display":"","ast-hfb-below-header-display":"","ast-hfb-mobile-header-display":"","site-post-title":"","ast-breadcrumbs-content":"","ast-featured-img":"","footer-sml-layout":"","ast-disable-related-posts":"","theme-transparent-header-meta":"default","adv-header-id-meta":"","stick-header-meta":"","header-above-stick-meta":"","header-main-stick-meta":"","header-below-stick-meta":"","astra-migrate-meta-layouts":"set","ast-page-background-enabled":"default","ast-page-background-meta":{"desktop":{"background-color":"var(--ast-global-color-4)","background-image":"","background-repeat":"repeat","background-position":"center center","background-size":"auto","background-attachment":"scroll","background-type":"","background-media":"","overlay-type":"","overlay-color":"","overlay-opacity":"","overlay-gradient":""},"tablet":{"background-color":"","background-image":"","background-repeat":"repeat","background-position":"center center","background-size":"auto","background-attachment":"scroll","background-type":"","background-media":"","overlay-type":"","overlay-color":"","overlay-opacity":"","overlay-gradient":""},"mobile":{"background-color":"","background-image":"","background-repeat":"repeat","background-position":"center center","background-size":"auto","background-attachment":"scroll","background-type":"","background-media":"","overlay-type":"","overlay-color":"","overlay-opacity":"","overlay-gradient":""}},"ast-content-background-meta":{"desktop":{"background-color":"var(--ast-global-color-5)","background-image":"","background-repeat":"repeat","background-position":"center center","background-size":"auto","background-attachment":"scroll","background-type":"","background-media":"","overlay-type":"","overlay-color":"","overlay-opacity":"","overlay-gradient":""},"tablet":{"background-color":"var(--ast-global-color-5)","background-image":"","background-repeat":"repeat","background-position":"center center","background-size":"auto","background-attachment":"scroll","background-type":"","background-media":"","overlay-type":"","overlay-color":"","overlay-opacity":"","overlay-gradient":""},"mobile":{"background-color":"var(--ast-global-color-5)","background-image":"","background-repeat":"repeat","background-position":"center center","background-size":"auto","background-attachment":"scroll","background-type":"","background-media":"","overlay-type":"","overlay-color":"","overlay-opacity":"","overlay-gradient":""}}},"product_brand":[],"product_cat":[629,19,24,610,27],"product_tag":[634,633,632,630,631],"class_list":{"0":"post-2014","1":"product","2":"type-product","3":"status-publish","4":"has-post-thumbnail","6":"product_cat-miura","7":"product_cat-categorias","8":"product_cat-ferreteria","9":"product_cat-ferreteria-categorias","10":"product_cat-pintura","11":"product_tag-exterior","12":"product_tag-interior","13":"product_tag-latex","14":"product_tag-miura","15":"product_tag-producto-destacado","16":"desktop-align-left","17":"tablet-align-left","18":"mobile-align-left","19":"ast-product-gallery-layout-horizontal-slider","20":"ast-product-gallery-with-no-image","21":"ast-product-tabs-layout-horizontal","23":"first","24":"instock","25":"featured","26":"product-type-external"},"_links":{"self":[{"href":"https:\/\/revistaferreteros.com.ar\/en\/wp-json\/wp\/v2\/product\/2014","targetHints":{"allow":["GET"]}}],"collection":[{"href":"https:\/\/revistaferreteros.com.ar\/en\/wp-json\/wp\/v2\/product"}],"about":[{"href":"https:\/\/revistaferreteros.com.ar\/en\/wp-json\/wp\/v2\/types\/product"}],"replies":[{"embeddable":true,"href":"https:\/\/revistaferreteros.com.ar\/en\/wp-json\/wp\/v2\/comments?post=2014"}],"version-history":[{"count":5,"href":"https:\/\/revistaferreteros.com.ar\/en\/wp-json\/wp\/v2\/product\/2014\/revisions"}],"predecessor-version":[{"id":6441,"href":"https:\/\/revistaferreteros.com.ar\/en\/wp-json\/wp\/v2\/product\/2014\/revisions\/6441"}],"wp:featuredmedia":[{"embeddable":true,"href":"https:\/\/revistaferreteros.com.ar\/en\/wp-json\/wp\/v2\/media\/2006"}],"wp:attachment":[{"href":"https:\/\/revistaferreteros.com.ar\/en\/wp-json\/wp\/v2\/media?parent=2014"}],"wp:term":[{"taxonomy":"product_brand","embeddable":true,"href":"https:\/\/revistaferreteros.com.ar\/en\/wp-json\/wp\/v2\/product_brand?post=2014"},{"taxonomy":"product_cat","embeddable":true,"href":"https:\/\/revistaferreteros.com.ar\/en\/wp-json\/wp\/v2\/product_cat?post=2014"},{"taxonomy":"product_tag","embeddable":true,"href":"https:\/\/revistaferreteros.com.ar\/en\/wp-json\/wp\/v2\/product_tag?post=2014"}],"curies":[{"name":"wp","href":"https:\/\/api.w.org\/{rel}","templated":true}]}}