{"id":2013,"date":"2023-04-13T16:05:46","date_gmt":"2023-04-13T19:05:46","guid":{"rendered":"https:\/\/revistaferreteros.com.ar\/?post_type=product&#038;p=2013"},"modified":"2025-04-27T15:53:29","modified_gmt":"2025-04-27T18:53:29","slug":"latex-vinilico-interior","status":"publish","type":"product","link":"https:\/\/revistaferreteros.com.ar\/en\/shop\/miura\/latex-vinilico-interior\/","title":{"rendered":"MIURA &#8211; L\u00e1tex Vin\u00edlico Interior"},"content":{"rendered":"<p><img fetchpriority=\"high\" decoding=\"async\" class=\"alignnone wp-image-6472\" src=\"https:\/\/revistaferreteros.com.ar\/wp-content\/uploads\/2023\/04\/ficha-vinilico-interior-300x243.webp\" alt=\"\" width=\"662\" height=\"536\" title=\"\" srcset=\"https:\/\/revistaferreteros.com.ar\/wp-content\/uploads\/2023\/04\/ficha-vinilico-interior-300x243.webp 300w, https:\/\/revistaferreteros.com.ar\/wp-content\/uploads\/2023\/04\/ficha-vinilico-interior-15x12.webp 15w, https:\/\/revistaferreteros.com.ar\/wp-content\/uploads\/2023\/04\/ficha-vinilico-interior.webp 536w\" sizes=\"(max-width: 662px) 100vw, 662px\" \/><\/p>\n<h2>\u00bfQueres saber mas de la empresa?<\/h2>\n<p><strong>Te invitamos a leer las siguientes notas:<\/strong><\/p>\n<p><strong><a href=\"https:\/\/revistaferreteros.com.ar\/miura-pinturas-abre-una-oportunidad-para-ferreteros\/\">Miura Pinturas abre una oportunidad para ferreteros.<\/a><\/strong><\/p>\n<p><strong><a href=\"https:\/\/revistaferreteros.com.ar\/masilla-multiproposito-miura-3-en-1\/\">Masilla Multiprop\u00f3sito Miura 3 en 1 \u00a1Descubrila!<\/a><\/strong><\/p>","protected":false},"excerpt":{"rendered":"<p>MIURA &#8211; L\u00e1tex Vin\u00edlico Interior<\/p>\n<p>L\u00e1tex para interior de f\u00e1cil aplicaci\u00f3n, excelente blancura, r\u00e1pido secado y aditivos antihongos. Fabricado a base de pol\u00edmeros especiales en dispersi\u00f3n acuosa y pigmentos extendedores de excelente calidad, con buen poder cubritivo.<\/p>\n<p><a title=\"CATALOGO DE MIURA\" href=\"https:\/\/revistaferreteros.com.ar\/empresas\/miura-pinturas\/\" target=\"_blank\" rel=\"noopener\">VISITA EL CATALOGO DE MIURA<\/a><\/p>\n<p>&nbsp;<\/p>\n<p><strong>\u00bfQuieres adquirir este producto?<\/strong><\/p>\n<p><strong>Sigue el link de la empresa:<\/strong><\/p>\n<h2><a title=\"https:\/\/miurapinturas.com\/\" href=\"https:\/\/miurapinturas.com\/\" target=\"_blank\" rel=\"noopener sponsored\" data-schema-attribute=\"about\">https:\/\/miurapinturas.com\/<\/a><\/h2>","protected":false},"featured_media":2010,"comment_status":"closed","ping_status":"closed","template":"","meta":{"_eb_attr":"","_mi_skip_tracking":false,"_monsterinsights_sitenote_active":false,"_monsterinsights_sitenote_note":"","_monsterinsights_sitenote_category":0,"site-sidebar-layout":"default","site-content-layout":"default","ast-site-content-layout":"default","site-content-style":"default","site-sidebar-style":"default","ast-global-header-display":"","ast-banner-title-visibility":"","ast-main-header-display":"","ast-hfb-above-header-display":"","ast-hfb-below-header-display":"","ast-hfb-mobile-header-display":"","site-post-title":"","ast-breadcrumbs-content":"","ast-featured-img":"","footer-sml-layout":"","ast-disable-related-posts":"","theme-transparent-header-meta":"default","adv-header-id-meta":"","stick-header-meta":"","header-above-stick-meta":"","header-main-stick-meta":"","header-below-stick-meta":"","astra-migrate-meta-layouts":"set","ast-page-background-enabled":"default","ast-page-background-meta":{"desktop":{"background-color":"var(--ast-global-color-4)","background-image":"","background-repeat":"repeat","background-position":"center center","background-size":"auto","background-attachment":"scroll","background-type":"","background-media":"","overlay-type":"","overlay-color":"","overlay-opacity":"","overlay-gradient":""},"tablet":{"background-color":"","background-image":"","background-repeat":"repeat","background-position":"center center","background-size":"auto","background-attachment":"scroll","background-type":"","background-media":"","overlay-type":"","overlay-color":"","overlay-opacity":"","overlay-gradient":""},"mobile":{"background-color":"","background-image":"","background-repeat":"repeat","background-position":"center center","background-size":"auto","background-attachment":"scroll","background-type":"","background-media":"","overlay-type":"","overlay-color":"","overlay-opacity":"","overlay-gradient":""}},"ast-content-background-meta":{"desktop":{"background-color":"var(--ast-global-color-5)","background-image":"","background-repeat":"repeat","background-position":"center center","background-size":"auto","background-attachment":"scroll","background-type":"","background-media":"","overlay-type":"","overlay-color":"","overlay-opacity":"","overlay-gradient":""},"tablet":{"background-color":"var(--ast-global-color-5)","background-image":"","background-repeat":"repeat","background-position":"center center","background-size":"auto","background-attachment":"scroll","background-type":"","background-media":"","overlay-type":"","overlay-color":"","overlay-opacity":"","overlay-gradient":""},"mobile":{"background-color":"var(--ast-global-color-5)","background-image":"","background-repeat":"repeat","background-position":"center center","background-size":"auto","background-attachment":"scroll","background-type":"","background-media":"","overlay-type":"","overlay-color":"","overlay-opacity":"","overlay-gradient":""}}},"product_brand":[],"product_cat":[629,19,24,610,27],"product_tag":[],"class_list":{"0":"post-2013","1":"product","2":"type-product","3":"status-publish","4":"has-post-thumbnail","6":"product_cat-miura","7":"product_cat-categorias","8":"product_cat-ferreteria","9":"product_cat-ferreteria-categorias","10":"product_cat-pintura","11":"desktop-align-left","12":"tablet-align-left","13":"mobile-align-left","14":"ast-product-gallery-layout-horizontal-slider","15":"ast-product-gallery-with-no-image","16":"ast-product-tabs-layout-horizontal","18":"first","19":"instock","20":"product-type-external"},"_links":{"self":[{"href":"https:\/\/revistaferreteros.com.ar\/en\/wp-json\/wp\/v2\/product\/2013","targetHints":{"allow":["GET"]}}],"collection":[{"href":"https:\/\/revistaferreteros.com.ar\/en\/wp-json\/wp\/v2\/product"}],"about":[{"href":"https:\/\/revistaferreteros.com.ar\/en\/wp-json\/wp\/v2\/types\/product"}],"replies":[{"embeddable":true,"href":"https:\/\/revistaferreteros.com.ar\/en\/wp-json\/wp\/v2\/comments?post=2013"}],"version-history":[{"count":6,"href":"https:\/\/revistaferreteros.com.ar\/en\/wp-json\/wp\/v2\/product\/2013\/revisions"}],"predecessor-version":[{"id":6474,"href":"https:\/\/revistaferreteros.com.ar\/en\/wp-json\/wp\/v2\/product\/2013\/revisions\/6474"}],"wp:featuredmedia":[{"embeddable":true,"href":"https:\/\/revistaferreteros.com.ar\/en\/wp-json\/wp\/v2\/media\/2010"}],"wp:attachment":[{"href":"https:\/\/revistaferreteros.com.ar\/en\/wp-json\/wp\/v2\/media?parent=2013"}],"wp:term":[{"taxonomy":"product_brand","embeddable":true,"href":"https:\/\/revistaferreteros.com.ar\/en\/wp-json\/wp\/v2\/product_brand?post=2013"},{"taxonomy":"product_cat","embeddable":true,"href":"https:\/\/revistaferreteros.com.ar\/en\/wp-json\/wp\/v2\/product_cat?post=2013"},{"taxonomy":"product_tag","embeddable":true,"href":"https:\/\/revistaferreteros.com.ar\/en\/wp-json\/wp\/v2\/product_tag?post=2013"}],"curies":[{"name":"wp","href":"https:\/\/api.w.org\/{rel}","templated":true}]}}