{"id":1881,"date":"2023-04-13T14:17:52","date_gmt":"2023-04-13T17:17:52","guid":{"rendered":"https:\/\/revistaferreteros.com.ar\/?post_type=product&#038;p=1881"},"modified":"2025-04-27T15:53:23","modified_gmt":"2025-04-27T18:53:23","slug":"daos230","status":"publish","type":"product","link":"https:\/\/revistaferreteros.com.ar\/en\/shop\/categorias\/herramientas\/daos230\/","title":{"rendered":"DAEWOO -Sierra Caladora DAJS600"},"content":{"rendered":"<p>Nuestra sierra caladora DAJS600 es la mejor opci\u00f3n para aquellos que buscan una herramienta de calidad profesional. Equipada con un motor robusto de 600W y una velocidad de corte variable que oscila entre 500 y 3000 CPM, esta sierra est\u00e1 dise\u00f1ada para optimizar el rendimiento y asegurar resultados excepcionales en tu trabajo.<\/p>","protected":false},"excerpt":{"rendered":"<p>\u2022 Potencia: 600 W<br \/>\n\u2022 Velocidad sin carga: 500-3000 rpm<br \/>\n\u2022 M\u00e1x. profundidad acero: 8 mm<br \/>\n\u2022 M\u00e1x. profundidad madera: 65 mm<br \/>\n\u2022 Accesorios: Cable, llave hexagonal, funci\u00f3n soplador en la l\u00ednea de corte, base de aluminio y bot\u00f3n de bloqueo.<br \/>\n\u2022 Adaptador de recolector de polvo<\/p>","protected":false},"featured_media":1867,"comment_status":"closed","ping_status":"closed","template":"","meta":{"_eb_attr":"","_mi_skip_tracking":false,"_monsterinsights_sitenote_active":false,"_monsterinsights_sitenote_note":"","_monsterinsights_sitenote_category":0,"site-sidebar-layout":"default","site-content-layout":"default","ast-site-content-layout":"","site-content-style":"","site-sidebar-style":"","ast-global-header-display":"","ast-banner-title-visibility":"","ast-main-header-display":"","ast-hfb-above-header-display":"","ast-hfb-below-header-display":"","ast-hfb-mobile-header-display":"","site-post-title":"","ast-breadcrumbs-content":"","ast-featured-img":"","footer-sml-layout":"","ast-disable-related-posts":"","theme-transparent-header-meta":"default","adv-header-id-meta":"","stick-header-meta":"","header-above-stick-meta":"","header-main-stick-meta":"","header-below-stick-meta":"","astra-migrate-meta-layouts":"","ast-page-background-enabled":"default","ast-page-background-meta":{"desktop":{"background-color":"var(--ast-global-color-4)","background-image":"","background-repeat":"repeat","background-position":"center center","background-size":"auto","background-attachment":"scroll","background-type":"","background-media":"","overlay-type":"","overlay-color":"","overlay-opacity":"","overlay-gradient":""},"tablet":{"background-color":"","background-image":"","background-repeat":"repeat","background-position":"center center","background-size":"auto","background-attachment":"scroll","background-type":"","background-media":"","overlay-type":"","overlay-color":"","overlay-opacity":"","overlay-gradient":""},"mobile":{"background-color":"","background-image":"","background-repeat":"repeat","background-position":"center center","background-size":"auto","background-attachment":"scroll","background-type":"","background-media":"","overlay-type":"","overlay-color":"","overlay-opacity":"","overlay-gradient":""}},"ast-content-background-meta":{"desktop":{"background-color":"var(--ast-global-color-5)","background-image":"","background-repeat":"repeat","background-position":"center center","background-size":"auto","background-attachment":"scroll","background-type":"","background-media":"","overlay-type":"","overlay-color":"","overlay-opacity":"","overlay-gradient":""},"tablet":{"background-color":"var(--ast-global-color-5)","background-image":"","background-repeat":"repeat","background-position":"center center","background-size":"auto","background-attachment":"scroll","background-type":"","background-media":"","overlay-type":"","overlay-color":"","overlay-opacity":"","overlay-gradient":""},"mobile":{"background-color":"var(--ast-global-color-5)","background-image":"","background-repeat":"repeat","background-position":"center center","background-size":"auto","background-attachment":"scroll","background-type":"","background-media":"","overlay-type":"","overlay-color":"","overlay-opacity":"","overlay-gradient":""}}},"product_brand":[],"product_cat":[19,26],"product_tag":[],"class_list":{"0":"post-1881","1":"product","2":"type-product","3":"status-publish","4":"has-post-thumbnail","6":"product_cat-categorias","7":"product_cat-herramientas","8":"desktop-align-left","9":"tablet-align-left","10":"mobile-align-left","11":"ast-product-gallery-layout-horizontal-slider","12":"ast-product-gallery-with-no-image","13":"ast-product-tabs-layout-horizontal","15":"first","16":"instock","17":"product-type-external"},"_links":{"self":[{"href":"https:\/\/revistaferreteros.com.ar\/en\/wp-json\/wp\/v2\/product\/1881","targetHints":{"allow":["GET"]}}],"collection":[{"href":"https:\/\/revistaferreteros.com.ar\/en\/wp-json\/wp\/v2\/product"}],"about":[{"href":"https:\/\/revistaferreteros.com.ar\/en\/wp-json\/wp\/v2\/types\/product"}],"replies":[{"embeddable":true,"href":"https:\/\/revistaferreteros.com.ar\/en\/wp-json\/wp\/v2\/comments?post=1881"}],"version-history":[{"count":2,"href":"https:\/\/revistaferreteros.com.ar\/en\/wp-json\/wp\/v2\/product\/1881\/revisions"}],"predecessor-version":[{"id":5792,"href":"https:\/\/revistaferreteros.com.ar\/en\/wp-json\/wp\/v2\/product\/1881\/revisions\/5792"}],"wp:featuredmedia":[{"embeddable":true,"href":"https:\/\/revistaferreteros.com.ar\/en\/wp-json\/wp\/v2\/media\/1867"}],"wp:attachment":[{"href":"https:\/\/revistaferreteros.com.ar\/en\/wp-json\/wp\/v2\/media?parent=1881"}],"wp:term":[{"taxonomy":"product_brand","embeddable":true,"href":"https:\/\/revistaferreteros.com.ar\/en\/wp-json\/wp\/v2\/product_brand?post=1881"},{"taxonomy":"product_cat","embeddable":true,"href":"https:\/\/revistaferreteros.com.ar\/en\/wp-json\/wp\/v2\/product_cat?post=1881"},{"taxonomy":"product_tag","embeddable":true,"href":"https:\/\/revistaferreteros.com.ar\/en\/wp-json\/wp\/v2\/product_tag?post=1881"}],"curies":[{"name":"wp","href":"https:\/\/api.w.org\/{rel}","templated":true}]}}