{"id":1855,"date":"2023-04-13T13:54:17","date_gmt":"2023-04-13T16:54:17","guid":{"rendered":"https:\/\/revistaferreteros.com.ar\/?post_type=product&#038;p=1855"},"modified":"2025-04-27T15:53:22","modified_gmt":"2025-04-27T18:53:22","slug":"errede-sifon-doble-modular-universal","status":"publish","type":"product","link":"https:\/\/revistaferreteros.com.ar\/en\/shop\/categorias\/banos-cocina\/errede-sifon-doble-modular-universal\/","title":{"rendered":"ERREDE &#8211; Sif\u00f3n Doble Modular Universal"},"content":{"rendered":"<h6><a title=\"ERREDE ARGENTINA\" href=\"https:\/\/www.erredeargentina.com.ar\/\" target=\"_blank\" rel=\"nofollow noopener sponsored\" data-schema-attribute=\"about mentions\">WEB EMPRESA<\/a><\/h6>\n<p>&nbsp;<\/p>\n<p>\u25aa Aplicable a piletas con descarga doble.<\/p>\n<p>\u25aa Incluye 3 prolongadores y 2 adaptadores de rosca interna.<\/p>\n<p>\u25aa Descarga r\u00e1pida, realizada mediante conductos r\u00edgidos de interior lisos, sin fuelles u otras interferencias, evitando tambi\u00e9n la acumulaci\u00f3n de residuos.<\/p>\n<p>\u25aa Las sopapas provistas permiten la fijaci\u00f3n del sif\u00f3n a las descargas de las bachas mediante tornillos, haciendo imposible que el mismo se descuelgue.<\/p>\n<p>\u25aa El codo de fijaci\u00f3n a la descarga \u2014patente exclusiva de ERREDE\u2014 permite ajustar el tornillo del tirador expansor y producir un ensanchamiento del o\u00b4ring, generando as\u00ed un cierre estanco en el interior del ca\u00f1o de descarga.<\/p>\n<p>\u25aa Material: Polipropileno.<\/p>\n<p>\u25aa Industria Argentina.<\/p>","protected":false},"excerpt":{"rendered":"<p>WEB EMPRESA &nbsp; \u25aa Aplicable a piletas con descarga doble. \u25aa Incluye 3 prolongadores y 2 adaptadores de rosca interna. \u25aa Descarga r\u00e1pida, realizada mediante conductos r\u00edgidos de interior lisos, sin fuelles u otras interferencias, evitando tambi\u00e9n la acumulaci\u00f3n de residuos. \u25aa Las sopapas provistas permiten la fijaci\u00f3n del sif\u00f3n a las descargas de las [&hellip;]<\/p>","protected":false},"featured_media":1832,"comment_status":"closed","ping_status":"closed","template":"","meta":{"_eb_attr":"","_mi_skip_tracking":false,"_monsterinsights_sitenote_active":false,"_monsterinsights_sitenote_note":"","_monsterinsights_sitenote_category":0,"site-sidebar-layout":"default","site-content-layout":"default","ast-site-content-layout":"","site-content-style":"","site-sidebar-style":"","ast-global-header-display":"","ast-banner-title-visibility":"","ast-main-header-display":"","ast-hfb-above-header-display":"","ast-hfb-below-header-display":"","ast-hfb-mobile-header-display":"","site-post-title":"","ast-breadcrumbs-content":"","ast-featured-img":"","footer-sml-layout":"","ast-disable-related-posts":"","theme-transparent-header-meta":"default","adv-header-id-meta":"","stick-header-meta":"","header-above-stick-meta":"","header-main-stick-meta":"","header-below-stick-meta":"","astra-migrate-meta-layouts":"","ast-page-background-enabled":"default","ast-page-background-meta":{"desktop":{"background-color":"var(--ast-global-color-4)","background-image":"","background-repeat":"repeat","background-position":"center center","background-size":"auto","background-attachment":"scroll","background-type":"","background-media":"","overlay-type":"","overlay-color":"","overlay-opacity":"","overlay-gradient":""},"tablet":{"background-color":"","background-image":"","background-repeat":"repeat","background-position":"center center","background-size":"auto","background-attachment":"scroll","background-type":"","background-media":"","overlay-type":"","overlay-color":"","overlay-opacity":"","overlay-gradient":""},"mobile":{"background-color":"","background-image":"","background-repeat":"repeat","background-position":"center center","background-size":"auto","background-attachment":"scroll","background-type":"","background-media":"","overlay-type":"","overlay-color":"","overlay-opacity":"","overlay-gradient":""}},"ast-content-background-meta":{"desktop":{"background-color":"var(--ast-global-color-5)","background-image":"","background-repeat":"repeat","background-position":"center center","background-size":"auto","background-attachment":"scroll","background-type":"","background-media":"","overlay-type":"","overlay-color":"","overlay-opacity":"","overlay-gradient":""},"tablet":{"background-color":"var(--ast-global-color-5)","background-image":"","background-repeat":"repeat","background-position":"center center","background-size":"auto","background-attachment":"scroll","background-type":"","background-media":"","overlay-type":"","overlay-color":"","overlay-opacity":"","overlay-gradient":""},"mobile":{"background-color":"var(--ast-global-color-5)","background-image":"","background-repeat":"repeat","background-position":"center center","background-size":"auto","background-attachment":"scroll","background-type":"","background-media":"","overlay-type":"","overlay-color":"","overlay-opacity":"","overlay-gradient":""}}},"product_brand":[],"product_cat":[23,19],"product_tag":[],"class_list":{"0":"post-1855","1":"product","2":"type-product","3":"status-publish","4":"has-post-thumbnail","6":"product_cat-banos-cocina","7":"product_cat-categorias","8":"desktop-align-left","9":"tablet-align-left","10":"mobile-align-left","11":"ast-product-gallery-layout-horizontal-slider","12":"ast-product-gallery-with-no-image","13":"ast-product-tabs-layout-horizontal","15":"first","16":"instock","17":"product-type-external"},"_links":{"self":[{"href":"https:\/\/revistaferreteros.com.ar\/en\/wp-json\/wp\/v2\/product\/1855","targetHints":{"allow":["GET"]}}],"collection":[{"href":"https:\/\/revistaferreteros.com.ar\/en\/wp-json\/wp\/v2\/product"}],"about":[{"href":"https:\/\/revistaferreteros.com.ar\/en\/wp-json\/wp\/v2\/types\/product"}],"replies":[{"embeddable":true,"href":"https:\/\/revistaferreteros.com.ar\/en\/wp-json\/wp\/v2\/comments?post=1855"}],"version-history":[{"count":2,"href":"https:\/\/revistaferreteros.com.ar\/en\/wp-json\/wp\/v2\/product\/1855\/revisions"}],"predecessor-version":[{"id":5780,"href":"https:\/\/revistaferreteros.com.ar\/en\/wp-json\/wp\/v2\/product\/1855\/revisions\/5780"}],"wp:featuredmedia":[{"embeddable":true,"href":"https:\/\/revistaferreteros.com.ar\/en\/wp-json\/wp\/v2\/media\/1832"}],"wp:attachment":[{"href":"https:\/\/revistaferreteros.com.ar\/en\/wp-json\/wp\/v2\/media?parent=1855"}],"wp:term":[{"taxonomy":"product_brand","embeddable":true,"href":"https:\/\/revistaferreteros.com.ar\/en\/wp-json\/wp\/v2\/product_brand?post=1855"},{"taxonomy":"product_cat","embeddable":true,"href":"https:\/\/revistaferreteros.com.ar\/en\/wp-json\/wp\/v2\/product_cat?post=1855"},{"taxonomy":"product_tag","embeddable":true,"href":"https:\/\/revistaferreteros.com.ar\/en\/wp-json\/wp\/v2\/product_tag?post=1855"}],"curies":[{"name":"wp","href":"https:\/\/api.w.org\/{rel}","templated":true}]}}