{"id":1789,"date":"2023-04-13T13:08:48","date_gmt":"2023-04-13T16:08:48","guid":{"rendered":"https:\/\/revistaferreteros.com.ar\/?post_type=product&#038;p=1789"},"modified":"2025-04-27T15:53:21","modified_gmt":"2025-04-27T18:53:21","slug":"at-andamio-tubular","status":"publish","type":"product","link":"https:\/\/revistaferreteros.com.ar\/en\/shop\/categorias\/construccion\/at-andamio-tubular\/","title":{"rendered":"DUROLL &#8211; AT ANDAMIO TUBULAR"},"content":{"rendered":"<p>ANDAMIO MODELO AMERICANO. Los elementos que componen este modelo de andamio son: estructura principal ca\u00f1o 50.80x2mm, reticulado de estructura 31.75\u00d71.6mm y las crucetas laterales son de 25.40x 1.6mm.<\/p>\n<p>Medidas de andamio 1300 x 2500 x 1800mm y 1300x 3000 x 1800mm.<\/p>\n<p>ANDAMIO MODELO EUROPEO. Sus componentes hacen de este modelo de andamio un producto ideal para trabajos seguros en grandes plataformas de trabajos en altura.<\/p>\n<p>Est\u00e1 fabricado con ca\u00f1o 48.30\u00d72.90mm<\/p>\n<p>Reticulados 31.75x2mm y 25.40x2mm<\/p>\n<p>Medidas de andamio 1300x2500x1800mm y 1300x3000x1800mm.<\/p>","protected":false},"excerpt":{"rendered":"<p>ANDAMIO MODELO AMERICANO. Los elementos que componen este modelo de andamio son: estructura principal ca\u00f1o 50.80x2mm, reticulado de estructura 31.75\u00d71.6mm y las crucetas laterales son de 25.40x 1.6mm. Medidas de andamio 1300 x 2500 x 1800mm y 1300x 3000 x 1800mm. ANDAMIO MODELO EUROPEO. Sus componentes hacen de este modelo de andamio un producto ideal [&hellip;]<\/p>","protected":false},"featured_media":1771,"comment_status":"closed","ping_status":"closed","template":"","meta":{"_eb_attr":"","_mi_skip_tracking":false,"_monsterinsights_sitenote_active":false,"_monsterinsights_sitenote_note":"","_monsterinsights_sitenote_category":0,"site-sidebar-layout":"default","site-content-layout":"default","ast-site-content-layout":"","site-content-style":"","site-sidebar-style":"","ast-global-header-display":"","ast-banner-title-visibility":"","ast-main-header-display":"","ast-hfb-above-header-display":"","ast-hfb-below-header-display":"","ast-hfb-mobile-header-display":"","site-post-title":"","ast-breadcrumbs-content":"","ast-featured-img":"","footer-sml-layout":"","ast-disable-related-posts":"","theme-transparent-header-meta":"default","adv-header-id-meta":"","stick-header-meta":"","header-above-stick-meta":"","header-main-stick-meta":"","header-below-stick-meta":"","astra-migrate-meta-layouts":"","ast-page-background-enabled":"default","ast-page-background-meta":{"desktop":{"background-color":"var(--ast-global-color-4)","background-image":"","background-repeat":"repeat","background-position":"center center","background-size":"auto","background-attachment":"scroll","background-type":"","background-media":"","overlay-type":"","overlay-color":"","overlay-opacity":"","overlay-gradient":""},"tablet":{"background-color":"","background-image":"","background-repeat":"repeat","background-position":"center center","background-size":"auto","background-attachment":"scroll","background-type":"","background-media":"","overlay-type":"","overlay-color":"","overlay-opacity":"","overlay-gradient":""},"mobile":{"background-color":"","background-image":"","background-repeat":"repeat","background-position":"center center","background-size":"auto","background-attachment":"scroll","background-type":"","background-media":"","overlay-type":"","overlay-color":"","overlay-opacity":"","overlay-gradient":""}},"ast-content-background-meta":{"desktop":{"background-color":"var(--ast-global-color-5)","background-image":"","background-repeat":"repeat","background-position":"center center","background-size":"auto","background-attachment":"scroll","background-type":"","background-media":"","overlay-type":"","overlay-color":"","overlay-opacity":"","overlay-gradient":""},"tablet":{"background-color":"var(--ast-global-color-5)","background-image":"","background-repeat":"repeat","background-position":"center center","background-size":"auto","background-attachment":"scroll","background-type":"","background-media":"","overlay-type":"","overlay-color":"","overlay-opacity":"","overlay-gradient":""},"mobile":{"background-color":"var(--ast-global-color-5)","background-image":"","background-repeat":"repeat","background-position":"center center","background-size":"auto","background-attachment":"scroll","background-type":"","background-media":"","overlay-type":"","overlay-color":"","overlay-opacity":"","overlay-gradient":""}}},"product_brand":[],"product_cat":[19,22],"product_tag":[],"class_list":{"0":"post-1789","1":"product","2":"type-product","3":"status-publish","4":"has-post-thumbnail","6":"product_cat-categorias","7":"product_cat-construccion","8":"desktop-align-left","9":"tablet-align-left","10":"mobile-align-left","11":"ast-product-gallery-layout-horizontal-slider","12":"ast-product-gallery-with-no-image","13":"ast-product-tabs-layout-horizontal","15":"first","16":"instock","17":"product-type-external"},"_links":{"self":[{"href":"https:\/\/revistaferreteros.com.ar\/en\/wp-json\/wp\/v2\/product\/1789","targetHints":{"allow":["GET"]}}],"collection":[{"href":"https:\/\/revistaferreteros.com.ar\/en\/wp-json\/wp\/v2\/product"}],"about":[{"href":"https:\/\/revistaferreteros.com.ar\/en\/wp-json\/wp\/v2\/types\/product"}],"replies":[{"embeddable":true,"href":"https:\/\/revistaferreteros.com.ar\/en\/wp-json\/wp\/v2\/comments?post=1789"}],"version-history":[{"count":1,"href":"https:\/\/revistaferreteros.com.ar\/en\/wp-json\/wp\/v2\/product\/1789\/revisions"}],"predecessor-version":[{"id":4481,"href":"https:\/\/revistaferreteros.com.ar\/en\/wp-json\/wp\/v2\/product\/1789\/revisions\/4481"}],"wp:featuredmedia":[{"embeddable":true,"href":"https:\/\/revistaferreteros.com.ar\/en\/wp-json\/wp\/v2\/media\/1771"}],"wp:attachment":[{"href":"https:\/\/revistaferreteros.com.ar\/en\/wp-json\/wp\/v2\/media?parent=1789"}],"wp:term":[{"taxonomy":"product_brand","embeddable":true,"href":"https:\/\/revistaferreteros.com.ar\/en\/wp-json\/wp\/v2\/product_brand?post=1789"},{"taxonomy":"product_cat","embeddable":true,"href":"https:\/\/revistaferreteros.com.ar\/en\/wp-json\/wp\/v2\/product_cat?post=1789"},{"taxonomy":"product_tag","embeddable":true,"href":"https:\/\/revistaferreteros.com.ar\/en\/wp-json\/wp\/v2\/product_tag?post=1789"}],"curies":[{"name":"wp","href":"https:\/\/api.w.org\/{rel}","templated":true}]}}