{"id":1755,"date":"2023-04-13T12:33:36","date_gmt":"2023-04-13T15:33:36","guid":{"rendered":"https:\/\/revistaferreteros.com.ar\/?post_type=product&#038;p=1755"},"modified":"2025-04-27T15:53:19","modified_gmt":"2025-04-27T18:53:19","slug":"arandela-grower","status":"publish","type":"product","link":"https:\/\/revistaferreteros.com.ar\/en\/shop\/categorias\/ferreteria\/arandela-grower\/","title":{"rendered":"BULONES KC &#8211; Arandela Grower"},"content":{"rendered":"<h1 class=\"product_title entry-title\"><span style=\"font-size: 16px;\">Terminaci\u00f3n: Pulido \/ Pasivado Azul<\/span><\/h1>\n<div class=\"woocommerce-product-details__short-description\">\n<p>Las arandelas grower tienen variedad de usos en montajes industriales.<\/p>\n<p>La h\u00e9lice absorbe el apriete hasta que se haga plana y asegura las uniones atornilladas con efectiva sujeci\u00f3n y una distribuci\u00f3n uniforme de carga.<\/p>\n<\/div>\n<p>&nbsp;<\/p>","protected":false},"excerpt":{"rendered":"<p>Arandela Grower<\/p>\n<p>\u00bfQuieres adquirir este producto?<\/p>\n<p>Sigue el link de la empresa:<\/p>\n<p><a title=\"https:\/\/www.buloneskc.com.ar\/\" href=\"https:\/\/www.buloneskc.com.ar\/\" target=\"_blank\" rel=\"noopener sponsored\" data-schema-attribute=\"about\">www.buloneskc.com.ar<\/a><\/p>","protected":false},"featured_media":1740,"comment_status":"closed","ping_status":"closed","template":"","meta":{"_eb_attr":"","_mi_skip_tracking":false,"_monsterinsights_sitenote_active":false,"_monsterinsights_sitenote_note":"","_monsterinsights_sitenote_category":0,"site-sidebar-layout":"default","site-content-layout":"default","ast-site-content-layout":"default","site-content-style":"default","site-sidebar-style":"default","ast-global-header-display":"","ast-banner-title-visibility":"","ast-main-header-display":"","ast-hfb-above-header-display":"","ast-hfb-below-header-display":"","ast-hfb-mobile-header-display":"","site-post-title":"","ast-breadcrumbs-content":"","ast-featured-img":"","footer-sml-layout":"","ast-disable-related-posts":"","theme-transparent-header-meta":"default","adv-header-id-meta":"","stick-header-meta":"","header-above-stick-meta":"","header-main-stick-meta":"","header-below-stick-meta":"","astra-migrate-meta-layouts":"set","ast-page-background-enabled":"default","ast-page-background-meta":{"desktop":{"background-color":"var(--ast-global-color-4)","background-image":"","background-repeat":"repeat","background-position":"center center","background-size":"auto","background-attachment":"scroll","background-type":"","background-media":"","overlay-type":"","overlay-color":"","overlay-opacity":"","overlay-gradient":""},"tablet":{"background-color":"","background-image":"","background-repeat":"repeat","background-position":"center center","background-size":"auto","background-attachment":"scroll","background-type":"","background-media":"","overlay-type":"","overlay-color":"","overlay-opacity":"","overlay-gradient":""},"mobile":{"background-color":"","background-image":"","background-repeat":"repeat","background-position":"center center","background-size":"auto","background-attachment":"scroll","background-type":"","background-media":"","overlay-type":"","overlay-color":"","overlay-opacity":"","overlay-gradient":""}},"ast-content-background-meta":{"desktop":{"background-color":"var(--ast-global-color-5)","background-image":"","background-repeat":"repeat","background-position":"center center","background-size":"auto","background-attachment":"scroll","background-type":"","background-media":"","overlay-type":"","overlay-color":"","overlay-opacity":"","overlay-gradient":""},"tablet":{"background-color":"var(--ast-global-color-5)","background-image":"","background-repeat":"repeat","background-position":"center center","background-size":"auto","background-attachment":"scroll","background-type":"","background-media":"","overlay-type":"","overlay-color":"","overlay-opacity":"","overlay-gradient":""},"mobile":{"background-color":"var(--ast-global-color-5)","background-image":"","background-repeat":"repeat","background-position":"center center","background-size":"auto","background-attachment":"scroll","background-type":"","background-media":"","overlay-type":"","overlay-color":"","overlay-opacity":"","overlay-gradient":""}}},"product_brand":[],"product_cat":[590,19,24],"product_tag":[593,592,591,198],"class_list":{"0":"post-1755","1":"product","2":"type-product","3":"status-publish","4":"has-post-thumbnail","6":"product_cat-bulones-kc","7":"product_cat-categorias","8":"product_cat-ferreteria","9":"product_tag-arandela","10":"product_tag-bulon","11":"product_tag-bulones-kc","12":"product_tag-ferreteria","13":"desktop-align-left","14":"tablet-align-left","15":"mobile-align-left","16":"ast-product-gallery-layout-horizontal-slider","17":"ast-product-gallery-with-no-image","18":"ast-product-tabs-layout-horizontal","20":"first","21":"instock","22":"product-type-external"},"_links":{"self":[{"href":"https:\/\/revistaferreteros.com.ar\/en\/wp-json\/wp\/v2\/product\/1755","targetHints":{"allow":["GET"]}}],"collection":[{"href":"https:\/\/revistaferreteros.com.ar\/en\/wp-json\/wp\/v2\/product"}],"about":[{"href":"https:\/\/revistaferreteros.com.ar\/en\/wp-json\/wp\/v2\/types\/product"}],"replies":[{"embeddable":true,"href":"https:\/\/revistaferreteros.com.ar\/en\/wp-json\/wp\/v2\/comments?post=1755"}],"version-history":[{"count":4,"href":"https:\/\/revistaferreteros.com.ar\/en\/wp-json\/wp\/v2\/product\/1755\/revisions"}],"predecessor-version":[{"id":5532,"href":"https:\/\/revistaferreteros.com.ar\/en\/wp-json\/wp\/v2\/product\/1755\/revisions\/5532"}],"wp:featuredmedia":[{"embeddable":true,"href":"https:\/\/revistaferreteros.com.ar\/en\/wp-json\/wp\/v2\/media\/1740"}],"wp:attachment":[{"href":"https:\/\/revistaferreteros.com.ar\/en\/wp-json\/wp\/v2\/media?parent=1755"}],"wp:term":[{"taxonomy":"product_brand","embeddable":true,"href":"https:\/\/revistaferreteros.com.ar\/en\/wp-json\/wp\/v2\/product_brand?post=1755"},{"taxonomy":"product_cat","embeddable":true,"href":"https:\/\/revistaferreteros.com.ar\/en\/wp-json\/wp\/v2\/product_cat?post=1755"},{"taxonomy":"product_tag","embeddable":true,"href":"https:\/\/revistaferreteros.com.ar\/en\/wp-json\/wp\/v2\/product_tag?post=1755"}],"curies":[{"name":"wp","href":"https:\/\/api.w.org\/{rel}","templated":true}]}}