{"id":1317,"date":"2023-04-06T21:05:53","date_gmt":"2023-04-07T00:05:53","guid":{"rendered":"https:\/\/revistaferreteros.com.ar\/?post_type=product&#038;p=1317"},"modified":"2025-04-27T15:53:13","modified_gmt":"2025-04-27T18:53:13","slug":"apilador-electrico-proline-1tn-x-3mt-duroll","status":"publish","type":"product","link":"https:\/\/revistaferreteros.com.ar\/en\/shop\/bluetools\/apilador-electrico-proline-1tn-x-3mt-duroll\/","title":{"rendered":"BLUETOOLS &#8211; APILADOR EL\u00c9CTRICO PROLINE 1TN X 3MT DUROLL"},"content":{"rendered":"<p>El apilador el\u00e9ctrico Duroll superligero con un radio de giro peque\u00f1o se utiliza ampliamente en almacenes peque\u00f1os y supermercados. Adecuado para apilamiento de bajo nivel y corta distancia.<\/p>\n<p>CAPACIDAD:1000KGS<\/p>\n<p>ALTURA DE ELEVACI\u00d3N:3000MM<\/p>\n<p>TAMA\u00d1O HORQUILLA:570*1150MM \/695*1150MM<\/p>\n<p>CON BATER\u00cdA 24V\/105AH Y CARGADOR<\/p>","protected":false},"excerpt":{"rendered":"<p>BLUETOOLS &#8211; APILADOR EL\u00c9CTRICO PROLINE 1TN X 3MT DUROLL<\/p>\n<p><strong>\u00bfQuieres adquirir este producto?<\/strong><\/p>\n<p><strong>Sigue el link de la empresa:<\/strong><\/p>\n<h2><a title=\"https:\/\/bluetoolssrl.com.ar\/\" href=\"https:\/\/bluetoolssrl.com.ar\/\" target=\"_blank\" rel=\"noopener sponsored\" data-schema-attribute=\"about\">bluetoolssrl.com.ar<\/a><\/h2>","protected":false},"featured_media":1305,"comment_status":"open","ping_status":"closed","template":"","meta":{"_eb_attr":"","_mi_skip_tracking":false,"_monsterinsights_sitenote_active":false,"_monsterinsights_sitenote_note":"","_monsterinsights_sitenote_category":0,"site-sidebar-layout":"default","site-content-layout":"default","ast-site-content-layout":"default","site-content-style":"default","site-sidebar-style":"default","ast-global-header-display":"","ast-banner-title-visibility":"","ast-main-header-display":"","ast-hfb-above-header-display":"","ast-hfb-below-header-display":"","ast-hfb-mobile-header-display":"","site-post-title":"","ast-breadcrumbs-content":"","ast-featured-img":"","footer-sml-layout":"","ast-disable-related-posts":"","theme-transparent-header-meta":"default","adv-header-id-meta":"","stick-header-meta":"","header-above-stick-meta":"","header-main-stick-meta":"","header-below-stick-meta":"","astra-migrate-meta-layouts":"set","ast-page-background-enabled":"default","ast-page-background-meta":{"desktop":{"background-color":"var(--ast-global-color-4)","background-image":"","background-repeat":"repeat","background-position":"center center","background-size":"auto","background-attachment":"scroll","background-type":"","background-media":"","overlay-type":"","overlay-color":"","overlay-opacity":"","overlay-gradient":""},"tablet":{"background-color":"","background-image":"","background-repeat":"repeat","background-position":"center center","background-size":"auto","background-attachment":"scroll","background-type":"","background-media":"","overlay-type":"","overlay-color":"","overlay-opacity":"","overlay-gradient":""},"mobile":{"background-color":"","background-image":"","background-repeat":"repeat","background-position":"center center","background-size":"auto","background-attachment":"scroll","background-type":"","background-media":"","overlay-type":"","overlay-color":"","overlay-opacity":"","overlay-gradient":""}},"ast-content-background-meta":{"desktop":{"background-color":"var(--ast-global-color-5)","background-image":"","background-repeat":"repeat","background-position":"center center","background-size":"auto","background-attachment":"scroll","background-type":"","background-media":"","overlay-type":"","overlay-color":"","overlay-opacity":"","overlay-gradient":""},"tablet":{"background-color":"var(--ast-global-color-5)","background-image":"","background-repeat":"repeat","background-position":"center center","background-size":"auto","background-attachment":"scroll","background-type":"","background-media":"","overlay-type":"","overlay-color":"","overlay-opacity":"","overlay-gradient":""},"mobile":{"background-color":"var(--ast-global-color-5)","background-image":"","background-repeat":"repeat","background-position":"center center","background-size":"auto","background-attachment":"scroll","background-type":"","background-media":"","overlay-type":"","overlay-color":"","overlay-opacity":"","overlay-gradient":""}}},"product_brand":[],"product_cat":[603,19,22,24,26],"product_tag":[601,198,602],"class_list":{"0":"post-1317","1":"product","2":"type-product","3":"status-publish","4":"has-post-thumbnail","6":"product_cat-bluetools","7":"product_cat-categorias","8":"product_cat-construccion","9":"product_cat-ferreteria","10":"product_cat-herramientas","11":"product_tag-bluetools","12":"product_tag-ferreteria","13":"product_tag-herramientas","14":"desktop-align-left","15":"tablet-align-left","16":"mobile-align-left","17":"ast-product-gallery-layout-horizontal-slider","18":"ast-product-gallery-with-no-image","19":"ast-product-tabs-layout-horizontal","21":"first","22":"instock","23":"sale","24":"product-type-external"},"_links":{"self":[{"href":"https:\/\/revistaferreteros.com.ar\/en\/wp-json\/wp\/v2\/product\/1317","targetHints":{"allow":["GET"]}}],"collection":[{"href":"https:\/\/revistaferreteros.com.ar\/en\/wp-json\/wp\/v2\/product"}],"about":[{"href":"https:\/\/revistaferreteros.com.ar\/en\/wp-json\/wp\/v2\/types\/product"}],"replies":[{"embeddable":true,"href":"https:\/\/revistaferreteros.com.ar\/en\/wp-json\/wp\/v2\/comments?post=1317"}],"version-history":[{"count":4,"href":"https:\/\/revistaferreteros.com.ar\/en\/wp-json\/wp\/v2\/product\/1317\/revisions"}],"predecessor-version":[{"id":5636,"href":"https:\/\/revistaferreteros.com.ar\/en\/wp-json\/wp\/v2\/product\/1317\/revisions\/5636"}],"wp:featuredmedia":[{"embeddable":true,"href":"https:\/\/revistaferreteros.com.ar\/en\/wp-json\/wp\/v2\/media\/1305"}],"wp:attachment":[{"href":"https:\/\/revistaferreteros.com.ar\/en\/wp-json\/wp\/v2\/media?parent=1317"}],"wp:term":[{"taxonomy":"product_brand","embeddable":true,"href":"https:\/\/revistaferreteros.com.ar\/en\/wp-json\/wp\/v2\/product_brand?post=1317"},{"taxonomy":"product_cat","embeddable":true,"href":"https:\/\/revistaferreteros.com.ar\/en\/wp-json\/wp\/v2\/product_cat?post=1317"},{"taxonomy":"product_tag","embeddable":true,"href":"https:\/\/revistaferreteros.com.ar\/en\/wp-json\/wp\/v2\/product_tag?post=1317"}],"curies":[{"name":"wp","href":"https:\/\/api.w.org\/{rel}","templated":true}]}}