{"id":753,"date":"2023-02-08T00:52:35","date_gmt":"2023-02-08T00:52:35","guid":{"rendered":"https:\/\/revistaferreteros.com.ar\/?page_id=753"},"modified":"2023-02-08T00:52:35","modified_gmt":"2023-02-08T00:52:35","slug":"santiago-del-estero","status":"publish","type":"page","link":"https:\/\/revistaferreteros.com.ar\/en\/santiago-del-estero\/","title":{"rendered":"Santiago Del Estero"},"content":{"rendered":"<div id=\"dokan-store-listing-filter-wrap\">\n        <div class=\"left\">\n        <p class=\"item store-count\">\n            Total store showing: 1        <\/p>\n    <\/div>\n\n        <div class=\"right\">\n        <div class=\"item\">\n            <div class=\"dokan-icons\">\n                <div class=\"dokan-icon-div\"><\/div>\n                <div class=\"dokan-icon-div\"><\/div>\n                <div class=\"dokan-icon-div\"><\/div>\n            <\/div>\n\n            <button class=\"dokan-store-list-filter-button dokan-btn dokan-btn-theme\">\n                Filter            <\/button>\n        <\/div>\n\n        <form name=\"stores_sorting\" class=\"sort-by item\" method=\"get\" action=\"\">\n            <label>Sort by:<\/label>\n\n            <select name=\"stores_orderby\" id=\"stores_orderby\" aria-label=\"Sort by\">\n                                    <option value=\"most_recent\"  >Most Recent<\/option>\n                                    <option value=\"total_orders\"  selected='selected' >Most Popular<\/option>\n                                    <option value=\"random\"  >Random<\/option>\n                                    <option value=\"top_rated\"  >Top Rated<\/option>\n                                    <option value=\"most_reviewed\"  >Most Reviewed<\/option>\n                            <\/select>\n        <input type=\"hidden\" name=\"trp-form-language\" value=\"en\"\/><\/form>\n\n        <div class=\"toggle-view item\">\n            <span class=\"dashicons dashicons-screenoptions\" data-view=\"grid-view\"><\/span>\n            <span class=\"dashicons dashicons-menu-alt\" data-view=\"list-view\"><\/span>\n        <\/div>\n    <\/div>\n<\/div>\n\n\n<form role=\"store-list-filter\" method=\"get\" name=\"dokan_store_lists_filter_form\" id=\"dokan-store-listing-filter-form-wrap\" style=\"display: none\" action=\"\">\n\n            <div class=\"store-search grid-item\">\n            <input type=\"search\" class=\"store-search-input\" name=\"dokan_seller_search\" placeholder=\"Search Vendors\">\n        <\/div>\n        \n<div class=\"store-lists-other-filter-wrap\">\n    \n            <div class=\"store-lists-category item\">\n            <div class=\"category-input\">\n                <span class=\"category-label\">\n                    Category:                <\/span>\n                <span class=\"category-items\">\n                    All Categories                <\/span>\n\n                <span class=\"dokan-icon dashicons dashicons-arrow-down-alt2\"><\/span>\n            <\/div>\n\n            <div class=\"category-box store_category\" style=\"display: none\">\n                <ul>\n                                            <li data-slug=\"buenos-aires\">\n                            Buenos Aires                        <\/li>\n                                            <li data-slug=\"caba\">\n                            CABA                        <\/li>\n                                            <li data-slug=\"catamarca\">\n                            Catamarca                        <\/li>\n                                            <li data-slug=\"chaco\">\n                            Chaco                        <\/li>\n                                            <li data-slug=\"chubut\">\n                            Chubut                        <\/li>\n                                            <li data-slug=\"cordoba\">\n                            Cordoba                        <\/li>\n                                            <li data-slug=\"corrientes\">\n                            Corrientes                        <\/li>\n                                            <li data-slug=\"entre-rios\">\n                            Entre Rios                        <\/li>\n                                            <li data-slug=\"formosa\">\n                            Formosa                        <\/li>\n                                            <li data-slug=\"jujuy\">\n                            Jujuy                        <\/li>\n                                            <li data-slug=\"la-pampa\">\n                            La Pampa                        <\/li>\n                                            <li data-slug=\"la-rioja\">\n                            La Rioja                        <\/li>\n                                            <li data-slug=\"mendoza\">\n                            Mendoza                        <\/li>\n                                            <li data-slug=\"misiones\">\n                            Misiones                        <\/li>\n                                            <li data-slug=\"neuquen\">\n                            Neuquen                        <\/li>\n                                            <li data-slug=\"rio-negro\">\n                            Rio Negro                        <\/li>\n                                            <li data-slug=\"salta\">\n                            Salta                        <\/li>\n                                            <li data-slug=\"san-juan\">\n                            San Juan                        <\/li>\n                                            <li data-slug=\"san-luis\">\n                            San Luis                        <\/li>\n                                            <li data-slug=\"santa-cruz\">\n                            Santa Cruz                        <\/li>\n                                            <li data-slug=\"santa-fe\">\n                            Santa Fe                        <\/li>\n                                            <li data-slug=\"santiago-del-estero\">\n                            Santiago Del Estero                        <\/li>\n                                            <li data-slug=\"tierra-del-fuego\">\n                            Tierra Del Fuego                        <\/li>\n                                            <li data-slug=\"tucuman\">\n                            Tucum\u00e1n                        <\/li>\n                                            <li data-slug=\"uncategorized\">\n                            Uncategorized                        <\/li>\n                                    <\/ul>\n            <\/div>\n        <\/div>\n    \n    \n<div class=\"featured item\">\n    <label for=\"featured\">\n        Featured:\n    <\/label>\n    <input type=\"checkbox\" class=\"dokan-toogle-checkbox\" id=\"featured\" name=\"featured\">\n<\/div>\n<div class=\"open-now item\">\n    <label for=\"open-now\">\n        Open Now:\n    <\/label>\n    <input type=\"checkbox\" class=\"dokan-toogle-checkbox\" id=\"open-now\" name=\"open_now\">\n<\/div><div class=\"store-ratings item\">\n    <label>\n        Rating:    <\/label>\n\n    <p class=\"dokan-stars\">\n        <i class=\"star-1 dashicons dashicons-star-empty\" data-rating=\"1\"><\/i><i class=\"star-2 dashicons dashicons-star-empty\" data-rating=\"2\"><\/i><i class=\"star-3 dashicons dashicons-star-empty\" data-rating=\"3\"><\/i><i class=\"star-4 dashicons dashicons-star-empty\" data-rating=\"4\"><\/i><i class=\"star-5 dashicons dashicons-star-empty\" data-rating=\"5\"><\/i>\n        <span class=\"up\">& Up<\/span>\n    <\/p>\n<\/div><\/div>\n    <div class=\"apply-filter\">\n        <button id=\"cancel-filter-btn\" class=\"dokan-btn dokan-btn-theme\">Cancel<\/button>\n        <button id=\"apply-filter-btn\" class=\"dokan-btn dokan-btn-theme\" type=\"submit\">Apply<\/button>\n    <\/div>\n\n        <input type=\"hidden\" id=\"_store_filter_nonce\" name=\"_store_filter_nonce\" value=\"0d71b446a0\" \/><input type=\"hidden\" name=\"trp-form-language\" value=\"en\"\/><\/form>\n<div id=\"dokan-seller-listing-wrap\" class=\"grid-view\">\n    <div class=\"seller-listing-content\">\n                    <ul class=\"dokan-seller-wrap\">\n                \n                    <li class=\"dokan-single-seller woocommerce coloum-3\">\n                        <div class=\"store-wrapper\">\n                            <div class=\"store-header\">\n                                <div class=\"store-banner\">\n                                    <a href=\"https:\/\/revistaferreteros.com.ar\/en\/empresas\/la-esquina-buloneria-y-ferreteria\/\">\n                                        <img decoding=\"async\" src=\"https:\/\/revistaferreteros.com.ar\/wp-content\/uploads\/2025\/09\/BANNER-CATALOGO.png\" alt=\"\" title=\"\">\n                                    <\/a>\n                                <\/div>\n                            <\/div>\n\n                            <div class=\"store-content\">\n                                <div class=\"store-data-container\">\n                                    <div class=\"featured-favourite\">\n                                        \n                                                                            <\/div>\n                                    \n                                    <div class=\"store-data\">\n                                        <h2><a href=\"https:\/\/revistaferreteros.com.ar\/en\/empresas\/la-esquina-buloneria-y-ferreteria\/\">LA ESQUINA BULONERIA Y FERRETERIA<\/a> <\/h2>\n\n                                        \n                                                                                                                                <p class=\"store-address\"><span class='street_1'> La Esquina Buloner\u00eda y Ferreteer\u00eda - Direcci\u00f3n: Raul Sabagh 540 (cp. 4230) Frias, Santiago del Estero - Tel: 03854-15-482744 - Mail: laesquinabulyfer@gmail.com,<\/span><br><span class='city'> Frias,<\/span><br><span class='state'> Santiago del Estero,<\/span><span class='country'> Argentina <\/span><\/p>\n                                        \n                                                                                    <p class=\"store-phone\">\n                                                <i class=\"fas fa-phone-alt\" aria-hidden=\"true\"><\/i> 03854-15-482744                                            <\/p>\n                                        \n                                                                            <\/div>\n                                <\/div>\n                            <\/div>\n\n                            <div class=\"store-footer\">\n                                <div class=\"seller-avatar\">\n                                    <a href=\"https:\/\/revistaferreteros.com.ar\/en\/empresas\/la-esquina-buloneria-y-ferreteria\/\">\n                                        <img decoding=\"async\" src=\"https:\/\/revistaferreteros.com.ar\/wp-content\/uploads\/2025\/09\/cropped-BANNER-CATALOGO.jpg\" alt=\"LA ESQUINA BULONERIA Y FERRETERIA\" size=\"150\" title=\"\">\n                                    <\/a>\n                                <\/div>\n                                <a href=\"https:\/\/revistaferreteros.com.ar\/en\/empresas\/la-esquina-buloneria-y-ferreteria\/\" title=\"Visit Store\">\n                                    <span class=\"dashicons dashicons-arrow-right-alt2 dokan-btn-theme dokan-btn-round\"><\/span>\n                                <\/a>\n                                <button\n    type=\"button\"\n    class=\"dokan-btn dokan-btn-theme dokan-follow-store-button\"\n    data-vendor-id=\"393\"\n    data-status=\"\"\n    data-is-logged-in=\"0\"\n>\n    <span class=\"dokan-follow-store-button-label-current\">Follow<\/span>\n    <span class=\"dokan-follow-store-button-label-unfollow\">Unfollow<\/span>\n<\/button>\n                            <\/div>\n                        <\/div>\n                    <\/li>\n\n                                <div class=\"dokan-clearfix\"><\/div>\n            <\/ul> <!-- .dokan-seller-wrap -->\n\n            \n            <\/div>\n<\/div>","protected":false},"excerpt":{"rendered":"","protected":false},"author":1,"featured_media":0,"parent":0,"menu_order":0,"comment_status":"closed","ping_status":"closed","template":"","meta":{"_eb_attr":"","_mi_skip_tracking":false,"_monsterinsights_sitenote_active":false,"_monsterinsights_sitenote_note":"","_monsterinsights_sitenote_category":0,"site-sidebar-layout":"default","site-content-layout":"","ast-site-content-layout":"default","site-content-style":"default","site-sidebar-style":"default","ast-global-header-display":"","ast-banner-title-visibility":"","ast-main-header-display":"","ast-hfb-above-header-display":"","ast-hfb-below-header-display":"","ast-hfb-mobile-header-display":"","site-post-title":"","ast-breadcrumbs-content":"","ast-featured-img":"","footer-sml-layout":"","ast-disable-related-posts":"","theme-transparent-header-meta":"","adv-header-id-meta":"","stick-header-meta":"","header-above-stick-meta":"","header-main-stick-meta":"","header-below-stick-meta":"","astra-migrate-meta-layouts":"default","ast-page-background-enabled":"default","ast-page-background-meta":{"desktop":{"background-color":"var(--ast-global-color-4)","background-image":"","background-repeat":"repeat","background-position":"center center","background-size":"auto","background-attachment":"scroll","background-type":"","background-media":"","overlay-type":"","overlay-color":"","overlay-opacity":"","overlay-gradient":""},"tablet":{"background-color":"","background-image":"","background-repeat":"repeat","background-position":"center center","background-size":"auto","background-attachment":"scroll","background-type":"","background-media":"","overlay-type":"","overlay-color":"","overlay-opacity":"","overlay-gradient":""},"mobile":{"background-color":"","background-image":"","background-repeat":"repeat","background-position":"center center","background-size":"auto","background-attachment":"scroll","background-type":"","background-media":"","overlay-type":"","overlay-color":"","overlay-opacity":"","overlay-gradient":""}},"ast-content-background-meta":{"desktop":{"background-color":"var(--ast-global-color-5)","background-image":"","background-repeat":"repeat","background-position":"center center","background-size":"auto","background-attachment":"scroll","background-type":"","background-media":"","overlay-type":"","overlay-color":"","overlay-opacity":"","overlay-gradient":""},"tablet":{"background-color":"var(--ast-global-color-5)","background-image":"","background-repeat":"repeat","background-position":"center center","background-size":"auto","background-attachment":"scroll","background-type":"","background-media":"","overlay-type":"","overlay-color":"","overlay-opacity":"","overlay-gradient":""},"mobile":{"background-color":"var(--ast-global-color-5)","background-image":"","background-repeat":"repeat","background-position":"center center","background-size":"auto","background-attachment":"scroll","background-type":"","background-media":"","overlay-type":"","overlay-color":"","overlay-opacity":"","overlay-gradient":""}},"footnotes":""},"class_list":["post-753","page","type-page","status-publish","hentry"],"_links":{"self":[{"href":"https:\/\/revistaferreteros.com.ar\/en\/wp-json\/wp\/v2\/pages\/753","targetHints":{"allow":["GET"]}}],"collection":[{"href":"https:\/\/revistaferreteros.com.ar\/en\/wp-json\/wp\/v2\/pages"}],"about":[{"href":"https:\/\/revistaferreteros.com.ar\/en\/wp-json\/wp\/v2\/types\/page"}],"author":[{"embeddable":true,"href":"https:\/\/revistaferreteros.com.ar\/en\/wp-json\/wp\/v2\/users\/1"}],"replies":[{"embeddable":true,"href":"https:\/\/revistaferreteros.com.ar\/en\/wp-json\/wp\/v2\/comments?post=753"}],"version-history":[{"count":1,"href":"https:\/\/revistaferreteros.com.ar\/en\/wp-json\/wp\/v2\/pages\/753\/revisions"}],"predecessor-version":[{"id":754,"href":"https:\/\/revistaferreteros.com.ar\/en\/wp-json\/wp\/v2\/pages\/753\/revisions\/754"}],"wp:attachment":[{"href":"https:\/\/revistaferreteros.com.ar\/en\/wp-json\/wp\/v2\/media?parent=753"}],"curies":[{"name":"wp","href":"https:\/\/api.w.org\/{rel}","templated":true}]}}