{"id":5479,"date":"2024-01-31T18:12:16","date_gmt":"2024-01-31T21:12:16","guid":{"rendered":"https:\/\/revistaferreteros.com.ar\/?page_id=5479"},"modified":"2024-01-31T18:12:19","modified_gmt":"2024-01-31T21:12:19","slug":"politica-de-privacidad","status":"publish","type":"page","link":"https:\/\/revistaferreteros.com.ar\/en\/politica-de-privacidad\/","title":{"rendered":"Politica de Privacidad"},"content":{"rendered":"<p><\/p>\n\n\n\n<p>Esta Pol\u00edtica de Privacidad est\u00e1 destinada a informar al Usuario sobre el modo en la que se da tratamiento a su Informaci\u00f3n Personal.<\/p>\n\n\n\n<p>Revista Ferreteros (Domus Editora SRL) se reserva el derecho de efectuar modificaciones a las presentes pol\u00edticas a los efectos de dar mejor tratamiento a la Informaci\u00f3n Personal. Esta pol\u00edtica no se aplica a los sitios a los que el Usuario pudiera acceder por medio de links, o cualquier otro tipo de v\u00ednculo. En caso de acceder a un sitio de un tercero por medio de un link publicado en Revistaferreteros.com.ar el Usuario deber\u00e1 revisar detenidamente las pol\u00edticas de privacidad de dicho sitio.<\/p>\n\n\n\n<p><strong>INFORMACI\u00d3N PERSONAL<\/strong><\/p>\n\n\n\n<p>Revistaferreteros.com.ar recopila la informaci\u00f3n que el Usuario ingresa referida a su identidad a los efectos de operar en el mismo. Los datos que se requieren a los Usuarios, son a los efectos de constatar no s\u00f3lo la identidad, sino tambi\u00e9n de acceder a ciertas y determinadas funciones que hacen a la operatividad del sitio web. Todos los datos as\u00ed recabados, son estrictamente privados, y no estar\u00e1n disponibles de un modo p\u00fablico ni para conocimiento general. La Informaci\u00f3n Personal es recopilada y almacenada en los casos en que ha sido brindada por el Usuario, o bien si \u00e9sta se ha obtenido de fuentes de acceso p\u00fablico irrestricto. El usuario consiente que su Informaci\u00f3n Personal sea tratada de la manera en la que se explica en este documento.<\/p>\n\n\n\n<p><strong>USO DE LA INFORMACI\u00d3N PERSONAL<\/strong><\/p>\n\n\n\n<p>Revista Ferreteros no vende ni alquila a terceros Informaci\u00f3n Personal de sus Usuarios. La utilizaci\u00f3n de dicha Informaci\u00f3n Personal es a exclusivos fines propios, relacionados con el uso del Revistaferreteros.com.ar como ser el env\u00edo de avisos o promociones que se difundan a trav\u00e9s del mismo, o el env\u00edo de nuestros newsletters o bien para mantener informado y actualizado al Usuario sobre nuestras actividades, pero de ning\u00fan modo se revelar\u00e1 esa Informaci\u00f3n Personal a terceros.<\/p>\n\n\n\n<p><strong>POL\u00cdTICA DE SEGURIDAD<\/strong><\/p>\n\n\n\n<p>Proteger su privacidad es nuestro objetivo principal, por ello su Informaci\u00f3n Personal est\u00e1 protegida por una contrase\u00f1a. Hemos tomado todas las medidas a nuestro alcance tecnol\u00f3gico y econ\u00f3mico a fin de asegurar tanto su privacidad como la nuestra. Toda la informaci\u00f3n recabada se encuentra debidamente encriptada, salvo la que eventualmente nos hubiera enviado v\u00eda email, de modo de asegurar que las transacciones que se concierten tengan adecuado resguardo y privacidad.<\/p>\n\n\n\n<p><strong>R\u00c9GIMEN DE EXCEPCIONES A LA RESERVA DE LA INFORMACI\u00d3N PERSONAL.<\/strong><\/p>\n\n\n\n<p>La Informaci\u00f3n Personal y\/o cualquier otra informaci\u00f3n personal del Usuario a la que Revista Ferreteros hubiera accedido por cualquier medio, podr\u00e1 ser revelada a terceros, en cualquiera de los siguientes casos: (i) si hubiera sido requerida por autoridad judicial o autoridad administrativa competente; (ii) si hubiera necesidad de hacerlo en caso de existencia de un intento de ruptura de la seguridad del sitio web.<\/p>\n\n\n\n<p>No asumimos ninguna responsabilidad por la difusi\u00f3n de Informaci\u00f3n Personal que Ud. Efect\u00fae por cualquier medio distinto a los previstos como de operaci\u00f3n del sitio.<\/p>\n\n\n\n<p><strong>COOKIES<\/strong><\/p>\n\n\n\n<p>Mediante la tecnolog\u00eda Cookie o el rastreo IP, el sitio puede acceder a otra informaci\u00f3n acerca del Usuario. Dicha informaci\u00f3n registra datos tales como informaci\u00f3n sobre el navegador que utiliza, el tipo de computadora, sus sistemas operativos, sus proveedores del servicio de Internet, las p\u00e1ginas que usted visita y otra informaci\u00f3n similar. De esta manera podemos conocer cu\u00e1les son las \u00e1reas de nuestro Revistaferreteros.com.ar preferidas por nuestros Usuarios, qu\u00e9 \u00e1reas necesitan ser mejoradas y qu\u00e9 tecnolog\u00eda se est\u00e1 utilizando a fin de mejorar permanentemente los servicios brindados en nuestro sitio.<\/p>\n\n\n\n<p>Eventualmente, podremos revelar informaci\u00f3n de tipo estad\u00edstico sin identificaci\u00f3n del Usuario, pero en ning\u00fan caso damos a conocer a terceros su Informaci\u00f3n Personal.<\/p>\n\n\n\n<p>Su navegador, al igual que otros, puede estar programado para aceptar Cookies. En tal caso, si Ud. no desea brindar esa informaci\u00f3n adicional, puede programar su navegador para rechazar Cookies, o para que \u00e9ste le advierta que un sitio intenta enviarle Cookies.<\/p>\n\n\n\n<p><strong>CALIDAD DE LOS DATOS DE LOS USUARIOS. DERECHO DE ACCESO, RECTIFICACI\u00d3N, ACTUALIZACI\u00d3N Y SUPRESI\u00d3N<\/strong><\/p>\n\n\n\n<p>Los Usuarios registrados garantizan y responden de la exactitud, vigencia y autenticidad de los datos personales facilitados y se comprometen a mantenerlos debidamente actualizados. Podr\u00e1n los Usuarios cambiar su informaci\u00f3n de registro, directamente en el sitio web. Al registrarse en Revistaferreteros.com.ar y formar parte de la \u201cBase General de usuarios\u201d, los Usuarios aceptan que Revista Ferreteros se comunique con ellos por v\u00eda postal, telef\u00f3nica o electr\u00f3nica para enviar informaci\u00f3n que Revista Ferreteros considere a su exclusivo criterio que pueda ser de su inter\u00e9s, incluyendo publicidad e informaci\u00f3n sobre ofertas y promociones. En caso de que los Usuarios no deseen ser contactados con estos fines, podr\u00e1n manifestarlo fehacientemente a Revista Ferreteros &nbsp;quien proceder\u00e1 a interrumpir este tipo de comunicaciones en el menor tiempo que le sea posible.- El titular de los datos personales tiene la facultad de ejercer el derecho de acceso a los mismos en forma gratuita, a intervalos no inferiores a seis meses, salvo que se acredite un inter\u00e9s leg\u00edtimo al efecto conforme lo establecido en el art\u00edculo 14, inciso 3 de la ley N\u00ba 25.326. La Direcci\u00f3n Nacional de Protecci\u00f3n de Datos Personales, \u00f3rgano de control de la Ley N\u00ba 25.326, tiene la atribuci\u00f3n de atender las denuncias y reclamos que se interpongan con relaci\u00f3n al incumplimiento de las normas sobre protecci\u00f3n de datos personales.<\/p>","protected":false},"excerpt":{"rendered":"<p>Esta Pol\u00edtica de Privacidad est\u00e1 destinada a informar al Usuario sobre el modo en la que se da tratamiento a su Informaci\u00f3n Personal. Revista Ferreteros (Domus Editora SRL) se reserva el derecho de efectuar modificaciones a las presentes pol\u00edticas a los efectos de dar mejor tratamiento a la Informaci\u00f3n Personal. Esta pol\u00edtica no se aplica [&hellip;]<\/p>","protected":false},"author":1,"featured_media":0,"parent":0,"menu_order":0,"comment_status":"closed","ping_status":"closed","template":"","meta":{"_eb_attr":"","_mi_skip_tracking":false,"_monsterinsights_sitenote_active":false,"_monsterinsights_sitenote_note":"","_monsterinsights_sitenote_category":0,"site-sidebar-layout":"default","site-content-layout":"","ast-site-content-layout":"default","site-content-style":"default","site-sidebar-style":"default","ast-global-header-display":"","ast-banner-title-visibility":"","ast-main-header-display":"","ast-hfb-above-header-display":"","ast-hfb-below-header-display":"","ast-hfb-mobile-header-display":"","site-post-title":"","ast-breadcrumbs-content":"","ast-featured-img":"","footer-sml-layout":"","ast-disable-related-posts":"","theme-transparent-header-meta":"","adv-header-id-meta":"","stick-header-meta":"","header-above-stick-meta":"","header-main-stick-meta":"","header-below-stick-meta":"","astra-migrate-meta-layouts":"set","ast-page-background-enabled":"default","ast-page-background-meta":{"desktop":{"background-color":"var(--ast-global-color-4)","background-image":"","background-repeat":"repeat","background-position":"center center","background-size":"auto","background-attachment":"scroll","background-type":"","background-media":"","overlay-type":"","overlay-color":"","overlay-opacity":"","overlay-gradient":""},"tablet":{"background-color":"","background-image":"","background-repeat":"repeat","background-position":"center center","background-size":"auto","background-attachment":"scroll","background-type":"","background-media":"","overlay-type":"","overlay-color":"","overlay-opacity":"","overlay-gradient":""},"mobile":{"background-color":"","background-image":"","background-repeat":"repeat","background-position":"center center","background-size":"auto","background-attachment":"scroll","background-type":"","background-media":"","overlay-type":"","overlay-color":"","overlay-opacity":"","overlay-gradient":""}},"ast-content-background-meta":{"desktop":{"background-color":"var(--ast-global-color-5)","background-image":"","background-repeat":"repeat","background-position":"center center","background-size":"auto","background-attachment":"scroll","background-type":"","background-media":"","overlay-type":"","overlay-color":"","overlay-opacity":"","overlay-gradient":""},"tablet":{"background-color":"var(--ast-global-color-5)","background-image":"","background-repeat":"repeat","background-position":"center center","background-size":"auto","background-attachment":"scroll","background-type":"","background-media":"","overlay-type":"","overlay-color":"","overlay-opacity":"","overlay-gradient":""},"mobile":{"background-color":"var(--ast-global-color-5)","background-image":"","background-repeat":"repeat","background-position":"center center","background-size":"auto","background-attachment":"scroll","background-type":"","background-media":"","overlay-type":"","overlay-color":"","overlay-opacity":"","overlay-gradient":""}},"footnotes":""},"class_list":["post-5479","page","type-page","status-publish","hentry"],"_links":{"self":[{"href":"https:\/\/revistaferreteros.com.ar\/en\/wp-json\/wp\/v2\/pages\/5479","targetHints":{"allow":["GET"]}}],"collection":[{"href":"https:\/\/revistaferreteros.com.ar\/en\/wp-json\/wp\/v2\/pages"}],"about":[{"href":"https:\/\/revistaferreteros.com.ar\/en\/wp-json\/wp\/v2\/types\/page"}],"author":[{"embeddable":true,"href":"https:\/\/revistaferreteros.com.ar\/en\/wp-json\/wp\/v2\/users\/1"}],"replies":[{"embeddable":true,"href":"https:\/\/revistaferreteros.com.ar\/en\/wp-json\/wp\/v2\/comments?post=5479"}],"version-history":[{"count":1,"href":"https:\/\/revistaferreteros.com.ar\/en\/wp-json\/wp\/v2\/pages\/5479\/revisions"}],"predecessor-version":[{"id":5480,"href":"https:\/\/revistaferreteros.com.ar\/en\/wp-json\/wp\/v2\/pages\/5479\/revisions\/5480"}],"wp:attachment":[{"href":"https:\/\/revistaferreteros.com.ar\/en\/wp-json\/wp\/v2\/media?parent=5479"}],"curies":[{"name":"wp","href":"https:\/\/api.w.org\/{rel}","templated":true}]}}