{"id":4169,"date":"2023-11-10T17:31:21","date_gmt":"2023-11-10T20:31:21","guid":{"rendered":"https:\/\/revistaferreteros.com.ar\/?page_id=4169"},"modified":"2026-03-04T01:26:40","modified_gmt":"2026-03-04T04:26:40","slug":"revista-ferreteros-ultima-edicion","status":"publish","type":"page","link":"https:\/\/revistaferreteros.com.ar\/en\/revista-ferreteros-ultima-edicion\/","title":{"rendered":"Revista Ferreteros \u00daltima Edici\u00f3n"},"content":{"rendered":"<figure class=\"wp-block-image aligncenter size-full is-resized\"><img fetchpriority=\"high\" decoding=\"async\" width=\"1500\" height=\"500\" src=\"https:\/\/revistaferreteros.com.ar\/wp-content\/uploads\/2024\/10\/Revista-Ferreteros-Ultima-Edicion-webp.webp\" alt=\"\" class=\"wp-image-7712\" style=\"width:841px;height:auto\" title=\"\" srcset=\"https:\/\/revistaferreteros.com.ar\/wp-content\/uploads\/2024\/10\/Revista-Ferreteros-Ultima-Edicion-webp.webp 1500w, https:\/\/revistaferreteros.com.ar\/wp-content\/uploads\/2024\/10\/Revista-Ferreteros-Ultima-Edicion-webp-300x100.webp 300w, https:\/\/revistaferreteros.com.ar\/wp-content\/uploads\/2024\/10\/Revista-Ferreteros-Ultima-Edicion-webp-1024x341.webp 1024w, https:\/\/revistaferreteros.com.ar\/wp-content\/uploads\/2024\/10\/Revista-Ferreteros-Ultima-Edicion-webp-768x256.webp 768w, https:\/\/revistaferreteros.com.ar\/wp-content\/uploads\/2024\/10\/Revista-Ferreteros-Ultima-Edicion-webp-18x6.webp 18w, https:\/\/revistaferreteros.com.ar\/wp-content\/uploads\/2024\/10\/Revista-Ferreteros-Ultima-Edicion-webp-600x200.webp 600w\" sizes=\"(max-width: 1500px) 100vw, 1500px\" \/><figcaption class=\"wp-element-caption\">.<\/figcaption><\/figure>\n\n\n\n<h2 class=\"wp-block-heading has-text-align-center has-medium-font-size\" style=\"margin-top:var(--wp--preset--spacing--60);margin-bottom:var(--wp--preset--spacing--60)\">Edici\u00f3n #1096 de la Revista Ferreteros ya disponible en formato PDF para descargar.<\/h2>\n\n\n\n<p><\/p>\n\n\n<div class=\"_df_book df-container df-loading\" id=\"df_10354\"  data-title=\"revista-ferreteros-1099\" slug=\"revista-ferreteros-1099\" _slug=\"revista-ferreteros-1099\" wpoptions=\"true\" thumb=\"https:\/\/revistaferreteros.com.ar\/wp-content\/uploads\/2026\/03\/TAPA-1.jpeg\" thumbtype=\"bg\" ><\/div><script class=\"df-shortcode-script\" type=\"application\/javascript\">window.option_df_10354 = {\"outline\":[],\"forceFit\":\"true\",\"autoEnableOutline\":\"false\",\"autoEnableThumbnail\":\"false\",\"overwritePDFOutline\":\"false\",\"direction\":\"1\",\"pageSize\":\"0\",\"source\":\"https:\\\/\\\/revistaferreteros.com.ar\\\/wp-content\\\/uploads\\\/2026\\\/03\\\/F-1099-baja_compressed.pdf\",\"wpOptions\":\"true\"}; if(window.DFLIP && window.DFLIP.parseBooks){window.DFLIP.parseBooks();}<\/script>\n\n\n\n<p><\/p>\n\n\n\n<h2 class=\"wp-block-heading has-text-align-center\" style=\"margin-top:var(--wp--preset--spacing--30);margin-right:var(--wp--preset--spacing--40);margin-bottom:var(--wp--preset--spacing--30);margin-left:var(--wp--preset--spacing--40);padding-top:var(--wp--preset--spacing--40);padding-right:var(--wp--preset--spacing--40);padding-bottom:var(--wp--preset--spacing--40);padding-left:var(--wp--preset--spacing--40)\">No te olvides que podes ver y descargar todas las <a href=\"https:\/\/revistaferreteros.com.ar\/ediciones-anteriores\/\" data-type=\"link\" data-id=\"https:\/\/revistaferreteros.com.ar\/ediciones-anteriores\/\">Ediciones Anteriores<\/a><\/h2>\n\n\n\n<p class=\"has-medium-font-size\" style=\"margin-right:var(--wp--preset--spacing--40);margin-left:var(--wp--preset--spacing--40);padding-top:var(--wp--preset--spacing--20);padding-right:var(--wp--preset--spacing--50);padding-bottom:var(--wp--preset--spacing--20);padding-left:var(--wp--preset--spacing--50)\">Y no te vayas sin entrar a ver todas las <a href=\"https:\/\/revistaferreteros.com.ar\/novedades\/\" data-type=\"link\" data-id=\"https:\/\/revistaferreteros.com.ar\/novedades\/\">NOVEDADES<\/a> donde publicamos en forma diaria todo lo que necesitas saber de econom\u00eda, impuestos, negocios y finanzas como tambi\u00e9n todo lo \u00faltimo en herramientas y tecnolog\u00edas para que sigas haciendo crecer tu negocio. No importa si sos ferretero minorista, distribuidor mayorista, fabricante o hobbista. Revista Ferreteros y <a href=\"https:\/\/cafara.org.ar\/\" target=\"_blank\" rel=\"noopener\">CAFARA<\/a> est\u00e1n para informarte y ayudarte.<\/p>\n\n\n\n<p class=\"has-medium-font-size\" style=\"margin-right:var(--wp--preset--spacing--40);margin-left:var(--wp--preset--spacing--40);padding-top:var(--wp--preset--spacing--20);padding-right:var(--wp--preset--spacing--50);padding-bottom:var(--wp--preset--spacing--20);padding-left:var(--wp--preset--spacing--50)\">Si te gusta nuestro contenido, <a href=\"https:\/\/revistaferreteros.com.ar\/contacto\/\">SUSCRIBITE AL NEWSLETTER <\/a>y seguinos en I<a href=\"https:\/\/www.instagram.com\/revistaferreteros\/\" target=\"_blank\" rel=\"noopener\">NSTAGRAM<\/a> para no perderte nada.<\/p>\n\n\n\n<p><\/p>\n\n\n\n<p><\/p>","protected":false},"excerpt":{"rendered":"<p>Edici\u00f3n #1096 de la Revista Ferreteros ya disponible en formato PDF para descargar. No te olvides que podes ver y descargar todas las Ediciones Anteriores Y no te vayas sin entrar a ver todas las NOVEDADES donde publicamos en forma diaria todo lo que necesitas saber de econom\u00eda, impuestos, negocios y finanzas como tambi\u00e9n todo [&hellip;]<\/p>","protected":false},"author":1,"featured_media":7712,"parent":0,"menu_order":0,"comment_status":"closed","ping_status":"closed","template":"","meta":{"_eb_attr":"","_mi_skip_tracking":false,"_monsterinsights_sitenote_active":false,"_monsterinsights_sitenote_note":"","_monsterinsights_sitenote_category":0,"site-sidebar-layout":"default","site-content-layout":"","ast-site-content-layout":"default","site-content-style":"default","site-sidebar-style":"default","ast-global-header-display":"","ast-banner-title-visibility":"","ast-main-header-display":"","ast-hfb-above-header-display":"","ast-hfb-below-header-display":"","ast-hfb-mobile-header-display":"","site-post-title":"disabled","ast-breadcrumbs-content":"","ast-featured-img":"","footer-sml-layout":"","ast-disable-related-posts":"","theme-transparent-header-meta":"","adv-header-id-meta":"","stick-header-meta":"","header-above-stick-meta":"","header-main-stick-meta":"","header-below-stick-meta":"","astra-migrate-meta-layouts":"set","ast-page-background-enabled":"default","ast-page-background-meta":{"desktop":{"background-color":"var(--ast-global-color-4)","background-image":"","background-repeat":"repeat","background-position":"center center","background-size":"auto","background-attachment":"scroll","background-type":"","background-media":"","overlay-type":"","overlay-color":"","overlay-opacity":"","overlay-gradient":""},"tablet":{"background-color":"","background-image":"","background-repeat":"repeat","background-position":"center center","background-size":"auto","background-attachment":"scroll","background-type":"","background-media":"","overlay-type":"","overlay-color":"","overlay-opacity":"","overlay-gradient":""},"mobile":{"background-color":"","background-image":"","background-repeat":"repeat","background-position":"center center","background-size":"auto","background-attachment":"scroll","background-type":"","background-media":"","overlay-type":"","overlay-color":"","overlay-opacity":"","overlay-gradient":""}},"ast-content-background-meta":{"desktop":{"background-color":"var(--ast-global-color-5)","background-image":"","background-repeat":"repeat","background-position":"center center","background-size":"auto","background-attachment":"scroll","background-type":"","background-media":"","overlay-type":"","overlay-color":"","overlay-opacity":"","overlay-gradient":""},"tablet":{"background-color":"var(--ast-global-color-5)","background-image":"","background-repeat":"repeat","background-position":"center center","background-size":"auto","background-attachment":"scroll","background-type":"","background-media":"","overlay-type":"","overlay-color":"","overlay-opacity":"","overlay-gradient":""},"mobile":{"background-color":"var(--ast-global-color-5)","background-image":"","background-repeat":"repeat","background-position":"center center","background-size":"auto","background-attachment":"scroll","background-type":"","background-media":"","overlay-type":"","overlay-color":"","overlay-opacity":"","overlay-gradient":""}},"footnotes":""},"class_list":["post-4169","page","type-page","status-publish","has-post-thumbnail","hentry"],"_links":{"self":[{"href":"https:\/\/revistaferreteros.com.ar\/en\/wp-json\/wp\/v2\/pages\/4169","targetHints":{"allow":["GET"]}}],"collection":[{"href":"https:\/\/revistaferreteros.com.ar\/en\/wp-json\/wp\/v2\/pages"}],"about":[{"href":"https:\/\/revistaferreteros.com.ar\/en\/wp-json\/wp\/v2\/types\/page"}],"author":[{"embeddable":true,"href":"https:\/\/revistaferreteros.com.ar\/en\/wp-json\/wp\/v2\/users\/1"}],"replies":[{"embeddable":true,"href":"https:\/\/revistaferreteros.com.ar\/en\/wp-json\/wp\/v2\/comments?post=4169"}],"version-history":[{"count":36,"href":"https:\/\/revistaferreteros.com.ar\/en\/wp-json\/wp\/v2\/pages\/4169\/revisions"}],"predecessor-version":[{"id":10360,"href":"https:\/\/revistaferreteros.com.ar\/en\/wp-json\/wp\/v2\/pages\/4169\/revisions\/10360"}],"wp:featuredmedia":[{"embeddable":true,"href":"https:\/\/revistaferreteros.com.ar\/en\/wp-json\/wp\/v2\/media\/7712"}],"wp:attachment":[{"href":"https:\/\/revistaferreteros.com.ar\/en\/wp-json\/wp\/v2\/media?parent=4169"}],"curies":[{"name":"wp","href":"https:\/\/api.w.org\/{rel}","templated":true}]}}